{"id":6265,"date":"2021-10-22T21:39:51","date_gmt":"2021-10-22T21:39:51","guid":{"rendered":"http:\/\/omnitextgroup.com\/deportes\/"},"modified":"2021-10-22T21:39:51","modified_gmt":"2021-10-22T21:39:51","slug":"deportes","status":"publish","type":"page","link":"https:\/\/omnitextgroup.com\/es\/sectores-de-especializacion\/deportes\/","title":{"rendered":"Deportes"},"content":{"rendered":"\t\t<div data-elementor-type=\"wp-page\" data-elementor-id=\"6265\" class=\"elementor elementor-6265 elementor-1207\">\n\t\t\t\t\t\t<section class=\"ob-is-breaking-bad elementor-section elementor-top-section elementor-element elementor-element-48c0fe3a elementor-section-height-min-height elementor-section-content-middle elementor-section-boxed elementor-section-height-default elementor-section-items-middle\" data-id=\"48c0fe3a\" data-element_type=\"section\" data-e-type=\"section\" data-settings=\"{&quot;background_background&quot;:&quot;classic&quot;,&quot;_ob_bbad_use_it&quot;:&quot;yes&quot;,&quot;_ob_bbad_sssic_use&quot;:&quot;no&quot;,&quot;_ob_glider_is_slider&quot;:&quot;no&quot;}\">\n\t\t\t\t\t\t\t<div class=\"elementor-background-overlay\"><\/div>\n\t\t\t\t\t\t\t<div class=\"elementor-container elementor-column-gap-default\">\n\t\t\t\t\t<div class=\"elementor-column elementor-col-100 elementor-top-column elementor-element elementor-element-61661b75\" data-id=\"61661b75\" data-element_type=\"column\" data-e-type=\"column\" data-settings=\"{&quot;_ob_bbad_is_stalker&quot;:&quot;no&quot;,&quot;_ob_teleporter_use&quot;:false,&quot;_ob_column_hoveranimator&quot;:&quot;no&quot;,&quot;_ob_column_has_pseudo&quot;:&quot;no&quot;}\">\n\t\t\t<div class=\"elementor-widget-wrap elementor-element-populated\">\n\t\t\t\t\t\t<div class=\"elementor-element elementor-element-15aa601a elementor-align-center ob-has-background-overlay elementor-widget elementor-widget-breadcrumbs\" data-id=\"15aa601a\" data-element_type=\"widget\" data-e-type=\"widget\" data-settings=\"{&quot;_ob_perspektive_use&quot;:&quot;no&quot;,&quot;_ob_poopart_use&quot;:&quot;yes&quot;,&quot;_ob_shadough_use&quot;:&quot;no&quot;,&quot;_ob_allow_hoveranimator&quot;:&quot;no&quot;,&quot;_ob_widget_stalker_use&quot;:&quot;no&quot;}\" data-widget_type=\"breadcrumbs.default\">\n\t\t\t\t<div class=\"elementor-widget-container\">\n\t\t\t\t\t<nav id=\"breadcrumbs\"><span><span><a href=\"https:\/\/omnitextgroup.com\/es\/\">Home<\/a><\/span><\/span><\/nav>\t\t\t\t<\/div>\n\t\t\t\t<\/div>\n\t\t\t\t\t<\/div>\n\t\t<\/div>\n\t\t\t\t\t<\/div>\n\t\t<\/section>\n\t\t\t\t<section class=\"ob-is-breaking-bad elementor-section elementor-top-section elementor-element elementor-element-3b0e9d5e elementor-section-boxed elementor-section-height-default elementor-section-height-default\" data-id=\"3b0e9d5e\" data-element_type=\"section\" data-e-type=\"section\" data-settings=\"{&quot;background_background&quot;:&quot;classic&quot;,&quot;_ob_bbad_use_it&quot;:&quot;yes&quot;,&quot;_ob_bbad_sssic_use&quot;:&quot;no&quot;,&quot;_ob_glider_is_slider&quot;:&quot;no&quot;}\">\n\t\t\t\t\t\t<div class=\"elementor-container elementor-column-gap-default\">\n\t\t\t\t\t<div class=\"elementor-column elementor-col-100 elementor-top-column elementor-element elementor-element-331cabbd\" data-id=\"331cabbd\" data-element_type=\"column\" data-e-type=\"column\" data-settings=\"{&quot;_ob_bbad_is_stalker&quot;:&quot;no&quot;,&quot;_ob_teleporter_use&quot;:false,&quot;_ob_column_hoveranimator&quot;:&quot;no&quot;,&quot;_ob_column_has_pseudo&quot;:&quot;no&quot;}\">\n\t\t\t<div class=\"elementor-widget-wrap elementor-element-populated\">\n\t\t\t\t\t\t<div class=\"elementor-element elementor-element-6ed06860 ob-harakiri-inherit ob-has-background-overlay elementor-widget elementor-widget-heading\" data-id=\"6ed06860\" data-element_type=\"widget\" data-e-type=\"widget\" data-settings=\"{&quot;_ob_use_harakiri&quot;:&quot;yes&quot;,&quot;_ob_harakiri_writing_mode&quot;:&quot;inherit&quot;,&quot;_ob_harakiri_text_clip&quot;:&quot;none&quot;,&quot;_ob_perspektive_use&quot;:&quot;no&quot;,&quot;_ob_poopart_use&quot;:&quot;yes&quot;,&quot;_ob_shadough_use&quot;:&quot;no&quot;,&quot;_ob_allow_hoveranimator&quot;:&quot;no&quot;,&quot;_ob_widget_stalker_use&quot;:&quot;no&quot;}\" data-widget_type=\"heading.default\">\n\t\t\t\t<div class=\"elementor-widget-container\">\n\t\t\t\t\t<h3 class=\"elementor-heading-title elementor-size-default\">Deportes<\/h3>\t\t\t\t<\/div>\n\t\t\t\t<\/div>\n\t\t\t\t<div class=\"elementor-element elementor-element-41e07e93 elementor-widget-divider--view-line ob-has-background-overlay elementor-widget elementor-widget-divider\" data-id=\"41e07e93\" data-element_type=\"widget\" data-e-type=\"widget\" data-settings=\"{&quot;_ob_perspektive_use&quot;:&quot;no&quot;,&quot;_ob_poopart_use&quot;:&quot;yes&quot;,&quot;_ob_shadough_use&quot;:&quot;no&quot;,&quot;_ob_allow_hoveranimator&quot;:&quot;no&quot;,&quot;_ob_widget_stalker_use&quot;:&quot;no&quot;}\" data-widget_type=\"divider.default\">\n\t\t\t\t<div class=\"elementor-widget-container\">\n\t\t\t\t\t\t\t<div class=\"elementor-divider\">\n\t\t\t<span class=\"elementor-divider-separator\">\n\t\t\t\t\t\t<\/span>\n\t\t<\/div>\n\t\t\t\t\t\t<\/div>\n\t\t\t\t<\/div>\n\t\t\t\t<div class=\"elementor-element elementor-element-13fc2e70 ob-has-background-overlay elementor-widget elementor-widget-image\" data-id=\"13fc2e70\" data-element_type=\"widget\" data-e-type=\"widget\" data-settings=\"{&quot;_ob_photomorph_use&quot;:&quot;no&quot;,&quot;_ob_perspektive_use&quot;:&quot;no&quot;,&quot;_ob_poopart_use&quot;:&quot;yes&quot;,&quot;_ob_shadough_use&quot;:&quot;no&quot;,&quot;_ob_allow_hoveranimator&quot;:&quot;no&quot;,&quot;_ob_widget_stalker_use&quot;:&quot;no&quot;}\" data-widget_type=\"image.default\">\n\t\t\t\t<div class=\"elementor-widget-container\">\n\t\t\t\t\t\t\t\t\t\t\t\t\t\t\t<img fetchpriority=\"high\" decoding=\"async\" width=\"800\" height=\"797\" src=\"https:\/\/omnitextgroup.com\/wp-content\/uploads\/2021\/07\/sports-1.jpg\" class=\"attachment-large size-large wp-image-5657\" alt=\"\" srcset=\"https:\/\/omnitextgroup.com\/wp-content\/uploads\/2021\/07\/sports-1.jpg 940w, https:\/\/omnitextgroup.com\/wp-content\/uploads\/2021\/07\/sports-1-300x300.jpg 300w, https:\/\/omnitextgroup.com\/wp-content\/uploads\/2021\/07\/sports-1-150x150.jpg 150w, https:\/\/omnitextgroup.com\/wp-content\/uploads\/2021\/07\/sports-1-768x766.jpg 768w\" sizes=\"(max-width: 800px) 100vw, 800px\" \/>\t\t\t\t\t\t\t\t\t\t\t\t\t\t\t<\/div>\n\t\t\t\t<\/div>\n\t\t\t\t<div class=\"elementor-element elementor-element-4cb58bd ob-harakiri-inherit ob-has-background-overlay elementor-widget elementor-widget-text-editor\" data-id=\"4cb58bd\" data-element_type=\"widget\" data-e-type=\"widget\" data-settings=\"{&quot;_ob_use_harakiri&quot;:&quot;yes&quot;,&quot;_ob_harakiri_writing_mode&quot;:&quot;inherit&quot;,&quot;_ob_postman_use&quot;:&quot;no&quot;,&quot;_ob_perspektive_use&quot;:&quot;no&quot;,&quot;_ob_poopart_use&quot;:&quot;yes&quot;,&quot;_ob_shadough_use&quot;:&quot;no&quot;,&quot;_ob_allow_hoveranimator&quot;:&quot;no&quot;,&quot;_ob_widget_stalker_use&quot;:&quot;no&quot;}\" data-widget_type=\"text-editor.default\">\n\t\t\t\t<div class=\"elementor-widget-container\">\n\t\t\t\t\t\t\t\t\t<p>Es fant\u00e1stico ver a todo el mundo reunirse por amor al deporte, pero reunir a atletas en un evento sin el apoyo ling\u00fc\u00edstico adecuado, crear\u00e1 una pesadilla log\u00edstica. Ya sea baloncesto, b\u00e9isbol, hockey, f\u00fatbol o rugby, podemos correr como jugadores en su campo de especialidad, y lograr los goles que necesita al entregarle las mejores traducciones deportivas.<\/p>\n\t\t\t\t\t\t\t\t<\/div>\n\t\t\t\t<\/div>\n\t\t\t\t<div class=\"elementor-element elementor-element-7ca0f264 ob-harakiri-inherit ob-has-background-overlay elementor-widget elementor-widget-text-editor\" data-id=\"7ca0f264\" data-element_type=\"widget\" data-e-type=\"widget\" data-settings=\"{&quot;_ob_use_harakiri&quot;:&quot;yes&quot;,&quot;_ob_harakiri_writing_mode&quot;:&quot;inherit&quot;,&quot;_ob_postman_use&quot;:&quot;no&quot;,&quot;_ob_perspektive_use&quot;:&quot;no&quot;,&quot;_ob_poopart_use&quot;:&quot;yes&quot;,&quot;_ob_shadough_use&quot;:&quot;no&quot;,&quot;_ob_allow_hoveranimator&quot;:&quot;no&quot;,&quot;_ob_widget_stalker_use&quot;:&quot;no&quot;}\" data-widget_type=\"text-editor.default\">\n\t\t\t\t<div class=\"elementor-widget-container\">\n\t\t\t\t\t\t\t\t\t<div>OmniText Translations ayuda a los profesionales del marketing y las ventas de todas las \u00e1reas de la industria del deporte mediante la traducci\u00f3n de campa\u00f1as y otros materiales promocionales para atraer e informar a nuevos visitantes. Trabajamos exclusivamente con traductores que tienen un conocimiento de fondo demostrado en su deporte, y que conocen bien las reglas y la terminolog\u00eda \u201cinterna\u201d.<\/div>\n<div>Reciba traducciones completas de art\u00edculos y revistas deportivas, sitios web, comunicados de prensa, material de entrenamiento, reglas de competencia y mucho m\u00e1s.<\/div>\n\t\t\t\t\t\t\t\t<\/div>\n\t\t\t\t<\/div>\n\t\t\t\t\t<\/div>\n\t\t<\/div>\n\t\t\t\t\t<\/div>\n\t\t<\/section>\n\t\t\t\t<\/div>\n\t\t","protected":false},"excerpt":{"rendered":"<p>Deportes Es fant\u00e1stico ver a todo el mundo reunirse por amor al deporte, pero reunir a atletas en un evento sin el apoyo ling\u00fc\u00edstico adecuado, crear\u00e1 una pesadilla log\u00edstica. Ya sea baloncesto, b\u00e9isbol, hockey, f\u00fatbol o rugby, podemos correr como jugadores en su campo de especialidad, y lograr los goles que necesita al entregarle las [&hellip;]<\/p>\n","protected":false},"author":2,"featured_media":0,"parent":6314,"menu_order":0,"comment_status":"closed","ping_status":"closed","template":"","meta":{"footnotes":""},"class_list":["post-6265","page","type-page","status-publish","hentry"],"yoast_head":"<!-- This site is optimized with the Yoast SEO plugin v26.8 - https:\/\/yoast.com\/product\/yoast-seo-wordpress\/ -->\n<title>Deportes - OmniText Translations<\/title>\n<meta name=\"robots\" content=\"index, follow, max-snippet:-1, max-image-preview:large, max-video-preview:-1\" \/>\n<link rel=\"canonical\" href=\"https:\/\/omnitextgroup.com\/es\/sectores-de-especializacion\/deportes\/\" \/>\n<meta property=\"og:locale\" content=\"es_ES\" \/>\n<meta property=\"og:type\" content=\"article\" \/>\n<meta property=\"og:title\" content=\"Deportes - OmniText Translations\" \/>\n<meta property=\"og:description\" content=\"Deportes Es fant\u00e1stico ver a todo el mundo reunirse por amor al deporte, pero reunir a atletas en un evento sin el apoyo ling\u00fc\u00edstico adecuado, crear\u00e1 una pesadilla log\u00edstica. Ya sea baloncesto, b\u00e9isbol, hockey, f\u00fatbol o rugby, podemos correr como jugadores en su campo de especialidad, y lograr los goles que necesita al entregarle las [&hellip;]\" \/>\n<meta property=\"og:url\" content=\"https:\/\/omnitextgroup.com\/es\/sectores-de-especializacion\/deportes\/\" \/>\n<meta property=\"og:site_name\" content=\"OmniText Translations\" \/>\n<meta property=\"og:image\" content=\"http:\/\/omnitextgroup.com\/wp-content\/uploads\/2021\/07\/sports-1.jpg\" \/>\n<meta name=\"twitter:card\" content=\"summary_large_image\" \/>\n<meta name=\"twitter:label1\" content=\"Tiempo de lectura\" \/>\n\t<meta name=\"twitter:data1\" content=\"1 minuto\" \/>\n<script type=\"application\/ld+json\" class=\"yoast-schema-graph\">{\"@context\":\"https:\/\/schema.org\",\"@graph\":[{\"@type\":\"WebPage\",\"@id\":\"https:\/\/omnitextgroup.com\/es\/sectores-de-especializacion\/deportes\/\",\"url\":\"https:\/\/omnitextgroup.com\/es\/sectores-de-especializacion\/deportes\/\",\"name\":\"Deportes - OmniText Translations\",\"isPartOf\":{\"@id\":\"https:\/\/omnitextgroup.com\/es\/#website\"},\"primaryImageOfPage\":{\"@id\":\"https:\/\/omnitextgroup.com\/es\/sectores-de-especializacion\/deportes\/#primaryimage\"},\"image\":{\"@id\":\"https:\/\/omnitextgroup.com\/es\/sectores-de-especializacion\/deportes\/#primaryimage\"},\"thumbnailUrl\":\"http:\/\/omnitextgroup.com\/wp-content\/uploads\/2021\/07\/sports-1.jpg\",\"datePublished\":\"2021-10-22T21:39:51+00:00\",\"breadcrumb\":{\"@id\":\"https:\/\/omnitextgroup.com\/es\/sectores-de-especializacion\/deportes\/#breadcrumb\"},\"inLanguage\":\"es\",\"potentialAction\":[{\"@type\":\"ReadAction\",\"target\":[\"https:\/\/omnitextgroup.com\/es\/sectores-de-especializacion\/deportes\/\"]}]},{\"@type\":\"ImageObject\",\"inLanguage\":\"es\",\"@id\":\"https:\/\/omnitextgroup.com\/es\/sectores-de-especializacion\/deportes\/#primaryimage\",\"url\":\"http:\/\/omnitextgroup.com\/wp-content\/uploads\/2021\/07\/sports-1.jpg\",\"contentUrl\":\"http:\/\/omnitextgroup.com\/wp-content\/uploads\/2021\/07\/sports-1.jpg\"},{\"@type\":\"BreadcrumbList\",\"@id\":\"https:\/\/omnitextgroup.com\/es\/sectores-de-especializacion\/deportes\/#breadcrumb\",\"itemListElement\":[{\"@type\":\"ListItem\",\"position\":1,\"name\":\"Home\",\"item\":\"https:\/\/omnitextgroup.com\/es\/\"},{\"@type\":\"ListItem\",\"position\":2,\"name\":\"Sectores de especializaci\u00f3n\",\"item\":\"https:\/\/omnitextgroup.com\/es\/industries\/\"},{\"@type\":\"ListItem\",\"position\":3,\"name\":\"Deportes\"}]},{\"@type\":\"WebSite\",\"@id\":\"https:\/\/omnitextgroup.com\/es\/#website\",\"url\":\"https:\/\/omnitextgroup.com\/es\/\",\"name\":\"OmniText Translations\",\"description\":\"Go glocal!\",\"potentialAction\":[{\"@type\":\"SearchAction\",\"target\":{\"@type\":\"EntryPoint\",\"urlTemplate\":\"https:\/\/omnitextgroup.com\/es\/?s={search_term_string}\"},\"query-input\":{\"@type\":\"PropertyValueSpecification\",\"valueRequired\":true,\"valueName\":\"search_term_string\"}}],\"inLanguage\":\"es\"}]}<\/script>\n<!-- \/ Yoast SEO plugin. -->","yoast_head_json":{"title":"Deportes - OmniText Translations","robots":{"index":"index","follow":"follow","max-snippet":"max-snippet:-1","max-image-preview":"max-image-preview:large","max-video-preview":"max-video-preview:-1"},"canonical":"https:\/\/omnitextgroup.com\/es\/sectores-de-especializacion\/deportes\/","og_locale":"es_ES","og_type":"article","og_title":"Deportes - OmniText Translations","og_description":"Deportes Es fant\u00e1stico ver a todo el mundo reunirse por amor al deporte, pero reunir a atletas en un evento sin el apoyo ling\u00fc\u00edstico adecuado, crear\u00e1 una pesadilla log\u00edstica. Ya sea baloncesto, b\u00e9isbol, hockey, f\u00fatbol o rugby, podemos correr como jugadores en su campo de especialidad, y lograr los goles que necesita al entregarle las [&hellip;]","og_url":"https:\/\/omnitextgroup.com\/es\/sectores-de-especializacion\/deportes\/","og_site_name":"OmniText Translations","og_image":[{"url":"http:\/\/omnitextgroup.com\/wp-content\/uploads\/2021\/07\/sports-1.jpg","type":"","width":"","height":""}],"twitter_card":"summary_large_image","twitter_misc":{"Tiempo de lectura":"1 minuto"},"schema":{"@context":"https:\/\/schema.org","@graph":[{"@type":"WebPage","@id":"https:\/\/omnitextgroup.com\/es\/sectores-de-especializacion\/deportes\/","url":"https:\/\/omnitextgroup.com\/es\/sectores-de-especializacion\/deportes\/","name":"Deportes - OmniText Translations","isPartOf":{"@id":"https:\/\/omnitextgroup.com\/es\/#website"},"primaryImageOfPage":{"@id":"https:\/\/omnitextgroup.com\/es\/sectores-de-especializacion\/deportes\/#primaryimage"},"image":{"@id":"https:\/\/omnitextgroup.com\/es\/sectores-de-especializacion\/deportes\/#primaryimage"},"thumbnailUrl":"http:\/\/omnitextgroup.com\/wp-content\/uploads\/2021\/07\/sports-1.jpg","datePublished":"2021-10-22T21:39:51+00:00","breadcrumb":{"@id":"https:\/\/omnitextgroup.com\/es\/sectores-de-especializacion\/deportes\/#breadcrumb"},"inLanguage":"es","potentialAction":[{"@type":"ReadAction","target":["https:\/\/omnitextgroup.com\/es\/sectores-de-especializacion\/deportes\/"]}]},{"@type":"ImageObject","inLanguage":"es","@id":"https:\/\/omnitextgroup.com\/es\/sectores-de-especializacion\/deportes\/#primaryimage","url":"http:\/\/omnitextgroup.com\/wp-content\/uploads\/2021\/07\/sports-1.jpg","contentUrl":"http:\/\/omnitextgroup.com\/wp-content\/uploads\/2021\/07\/sports-1.jpg"},{"@type":"BreadcrumbList","@id":"https:\/\/omnitextgroup.com\/es\/sectores-de-especializacion\/deportes\/#breadcrumb","itemListElement":[{"@type":"ListItem","position":1,"name":"Home","item":"https:\/\/omnitextgroup.com\/es\/"},{"@type":"ListItem","position":2,"name":"Sectores de especializaci\u00f3n","item":"https:\/\/omnitextgroup.com\/es\/industries\/"},{"@type":"ListItem","position":3,"name":"Deportes"}]},{"@type":"WebSite","@id":"https:\/\/omnitextgroup.com\/es\/#website","url":"https:\/\/omnitextgroup.com\/es\/","name":"OmniText Translations","description":"Go glocal!","potentialAction":[{"@type":"SearchAction","target":{"@type":"EntryPoint","urlTemplate":"https:\/\/omnitextgroup.com\/es\/?s={search_term_string}"},"query-input":{"@type":"PropertyValueSpecification","valueRequired":true,"valueName":"search_term_string"}}],"inLanguage":"es"}]}},"_links":{"self":[{"href":"https:\/\/omnitextgroup.com\/es\/wp-json\/wp\/v2\/pages\/6265","targetHints":{"allow":["GET"]}}],"collection":[{"href":"https:\/\/omnitextgroup.com\/es\/wp-json\/wp\/v2\/pages"}],"about":[{"href":"https:\/\/omnitextgroup.com\/es\/wp-json\/wp\/v2\/types\/page"}],"author":[{"embeddable":true,"href":"https:\/\/omnitextgroup.com\/es\/wp-json\/wp\/v2\/users\/2"}],"replies":[{"embeddable":true,"href":"https:\/\/omnitextgroup.com\/es\/wp-json\/wp\/v2\/comments?post=6265"}],"version-history":[{"count":1,"href":"https:\/\/omnitextgroup.com\/es\/wp-json\/wp\/v2\/pages\/6265\/revisions"}],"predecessor-version":[{"id":6266,"href":"https:\/\/omnitextgroup.com\/es\/wp-json\/wp\/v2\/pages\/6265\/revisions\/6266"}],"up":[{"embeddable":true,"href":"https:\/\/omnitextgroup.com\/es\/wp-json\/wp\/v2\/pages\/6314"}],"wp:attachment":[{"href":"https:\/\/omnitextgroup.com\/es\/wp-json\/wp\/v2\/media?parent=6265"}],"curies":[{"name":"wp","href":"https:\/\/api.w.org\/{rel}","templated":true}]}}