{"id":6269,"date":"2021-10-22T21:42:54","date_gmt":"2021-10-22T21:42:54","guid":{"rendered":"http:\/\/omnitextgroup.com\/medicina-y-farmacia\/"},"modified":"2021-10-22T21:42:55","modified_gmt":"2021-10-22T21:42:55","slug":"medicina-y-farmacia","status":"publish","type":"page","link":"https:\/\/omnitextgroup.com\/es\/sectores-de-especializacion\/medicina-y-farmacia\/","title":{"rendered":"Medicina y farmacia"},"content":{"rendered":"\t\t<div data-elementor-type=\"wp-page\" data-elementor-id=\"6269\" class=\"elementor elementor-6269 elementor-1187\">\n\t\t\t\t\t\t<section class=\"ob-is-breaking-bad elementor-section elementor-top-section elementor-element elementor-element-68cd5635 elementor-section-height-min-height elementor-section-content-middle elementor-section-boxed elementor-section-height-default elementor-section-items-middle\" data-id=\"68cd5635\" data-element_type=\"section\" data-e-type=\"section\" data-settings=\"{&quot;background_background&quot;:&quot;classic&quot;,&quot;_ob_bbad_use_it&quot;:&quot;yes&quot;,&quot;_ob_bbad_sssic_use&quot;:&quot;no&quot;,&quot;_ob_glider_is_slider&quot;:&quot;no&quot;}\">\n\t\t\t\t\t\t\t<div class=\"elementor-background-overlay\"><\/div>\n\t\t\t\t\t\t\t<div class=\"elementor-container elementor-column-gap-default\">\n\t\t\t\t\t<div class=\"elementor-column elementor-col-100 elementor-top-column elementor-element elementor-element-9fec382\" data-id=\"9fec382\" data-element_type=\"column\" data-e-type=\"column\" data-settings=\"{&quot;_ob_bbad_is_stalker&quot;:&quot;no&quot;,&quot;_ob_teleporter_use&quot;:false,&quot;_ob_column_hoveranimator&quot;:&quot;no&quot;,&quot;_ob_column_has_pseudo&quot;:&quot;no&quot;}\">\n\t\t\t<div class=\"elementor-widget-wrap elementor-element-populated\">\n\t\t\t\t\t\t<div class=\"elementor-element elementor-element-3471b04a elementor-align-center ob-has-background-overlay elementor-widget elementor-widget-breadcrumbs\" data-id=\"3471b04a\" data-element_type=\"widget\" data-e-type=\"widget\" data-settings=\"{&quot;_ob_perspektive_use&quot;:&quot;no&quot;,&quot;_ob_poopart_use&quot;:&quot;yes&quot;,&quot;_ob_shadough_use&quot;:&quot;no&quot;,&quot;_ob_allow_hoveranimator&quot;:&quot;no&quot;,&quot;_ob_widget_stalker_use&quot;:&quot;no&quot;}\" data-widget_type=\"breadcrumbs.default\">\n\t\t\t\t<div class=\"elementor-widget-container\">\n\t\t\t\t\t<nav id=\"breadcrumbs\"><span><span><a href=\"https:\/\/omnitextgroup.com\/es\/\">Home<\/a><\/span><\/span><\/nav>\t\t\t\t<\/div>\n\t\t\t\t<\/div>\n\t\t\t\t\t<\/div>\n\t\t<\/div>\n\t\t\t\t\t<\/div>\n\t\t<\/section>\n\t\t\t\t<section class=\"ob-is-breaking-bad elementor-section elementor-top-section elementor-element elementor-element-3fedccc1 elementor-section-boxed elementor-section-height-default elementor-section-height-default\" data-id=\"3fedccc1\" data-element_type=\"section\" data-e-type=\"section\" data-settings=\"{&quot;background_background&quot;:&quot;classic&quot;,&quot;_ob_bbad_use_it&quot;:&quot;yes&quot;,&quot;_ob_bbad_sssic_use&quot;:&quot;no&quot;,&quot;_ob_glider_is_slider&quot;:&quot;no&quot;}\">\n\t\t\t\t\t\t<div class=\"elementor-container elementor-column-gap-default\">\n\t\t\t\t\t<div class=\"elementor-column elementor-col-100 elementor-top-column elementor-element elementor-element-12f3cb38\" data-id=\"12f3cb38\" data-element_type=\"column\" data-e-type=\"column\" data-settings=\"{&quot;_ob_bbad_is_stalker&quot;:&quot;no&quot;,&quot;_ob_teleporter_use&quot;:false,&quot;_ob_column_hoveranimator&quot;:&quot;no&quot;,&quot;_ob_column_has_pseudo&quot;:&quot;no&quot;}\">\n\t\t\t<div class=\"elementor-widget-wrap elementor-element-populated\">\n\t\t\t\t\t\t<div class=\"elementor-element elementor-element-1fca1a76 ob-harakiri-inherit ob-has-background-overlay elementor-widget elementor-widget-heading\" data-id=\"1fca1a76\" data-element_type=\"widget\" data-e-type=\"widget\" data-settings=\"{&quot;_ob_use_harakiri&quot;:&quot;yes&quot;,&quot;_ob_harakiri_writing_mode&quot;:&quot;inherit&quot;,&quot;_ob_harakiri_text_clip&quot;:&quot;none&quot;,&quot;_ob_perspektive_use&quot;:&quot;no&quot;,&quot;_ob_poopart_use&quot;:&quot;yes&quot;,&quot;_ob_shadough_use&quot;:&quot;no&quot;,&quot;_ob_allow_hoveranimator&quot;:&quot;no&quot;,&quot;_ob_widget_stalker_use&quot;:&quot;no&quot;}\" data-widget_type=\"heading.default\">\n\t\t\t\t<div class=\"elementor-widget-container\">\n\t\t\t\t\t<h3 class=\"elementor-heading-title elementor-size-default\">Medicina y farmacia<\/h3>\t\t\t\t<\/div>\n\t\t\t\t<\/div>\n\t\t\t\t<div class=\"elementor-element elementor-element-7b28244b elementor-widget-divider--view-line ob-has-background-overlay elementor-widget elementor-widget-divider\" data-id=\"7b28244b\" data-element_type=\"widget\" data-e-type=\"widget\" data-settings=\"{&quot;_ob_perspektive_use&quot;:&quot;no&quot;,&quot;_ob_poopart_use&quot;:&quot;yes&quot;,&quot;_ob_shadough_use&quot;:&quot;no&quot;,&quot;_ob_allow_hoveranimator&quot;:&quot;no&quot;,&quot;_ob_widget_stalker_use&quot;:&quot;no&quot;}\" data-widget_type=\"divider.default\">\n\t\t\t\t<div class=\"elementor-widget-container\">\n\t\t\t\t\t\t\t<div class=\"elementor-divider\">\n\t\t\t<span class=\"elementor-divider-separator\">\n\t\t\t\t\t\t<\/span>\n\t\t<\/div>\n\t\t\t\t\t\t<\/div>\n\t\t\t\t<\/div>\n\t\t\t\t<div class=\"elementor-element elementor-element-4eea70eb ob-has-background-overlay elementor-widget elementor-widget-image\" data-id=\"4eea70eb\" data-element_type=\"widget\" data-e-type=\"widget\" data-settings=\"{&quot;_ob_photomorph_use&quot;:&quot;no&quot;,&quot;_ob_perspektive_use&quot;:&quot;no&quot;,&quot;_ob_poopart_use&quot;:&quot;yes&quot;,&quot;_ob_shadough_use&quot;:&quot;no&quot;,&quot;_ob_allow_hoveranimator&quot;:&quot;no&quot;,&quot;_ob_widget_stalker_use&quot;:&quot;no&quot;}\" data-widget_type=\"image.default\">\n\t\t\t\t<div class=\"elementor-widget-container\">\n\t\t\t\t\t\t\t\t\t\t\t\t\t\t\t<img fetchpriority=\"high\" decoding=\"async\" width=\"800\" height=\"800\" src=\"https:\/\/omnitextgroup.com\/wp-content\/uploads\/2021\/07\/medicine-and-pharmaceutical-1024x1024.jpg\" class=\"attachment-large size-large wp-image-5586\" alt=\"\" srcset=\"https:\/\/omnitextgroup.com\/wp-content\/uploads\/2021\/07\/medicine-and-pharmaceutical-1024x1024.jpg 1024w, https:\/\/omnitextgroup.com\/wp-content\/uploads\/2021\/07\/medicine-and-pharmaceutical-300x300.jpg 300w, https:\/\/omnitextgroup.com\/wp-content\/uploads\/2021\/07\/medicine-and-pharmaceutical-150x150.jpg 150w, https:\/\/omnitextgroup.com\/wp-content\/uploads\/2021\/07\/medicine-and-pharmaceutical-768x768.jpg 768w, https:\/\/omnitextgroup.com\/wp-content\/uploads\/2021\/07\/medicine-and-pharmaceutical.jpg 1040w\" sizes=\"(max-width: 800px) 100vw, 800px\" \/>\t\t\t\t\t\t\t\t\t\t\t\t\t\t\t<\/div>\n\t\t\t\t<\/div>\n\t\t\t\t<div class=\"elementor-element elementor-element-394c04eb ob-harakiri-inherit ob-has-background-overlay elementor-widget elementor-widget-text-editor\" data-id=\"394c04eb\" data-element_type=\"widget\" data-e-type=\"widget\" data-settings=\"{&quot;_ob_use_harakiri&quot;:&quot;yes&quot;,&quot;_ob_harakiri_writing_mode&quot;:&quot;inherit&quot;,&quot;_ob_postman_use&quot;:&quot;no&quot;,&quot;_ob_perspektive_use&quot;:&quot;no&quot;,&quot;_ob_poopart_use&quot;:&quot;yes&quot;,&quot;_ob_shadough_use&quot;:&quot;no&quot;,&quot;_ob_allow_hoveranimator&quot;:&quot;no&quot;,&quot;_ob_widget_stalker_use&quot;:&quot;no&quot;}\" data-widget_type=\"text-editor.default\">\n\t\t\t\t<div class=\"elementor-widget-container\">\n\t\t\t\t\t\t\t\t\t<p>En las traducciones de la industria biom\u00e9dica, cada detalle cuenta, particularmente con productos farmac\u00e9uticos que tienen instrucciones e ingredientes que deben ser perfectos en todo momento.<\/p>\n\t\t\t\t\t\t\t\t<\/div>\n\t\t\t\t<\/div>\n\t\t\t\t<div class=\"elementor-element elementor-element-5fafb327 ob-harakiri-inherit ob-has-background-overlay elementor-widget elementor-widget-text-editor\" data-id=\"5fafb327\" data-element_type=\"widget\" data-e-type=\"widget\" data-settings=\"{&quot;_ob_use_harakiri&quot;:&quot;yes&quot;,&quot;_ob_harakiri_writing_mode&quot;:&quot;inherit&quot;,&quot;_ob_postman_use&quot;:&quot;no&quot;,&quot;_ob_perspektive_use&quot;:&quot;no&quot;,&quot;_ob_poopart_use&quot;:&quot;yes&quot;,&quot;_ob_shadough_use&quot;:&quot;no&quot;,&quot;_ob_allow_hoveranimator&quot;:&quot;no&quot;,&quot;_ob_widget_stalker_use&quot;:&quot;no&quot;}\" data-widget_type=\"text-editor.default\">\n\t\t\t\t<div class=\"elementor-widget-container\">\n\t\t\t\t\t\t\t\t\t<p>Por ello, es esencial que s\u00f3lo profesionales experimentados, plenamente acreditados y con conocimientos pr\u00e1cticos en el sector sanitario lleven a cabo la traducci\u00f3n de este tipo de contenidos. El equipo de ling\u00fcistas de OmniText Translations cuenta con una amplia gama de conocimientos cient\u00edficos para ofrecerle tranquilidad y resultados precisos que cumplan con todas las directrices del sector.<\/p>\n\t\t\t\t\t\t\t\t<\/div>\n\t\t\t\t<\/div>\n\t\t\t\t<div class=\"elementor-element elementor-element-2c322ff1 ob-harakiri-inherit ob-has-background-overlay elementor-widget elementor-widget-text-editor\" data-id=\"2c322ff1\" data-element_type=\"widget\" data-e-type=\"widget\" data-settings=\"{&quot;_ob_use_harakiri&quot;:&quot;yes&quot;,&quot;_ob_harakiri_writing_mode&quot;:&quot;inherit&quot;,&quot;_ob_postman_use&quot;:&quot;no&quot;,&quot;_ob_perspektive_use&quot;:&quot;no&quot;,&quot;_ob_poopart_use&quot;:&quot;yes&quot;,&quot;_ob_shadough_use&quot;:&quot;no&quot;,&quot;_ob_allow_hoveranimator&quot;:&quot;no&quot;,&quot;_ob_widget_stalker_use&quot;:&quot;no&quot;}\" data-widget_type=\"text-editor.default\">\n\t\t\t\t<div class=\"elementor-widget-container\">\n\t\t\t\t\t\t\t\t\t<p>Algunos de los materiales que traducimos incluyen pruebas de laboratorio, informes y estudios cl\u00ednicos, software m\u00e9dico, gu\u00edas de usuario de hardware, glosarios relacionados con la medicina, literatura y folletos corporativos, licencias y patentes de productos, marketing de productos, materiales de editoriales y de relaciones p\u00fablicas, documentos de registro, informes de expertos, folletos de informaci\u00f3n al paciente, manuales, formularios de informes de casos, insertos de instrucciones para el uso, documentaci\u00f3n para cursos de formaci\u00f3n, protocolos de ensayos cl\u00ednicos, formularios de consentimiento informado, traducciones de patentes y solicitudes de patentes, empaquetado o etiquetado, y folletos para investigadores.<\/p>\n\t\t\t\t\t\t\t\t<\/div>\n\t\t\t\t<\/div>\n\t\t\t\t\t<\/div>\n\t\t<\/div>\n\t\t\t\t\t<\/div>\n\t\t<\/section>\n\t\t\t\t<\/div>\n\t\t","protected":false},"excerpt":{"rendered":"<p>Medicina y farmacia En las traducciones de la industria biom\u00e9dica, cada detalle cuenta, particularmente con productos farmac\u00e9uticos que tienen instrucciones e ingredientes que deben ser perfectos en todo momento. Por ello, es esencial que s\u00f3lo profesionales experimentados, plenamente acreditados y con conocimientos pr\u00e1cticos en el sector sanitario lleven a cabo la traducci\u00f3n de este tipo [&hellip;]<\/p>\n","protected":false},"author":2,"featured_media":0,"parent":6314,"menu_order":0,"comment_status":"closed","ping_status":"closed","template":"","meta":{"footnotes":""},"class_list":["post-6269","page","type-page","status-publish","hentry"],"yoast_head":"<!-- This site is optimized with the Yoast SEO plugin v26.8 - https:\/\/yoast.com\/product\/yoast-seo-wordpress\/ -->\n<title>Medicina y farmacia - OmniText Translations<\/title>\n<meta name=\"robots\" content=\"index, follow, max-snippet:-1, max-image-preview:large, max-video-preview:-1\" \/>\n<link rel=\"canonical\" href=\"https:\/\/omnitextgroup.com\/es\/sectores-de-especializacion\/medicina-y-farmacia\/\" \/>\n<meta property=\"og:locale\" content=\"es_ES\" \/>\n<meta property=\"og:type\" content=\"article\" \/>\n<meta property=\"og:title\" content=\"Medicina y farmacia - OmniText Translations\" \/>\n<meta property=\"og:description\" content=\"Medicina y farmacia En las traducciones de la industria biom\u00e9dica, cada detalle cuenta, particularmente con productos farmac\u00e9uticos que tienen instrucciones e ingredientes que deben ser perfectos en todo momento. Por ello, es esencial que s\u00f3lo profesionales experimentados, plenamente acreditados y con conocimientos pr\u00e1cticos en el sector sanitario lleven a cabo la traducci\u00f3n de este tipo [&hellip;]\" \/>\n<meta property=\"og:url\" content=\"https:\/\/omnitextgroup.com\/es\/sectores-de-especializacion\/medicina-y-farmacia\/\" \/>\n<meta property=\"og:site_name\" content=\"OmniText Translations\" \/>\n<meta property=\"article:modified_time\" content=\"2021-10-22T21:42:55+00:00\" \/>\n<meta property=\"og:image\" content=\"http:\/\/omnitextgroup.com\/wp-content\/uploads\/2021\/07\/medicine-and-pharmaceutical-1024x1024.jpg\" \/>\n<meta name=\"twitter:card\" content=\"summary_large_image\" \/>\n<meta name=\"twitter:label1\" content=\"Tiempo de lectura\" \/>\n\t<meta name=\"twitter:data1\" content=\"1 minuto\" \/>\n<script type=\"application\/ld+json\" class=\"yoast-schema-graph\">{\"@context\":\"https:\/\/schema.org\",\"@graph\":[{\"@type\":\"WebPage\",\"@id\":\"https:\/\/omnitextgroup.com\/es\/sectores-de-especializacion\/medicina-y-farmacia\/\",\"url\":\"https:\/\/omnitextgroup.com\/es\/sectores-de-especializacion\/medicina-y-farmacia\/\",\"name\":\"Medicina y farmacia - OmniText Translations\",\"isPartOf\":{\"@id\":\"https:\/\/omnitextgroup.com\/es\/#website\"},\"primaryImageOfPage\":{\"@id\":\"https:\/\/omnitextgroup.com\/es\/sectores-de-especializacion\/medicina-y-farmacia\/#primaryimage\"},\"image\":{\"@id\":\"https:\/\/omnitextgroup.com\/es\/sectores-de-especializacion\/medicina-y-farmacia\/#primaryimage\"},\"thumbnailUrl\":\"http:\/\/omnitextgroup.com\/wp-content\/uploads\/2021\/07\/medicine-and-pharmaceutical-1024x1024.jpg\",\"datePublished\":\"2021-10-22T21:42:54+00:00\",\"dateModified\":\"2021-10-22T21:42:55+00:00\",\"breadcrumb\":{\"@id\":\"https:\/\/omnitextgroup.com\/es\/sectores-de-especializacion\/medicina-y-farmacia\/#breadcrumb\"},\"inLanguage\":\"es\",\"potentialAction\":[{\"@type\":\"ReadAction\",\"target\":[\"https:\/\/omnitextgroup.com\/es\/sectores-de-especializacion\/medicina-y-farmacia\/\"]}]},{\"@type\":\"ImageObject\",\"inLanguage\":\"es\",\"@id\":\"https:\/\/omnitextgroup.com\/es\/sectores-de-especializacion\/medicina-y-farmacia\/#primaryimage\",\"url\":\"http:\/\/omnitextgroup.com\/wp-content\/uploads\/2021\/07\/medicine-and-pharmaceutical-1024x1024.jpg\",\"contentUrl\":\"http:\/\/omnitextgroup.com\/wp-content\/uploads\/2021\/07\/medicine-and-pharmaceutical-1024x1024.jpg\"},{\"@type\":\"BreadcrumbList\",\"@id\":\"https:\/\/omnitextgroup.com\/es\/sectores-de-especializacion\/medicina-y-farmacia\/#breadcrumb\",\"itemListElement\":[{\"@type\":\"ListItem\",\"position\":1,\"name\":\"Home\",\"item\":\"https:\/\/omnitextgroup.com\/es\/\"},{\"@type\":\"ListItem\",\"position\":2,\"name\":\"Sectores de especializaci\u00f3n\",\"item\":\"https:\/\/omnitextgroup.com\/es\/industries\/\"},{\"@type\":\"ListItem\",\"position\":3,\"name\":\"Medicina y farmacia\"}]},{\"@type\":\"WebSite\",\"@id\":\"https:\/\/omnitextgroup.com\/es\/#website\",\"url\":\"https:\/\/omnitextgroup.com\/es\/\",\"name\":\"OmniText Translations\",\"description\":\"Go glocal!\",\"potentialAction\":[{\"@type\":\"SearchAction\",\"target\":{\"@type\":\"EntryPoint\",\"urlTemplate\":\"https:\/\/omnitextgroup.com\/es\/?s={search_term_string}\"},\"query-input\":{\"@type\":\"PropertyValueSpecification\",\"valueRequired\":true,\"valueName\":\"search_term_string\"}}],\"inLanguage\":\"es\"}]}<\/script>\n<!-- \/ Yoast SEO plugin. -->","yoast_head_json":{"title":"Medicina y farmacia - OmniText Translations","robots":{"index":"index","follow":"follow","max-snippet":"max-snippet:-1","max-image-preview":"max-image-preview:large","max-video-preview":"max-video-preview:-1"},"canonical":"https:\/\/omnitextgroup.com\/es\/sectores-de-especializacion\/medicina-y-farmacia\/","og_locale":"es_ES","og_type":"article","og_title":"Medicina y farmacia - OmniText Translations","og_description":"Medicina y farmacia En las traducciones de la industria biom\u00e9dica, cada detalle cuenta, particularmente con productos farmac\u00e9uticos que tienen instrucciones e ingredientes que deben ser perfectos en todo momento. Por ello, es esencial que s\u00f3lo profesionales experimentados, plenamente acreditados y con conocimientos pr\u00e1cticos en el sector sanitario lleven a cabo la traducci\u00f3n de este tipo [&hellip;]","og_url":"https:\/\/omnitextgroup.com\/es\/sectores-de-especializacion\/medicina-y-farmacia\/","og_site_name":"OmniText Translations","article_modified_time":"2021-10-22T21:42:55+00:00","og_image":[{"url":"http:\/\/omnitextgroup.com\/wp-content\/uploads\/2021\/07\/medicine-and-pharmaceutical-1024x1024.jpg","type":"","width":"","height":""}],"twitter_card":"summary_large_image","twitter_misc":{"Tiempo de lectura":"1 minuto"},"schema":{"@context":"https:\/\/schema.org","@graph":[{"@type":"WebPage","@id":"https:\/\/omnitextgroup.com\/es\/sectores-de-especializacion\/medicina-y-farmacia\/","url":"https:\/\/omnitextgroup.com\/es\/sectores-de-especializacion\/medicina-y-farmacia\/","name":"Medicina y farmacia - OmniText Translations","isPartOf":{"@id":"https:\/\/omnitextgroup.com\/es\/#website"},"primaryImageOfPage":{"@id":"https:\/\/omnitextgroup.com\/es\/sectores-de-especializacion\/medicina-y-farmacia\/#primaryimage"},"image":{"@id":"https:\/\/omnitextgroup.com\/es\/sectores-de-especializacion\/medicina-y-farmacia\/#primaryimage"},"thumbnailUrl":"http:\/\/omnitextgroup.com\/wp-content\/uploads\/2021\/07\/medicine-and-pharmaceutical-1024x1024.jpg","datePublished":"2021-10-22T21:42:54+00:00","dateModified":"2021-10-22T21:42:55+00:00","breadcrumb":{"@id":"https:\/\/omnitextgroup.com\/es\/sectores-de-especializacion\/medicina-y-farmacia\/#breadcrumb"},"inLanguage":"es","potentialAction":[{"@type":"ReadAction","target":["https:\/\/omnitextgroup.com\/es\/sectores-de-especializacion\/medicina-y-farmacia\/"]}]},{"@type":"ImageObject","inLanguage":"es","@id":"https:\/\/omnitextgroup.com\/es\/sectores-de-especializacion\/medicina-y-farmacia\/#primaryimage","url":"http:\/\/omnitextgroup.com\/wp-content\/uploads\/2021\/07\/medicine-and-pharmaceutical-1024x1024.jpg","contentUrl":"http:\/\/omnitextgroup.com\/wp-content\/uploads\/2021\/07\/medicine-and-pharmaceutical-1024x1024.jpg"},{"@type":"BreadcrumbList","@id":"https:\/\/omnitextgroup.com\/es\/sectores-de-especializacion\/medicina-y-farmacia\/#breadcrumb","itemListElement":[{"@type":"ListItem","position":1,"name":"Home","item":"https:\/\/omnitextgroup.com\/es\/"},{"@type":"ListItem","position":2,"name":"Sectores de especializaci\u00f3n","item":"https:\/\/omnitextgroup.com\/es\/industries\/"},{"@type":"ListItem","position":3,"name":"Medicina y farmacia"}]},{"@type":"WebSite","@id":"https:\/\/omnitextgroup.com\/es\/#website","url":"https:\/\/omnitextgroup.com\/es\/","name":"OmniText Translations","description":"Go glocal!","potentialAction":[{"@type":"SearchAction","target":{"@type":"EntryPoint","urlTemplate":"https:\/\/omnitextgroup.com\/es\/?s={search_term_string}"},"query-input":{"@type":"PropertyValueSpecification","valueRequired":true,"valueName":"search_term_string"}}],"inLanguage":"es"}]}},"_links":{"self":[{"href":"https:\/\/omnitextgroup.com\/es\/wp-json\/wp\/v2\/pages\/6269","targetHints":{"allow":["GET"]}}],"collection":[{"href":"https:\/\/omnitextgroup.com\/es\/wp-json\/wp\/v2\/pages"}],"about":[{"href":"https:\/\/omnitextgroup.com\/es\/wp-json\/wp\/v2\/types\/page"}],"author":[{"embeddable":true,"href":"https:\/\/omnitextgroup.com\/es\/wp-json\/wp\/v2\/users\/2"}],"replies":[{"embeddable":true,"href":"https:\/\/omnitextgroup.com\/es\/wp-json\/wp\/v2\/comments?post=6269"}],"version-history":[{"count":1,"href":"https:\/\/omnitextgroup.com\/es\/wp-json\/wp\/v2\/pages\/6269\/revisions"}],"predecessor-version":[{"id":6270,"href":"https:\/\/omnitextgroup.com\/es\/wp-json\/wp\/v2\/pages\/6269\/revisions\/6270"}],"up":[{"embeddable":true,"href":"https:\/\/omnitextgroup.com\/es\/wp-json\/wp\/v2\/pages\/6314"}],"wp:attachment":[{"href":"https:\/\/omnitextgroup.com\/es\/wp-json\/wp\/v2\/media?parent=6269"}],"curies":[{"name":"wp","href":"https:\/\/api.w.org\/{rel}","templated":true}]}}