{"id":6271,"date":"2021-10-22T21:43:28","date_gmt":"2021-10-22T21:43:28","guid":{"rendered":"http:\/\/omnitextgroup.com\/viajes-y-turismo\/"},"modified":"2021-10-22T21:43:28","modified_gmt":"2021-10-22T21:43:28","slug":"viajes-y-turismo","status":"publish","type":"page","link":"https:\/\/omnitextgroup.com\/es\/sectores-de-especializacion\/viajes-y-turismo\/","title":{"rendered":"Viajes y turismo"},"content":{"rendered":"\t\t<div data-elementor-type=\"wp-page\" data-elementor-id=\"6271\" class=\"elementor elementor-6271 elementor-1180\">\n\t\t\t\t\t\t<section class=\"ob-is-breaking-bad elementor-section elementor-top-section elementor-element elementor-element-2943f701 elementor-section-height-min-height elementor-section-content-middle elementor-section-boxed elementor-section-height-default elementor-section-items-middle\" data-id=\"2943f701\" data-element_type=\"section\" data-e-type=\"section\" data-settings=\"{&quot;background_background&quot;:&quot;classic&quot;,&quot;_ob_bbad_use_it&quot;:&quot;yes&quot;,&quot;_ob_bbad_sssic_use&quot;:&quot;no&quot;,&quot;_ob_glider_is_slider&quot;:&quot;no&quot;}\">\n\t\t\t\t\t\t\t<div class=\"elementor-background-overlay\"><\/div>\n\t\t\t\t\t\t\t<div class=\"elementor-container elementor-column-gap-default\">\n\t\t\t\t\t<div class=\"elementor-column elementor-col-100 elementor-top-column elementor-element elementor-element-44c9930\" data-id=\"44c9930\" data-element_type=\"column\" data-e-type=\"column\" data-settings=\"{&quot;_ob_bbad_is_stalker&quot;:&quot;no&quot;,&quot;_ob_teleporter_use&quot;:false,&quot;_ob_column_hoveranimator&quot;:&quot;no&quot;,&quot;_ob_column_has_pseudo&quot;:&quot;no&quot;}\">\n\t\t\t<div class=\"elementor-widget-wrap elementor-element-populated\">\n\t\t\t\t\t\t<div class=\"elementor-element elementor-element-6a8781b8 elementor-align-center ob-has-background-overlay elementor-widget elementor-widget-breadcrumbs\" data-id=\"6a8781b8\" data-element_type=\"widget\" data-e-type=\"widget\" data-settings=\"{&quot;_ob_perspektive_use&quot;:&quot;no&quot;,&quot;_ob_poopart_use&quot;:&quot;yes&quot;,&quot;_ob_shadough_use&quot;:&quot;no&quot;,&quot;_ob_allow_hoveranimator&quot;:&quot;no&quot;,&quot;_ob_widget_stalker_use&quot;:&quot;no&quot;}\" data-widget_type=\"breadcrumbs.default\">\n\t\t\t\t<div class=\"elementor-widget-container\">\n\t\t\t\t\t<nav id=\"breadcrumbs\"><span><span><a href=\"https:\/\/omnitextgroup.com\/es\/\">Home<\/a><\/span><\/span><\/nav>\t\t\t\t<\/div>\n\t\t\t\t<\/div>\n\t\t\t\t\t<\/div>\n\t\t<\/div>\n\t\t\t\t\t<\/div>\n\t\t<\/section>\n\t\t\t\t<section class=\"ob-is-breaking-bad elementor-section elementor-top-section elementor-element elementor-element-fd88e72 elementor-section-boxed elementor-section-height-default elementor-section-height-default\" data-id=\"fd88e72\" data-element_type=\"section\" data-e-type=\"section\" data-settings=\"{&quot;background_background&quot;:&quot;classic&quot;,&quot;_ob_bbad_use_it&quot;:&quot;yes&quot;,&quot;_ob_bbad_sssic_use&quot;:&quot;no&quot;,&quot;_ob_glider_is_slider&quot;:&quot;no&quot;}\">\n\t\t\t\t\t\t<div class=\"elementor-container elementor-column-gap-default\">\n\t\t\t\t\t<div class=\"elementor-column elementor-col-100 elementor-top-column elementor-element elementor-element-6d159b93\" data-id=\"6d159b93\" data-element_type=\"column\" data-e-type=\"column\" data-settings=\"{&quot;_ob_bbad_is_stalker&quot;:&quot;no&quot;,&quot;_ob_teleporter_use&quot;:false,&quot;_ob_column_hoveranimator&quot;:&quot;no&quot;,&quot;_ob_column_has_pseudo&quot;:&quot;no&quot;}\">\n\t\t\t<div class=\"elementor-widget-wrap elementor-element-populated\">\n\t\t\t\t\t\t<div class=\"elementor-element elementor-element-62f637fa ob-harakiri-inherit ob-has-background-overlay elementor-widget elementor-widget-heading\" data-id=\"62f637fa\" data-element_type=\"widget\" data-e-type=\"widget\" data-settings=\"{&quot;_ob_use_harakiri&quot;:&quot;yes&quot;,&quot;_ob_harakiri_writing_mode&quot;:&quot;inherit&quot;,&quot;_ob_harakiri_text_clip&quot;:&quot;none&quot;,&quot;_ob_perspektive_use&quot;:&quot;no&quot;,&quot;_ob_poopart_use&quot;:&quot;yes&quot;,&quot;_ob_shadough_use&quot;:&quot;no&quot;,&quot;_ob_allow_hoveranimator&quot;:&quot;no&quot;,&quot;_ob_widget_stalker_use&quot;:&quot;no&quot;}\" data-widget_type=\"heading.default\">\n\t\t\t\t<div class=\"elementor-widget-container\">\n\t\t\t\t\t<h3 class=\"elementor-heading-title elementor-size-default\">Viajes y turismo<\/h3>\t\t\t\t<\/div>\n\t\t\t\t<\/div>\n\t\t\t\t<div class=\"elementor-element elementor-element-259ab54 elementor-widget-divider--view-line ob-has-background-overlay elementor-widget elementor-widget-divider\" data-id=\"259ab54\" data-element_type=\"widget\" data-e-type=\"widget\" data-settings=\"{&quot;_ob_perspektive_use&quot;:&quot;no&quot;,&quot;_ob_poopart_use&quot;:&quot;yes&quot;,&quot;_ob_shadough_use&quot;:&quot;no&quot;,&quot;_ob_allow_hoveranimator&quot;:&quot;no&quot;,&quot;_ob_widget_stalker_use&quot;:&quot;no&quot;}\" data-widget_type=\"divider.default\">\n\t\t\t\t<div class=\"elementor-widget-container\">\n\t\t\t\t\t\t\t<div class=\"elementor-divider\">\n\t\t\t<span class=\"elementor-divider-separator\">\n\t\t\t\t\t\t<\/span>\n\t\t<\/div>\n\t\t\t\t\t\t<\/div>\n\t\t\t\t<\/div>\n\t\t\t\t<div class=\"elementor-element elementor-element-3b44fa42 ob-has-background-overlay elementor-widget elementor-widget-image\" data-id=\"3b44fa42\" data-element_type=\"widget\" data-e-type=\"widget\" data-settings=\"{&quot;_ob_photomorph_use&quot;:&quot;no&quot;,&quot;_ob_perspektive_use&quot;:&quot;no&quot;,&quot;_ob_poopart_use&quot;:&quot;yes&quot;,&quot;_ob_shadough_use&quot;:&quot;no&quot;,&quot;_ob_allow_hoveranimator&quot;:&quot;no&quot;,&quot;_ob_widget_stalker_use&quot;:&quot;no&quot;}\" data-widget_type=\"image.default\">\n\t\t\t\t<div class=\"elementor-widget-container\">\n\t\t\t\t\t\t\t\t\t\t\t\t\t\t\t<img fetchpriority=\"high\" decoding=\"async\" width=\"800\" height=\"799\" src=\"https:\/\/omnitextgroup.com\/wp-content\/uploads\/2021\/07\/travel-and-tours-update.jpg\" class=\"attachment-large size-large wp-image-5566\" alt=\"\" srcset=\"https:\/\/omnitextgroup.com\/wp-content\/uploads\/2021\/07\/travel-and-tours-update.jpg 938w, https:\/\/omnitextgroup.com\/wp-content\/uploads\/2021\/07\/travel-and-tours-update-300x300.jpg 300w, https:\/\/omnitextgroup.com\/wp-content\/uploads\/2021\/07\/travel-and-tours-update-150x150.jpg 150w, https:\/\/omnitextgroup.com\/wp-content\/uploads\/2021\/07\/travel-and-tours-update-768x767.jpg 768w\" sizes=\"(max-width: 800px) 100vw, 800px\" \/>\t\t\t\t\t\t\t\t\t\t\t\t\t\t\t<\/div>\n\t\t\t\t<\/div>\n\t\t\t\t<div class=\"elementor-element elementor-element-12c43141 ob-harakiri-inherit ob-has-background-overlay elementor-widget elementor-widget-text-editor\" data-id=\"12c43141\" data-element_type=\"widget\" data-e-type=\"widget\" data-settings=\"{&quot;_ob_use_harakiri&quot;:&quot;yes&quot;,&quot;_ob_harakiri_writing_mode&quot;:&quot;inherit&quot;,&quot;_ob_postman_use&quot;:&quot;no&quot;,&quot;_ob_perspektive_use&quot;:&quot;no&quot;,&quot;_ob_poopart_use&quot;:&quot;yes&quot;,&quot;_ob_shadough_use&quot;:&quot;no&quot;,&quot;_ob_allow_hoveranimator&quot;:&quot;no&quot;,&quot;_ob_widget_stalker_use&quot;:&quot;no&quot;}\" data-widget_type=\"text-editor.default\">\n\t\t\t\t<div class=\"elementor-widget-container\">\n\t\t\t\t\t\t\t\t\t<p>En un sector tan competitivo como el de los viajes y turismo, su \u00e9xito depende del servicio que preste a los clientes, muchos de los cuales hablan varios idiomas.<\/p>\n<p>Saludar y ayudar a los turistas en su lengua materna atraer\u00e1 a m\u00e1s visitantes a su ciudad, pueblo o regi\u00f3n, y les permitir\u00e1 tener experiencias inolvidables, y en estos sectores, las experiencias positivas de los clientes son un requisito.<\/p>\n\t\t\t\t\t\t\t\t<\/div>\n\t\t\t\t<\/div>\n\t\t\t\t<div class=\"elementor-element elementor-element-7b3d9a22 ob-harakiri-inherit ob-has-background-overlay elementor-widget elementor-widget-text-editor\" data-id=\"7b3d9a22\" data-element_type=\"widget\" data-e-type=\"widget\" data-settings=\"{&quot;_ob_use_harakiri&quot;:&quot;yes&quot;,&quot;_ob_harakiri_writing_mode&quot;:&quot;inherit&quot;,&quot;_ob_postman_use&quot;:&quot;no&quot;,&quot;_ob_perspektive_use&quot;:&quot;no&quot;,&quot;_ob_poopart_use&quot;:&quot;yes&quot;,&quot;_ob_shadough_use&quot;:&quot;no&quot;,&quot;_ob_allow_hoveranimator&quot;:&quot;no&quot;,&quot;_ob_widget_stalker_use&quot;:&quot;no&quot;}\" data-widget_type=\"text-editor.default\">\n\t\t\t\t<div class=\"elementor-widget-container\">\n\t\t\t\t\t\t\t\t\t<p>Nuestros especialistas en turismo y expertos en hosteler\u00eda se asegurar\u00e1n de que todo su contenido se traduzca sin problemas ni retrasos, y a una tarifa asequible que se adapte a su presupuesto.<\/p>\n<p>Tr\u00e1iganos sus folletos, contenidos digitales, software de reservas y sistemas de reserva en l\u00ednea, sitios web, itinerarios de viaje, gu\u00edas, boletines informativos, gu\u00edas de museos, rese\u00f1as, gu\u00edas de formaci\u00f3n; en fin, todo lo que su empresa necesite.<\/p>\n<p>Nosotros nos encargamos del resto.<\/p>\n\t\t\t\t\t\t\t\t<\/div>\n\t\t\t\t<\/div>\n\t\t\t\t\t<\/div>\n\t\t<\/div>\n\t\t\t\t\t<\/div>\n\t\t<\/section>\n\t\t\t\t<\/div>\n\t\t","protected":false},"excerpt":{"rendered":"<p>Viajes y turismo En un sector tan competitivo como el de los viajes y turismo, su \u00e9xito depende del servicio que preste a los clientes, muchos de los cuales hablan varios idiomas. Saludar y ayudar a los turistas en su lengua materna atraer\u00e1 a m\u00e1s visitantes a su ciudad, pueblo o regi\u00f3n, y les permitir\u00e1 [&hellip;]<\/p>\n","protected":false},"author":2,"featured_media":0,"parent":6314,"menu_order":0,"comment_status":"closed","ping_status":"closed","template":"","meta":{"footnotes":""},"class_list":["post-6271","page","type-page","status-publish","hentry"],"yoast_head":"<!-- This site is optimized with the Yoast SEO plugin v26.8 - https:\/\/yoast.com\/product\/yoast-seo-wordpress\/ -->\n<title>Viajes y turismo - OmniText Translations<\/title>\n<meta name=\"robots\" content=\"index, follow, max-snippet:-1, max-image-preview:large, max-video-preview:-1\" \/>\n<link rel=\"canonical\" href=\"https:\/\/omnitextgroup.com\/es\/sectores-de-especializacion\/viajes-y-turismo\/\" \/>\n<meta property=\"og:locale\" content=\"es_ES\" \/>\n<meta property=\"og:type\" content=\"article\" \/>\n<meta property=\"og:title\" content=\"Viajes y turismo - OmniText Translations\" \/>\n<meta property=\"og:description\" content=\"Viajes y turismo En un sector tan competitivo como el de los viajes y turismo, su \u00e9xito depende del servicio que preste a los clientes, muchos de los cuales hablan varios idiomas. Saludar y ayudar a los turistas en su lengua materna atraer\u00e1 a m\u00e1s visitantes a su ciudad, pueblo o regi\u00f3n, y les permitir\u00e1 [&hellip;]\" \/>\n<meta property=\"og:url\" content=\"https:\/\/omnitextgroup.com\/es\/sectores-de-especializacion\/viajes-y-turismo\/\" \/>\n<meta property=\"og:site_name\" content=\"OmniText Translations\" \/>\n<meta property=\"og:image\" content=\"http:\/\/omnitextgroup.com\/wp-content\/uploads\/2021\/07\/travel-and-tours-update.jpg\" \/>\n<meta name=\"twitter:card\" content=\"summary_large_image\" \/>\n<meta name=\"twitter:label1\" content=\"Tiempo de lectura\" \/>\n\t<meta name=\"twitter:data1\" content=\"1 minuto\" \/>\n<script type=\"application\/ld+json\" class=\"yoast-schema-graph\">{\"@context\":\"https:\/\/schema.org\",\"@graph\":[{\"@type\":\"WebPage\",\"@id\":\"https:\/\/omnitextgroup.com\/es\/sectores-de-especializacion\/viajes-y-turismo\/\",\"url\":\"https:\/\/omnitextgroup.com\/es\/sectores-de-especializacion\/viajes-y-turismo\/\",\"name\":\"Viajes y turismo - OmniText Translations\",\"isPartOf\":{\"@id\":\"https:\/\/omnitextgroup.com\/es\/#website\"},\"primaryImageOfPage\":{\"@id\":\"https:\/\/omnitextgroup.com\/es\/sectores-de-especializacion\/viajes-y-turismo\/#primaryimage\"},\"image\":{\"@id\":\"https:\/\/omnitextgroup.com\/es\/sectores-de-especializacion\/viajes-y-turismo\/#primaryimage\"},\"thumbnailUrl\":\"http:\/\/omnitextgroup.com\/wp-content\/uploads\/2021\/07\/travel-and-tours-update.jpg\",\"datePublished\":\"2021-10-22T21:43:28+00:00\",\"breadcrumb\":{\"@id\":\"https:\/\/omnitextgroup.com\/es\/sectores-de-especializacion\/viajes-y-turismo\/#breadcrumb\"},\"inLanguage\":\"es\",\"potentialAction\":[{\"@type\":\"ReadAction\",\"target\":[\"https:\/\/omnitextgroup.com\/es\/sectores-de-especializacion\/viajes-y-turismo\/\"]}]},{\"@type\":\"ImageObject\",\"inLanguage\":\"es\",\"@id\":\"https:\/\/omnitextgroup.com\/es\/sectores-de-especializacion\/viajes-y-turismo\/#primaryimage\",\"url\":\"http:\/\/omnitextgroup.com\/wp-content\/uploads\/2021\/07\/travel-and-tours-update.jpg\",\"contentUrl\":\"http:\/\/omnitextgroup.com\/wp-content\/uploads\/2021\/07\/travel-and-tours-update.jpg\"},{\"@type\":\"BreadcrumbList\",\"@id\":\"https:\/\/omnitextgroup.com\/es\/sectores-de-especializacion\/viajes-y-turismo\/#breadcrumb\",\"itemListElement\":[{\"@type\":\"ListItem\",\"position\":1,\"name\":\"Home\",\"item\":\"https:\/\/omnitextgroup.com\/es\/\"},{\"@type\":\"ListItem\",\"position\":2,\"name\":\"Sectores de especializaci\u00f3n\",\"item\":\"https:\/\/omnitextgroup.com\/es\/industries\/\"},{\"@type\":\"ListItem\",\"position\":3,\"name\":\"Viajes y turismo\"}]},{\"@type\":\"WebSite\",\"@id\":\"https:\/\/omnitextgroup.com\/es\/#website\",\"url\":\"https:\/\/omnitextgroup.com\/es\/\",\"name\":\"OmniText Translations\",\"description\":\"Go glocal!\",\"potentialAction\":[{\"@type\":\"SearchAction\",\"target\":{\"@type\":\"EntryPoint\",\"urlTemplate\":\"https:\/\/omnitextgroup.com\/es\/?s={search_term_string}\"},\"query-input\":{\"@type\":\"PropertyValueSpecification\",\"valueRequired\":true,\"valueName\":\"search_term_string\"}}],\"inLanguage\":\"es\"}]}<\/script>\n<!-- \/ Yoast SEO plugin. -->","yoast_head_json":{"title":"Viajes y turismo - OmniText Translations","robots":{"index":"index","follow":"follow","max-snippet":"max-snippet:-1","max-image-preview":"max-image-preview:large","max-video-preview":"max-video-preview:-1"},"canonical":"https:\/\/omnitextgroup.com\/es\/sectores-de-especializacion\/viajes-y-turismo\/","og_locale":"es_ES","og_type":"article","og_title":"Viajes y turismo - OmniText Translations","og_description":"Viajes y turismo En un sector tan competitivo como el de los viajes y turismo, su \u00e9xito depende del servicio que preste a los clientes, muchos de los cuales hablan varios idiomas. Saludar y ayudar a los turistas en su lengua materna atraer\u00e1 a m\u00e1s visitantes a su ciudad, pueblo o regi\u00f3n, y les permitir\u00e1 [&hellip;]","og_url":"https:\/\/omnitextgroup.com\/es\/sectores-de-especializacion\/viajes-y-turismo\/","og_site_name":"OmniText Translations","og_image":[{"url":"http:\/\/omnitextgroup.com\/wp-content\/uploads\/2021\/07\/travel-and-tours-update.jpg","type":"","width":"","height":""}],"twitter_card":"summary_large_image","twitter_misc":{"Tiempo de lectura":"1 minuto"},"schema":{"@context":"https:\/\/schema.org","@graph":[{"@type":"WebPage","@id":"https:\/\/omnitextgroup.com\/es\/sectores-de-especializacion\/viajes-y-turismo\/","url":"https:\/\/omnitextgroup.com\/es\/sectores-de-especializacion\/viajes-y-turismo\/","name":"Viajes y turismo - OmniText Translations","isPartOf":{"@id":"https:\/\/omnitextgroup.com\/es\/#website"},"primaryImageOfPage":{"@id":"https:\/\/omnitextgroup.com\/es\/sectores-de-especializacion\/viajes-y-turismo\/#primaryimage"},"image":{"@id":"https:\/\/omnitextgroup.com\/es\/sectores-de-especializacion\/viajes-y-turismo\/#primaryimage"},"thumbnailUrl":"http:\/\/omnitextgroup.com\/wp-content\/uploads\/2021\/07\/travel-and-tours-update.jpg","datePublished":"2021-10-22T21:43:28+00:00","breadcrumb":{"@id":"https:\/\/omnitextgroup.com\/es\/sectores-de-especializacion\/viajes-y-turismo\/#breadcrumb"},"inLanguage":"es","potentialAction":[{"@type":"ReadAction","target":["https:\/\/omnitextgroup.com\/es\/sectores-de-especializacion\/viajes-y-turismo\/"]}]},{"@type":"ImageObject","inLanguage":"es","@id":"https:\/\/omnitextgroup.com\/es\/sectores-de-especializacion\/viajes-y-turismo\/#primaryimage","url":"http:\/\/omnitextgroup.com\/wp-content\/uploads\/2021\/07\/travel-and-tours-update.jpg","contentUrl":"http:\/\/omnitextgroup.com\/wp-content\/uploads\/2021\/07\/travel-and-tours-update.jpg"},{"@type":"BreadcrumbList","@id":"https:\/\/omnitextgroup.com\/es\/sectores-de-especializacion\/viajes-y-turismo\/#breadcrumb","itemListElement":[{"@type":"ListItem","position":1,"name":"Home","item":"https:\/\/omnitextgroup.com\/es\/"},{"@type":"ListItem","position":2,"name":"Sectores de especializaci\u00f3n","item":"https:\/\/omnitextgroup.com\/es\/industries\/"},{"@type":"ListItem","position":3,"name":"Viajes y turismo"}]},{"@type":"WebSite","@id":"https:\/\/omnitextgroup.com\/es\/#website","url":"https:\/\/omnitextgroup.com\/es\/","name":"OmniText Translations","description":"Go glocal!","potentialAction":[{"@type":"SearchAction","target":{"@type":"EntryPoint","urlTemplate":"https:\/\/omnitextgroup.com\/es\/?s={search_term_string}"},"query-input":{"@type":"PropertyValueSpecification","valueRequired":true,"valueName":"search_term_string"}}],"inLanguage":"es"}]}},"_links":{"self":[{"href":"https:\/\/omnitextgroup.com\/es\/wp-json\/wp\/v2\/pages\/6271","targetHints":{"allow":["GET"]}}],"collection":[{"href":"https:\/\/omnitextgroup.com\/es\/wp-json\/wp\/v2\/pages"}],"about":[{"href":"https:\/\/omnitextgroup.com\/es\/wp-json\/wp\/v2\/types\/page"}],"author":[{"embeddable":true,"href":"https:\/\/omnitextgroup.com\/es\/wp-json\/wp\/v2\/users\/2"}],"replies":[{"embeddable":true,"href":"https:\/\/omnitextgroup.com\/es\/wp-json\/wp\/v2\/comments?post=6271"}],"version-history":[{"count":1,"href":"https:\/\/omnitextgroup.com\/es\/wp-json\/wp\/v2\/pages\/6271\/revisions"}],"predecessor-version":[{"id":6272,"href":"https:\/\/omnitextgroup.com\/es\/wp-json\/wp\/v2\/pages\/6271\/revisions\/6272"}],"up":[{"embeddable":true,"href":"https:\/\/omnitextgroup.com\/es\/wp-json\/wp\/v2\/pages\/6314"}],"wp:attachment":[{"href":"https:\/\/omnitextgroup.com\/es\/wp-json\/wp\/v2\/media?parent=6271"}],"curies":[{"name":"wp","href":"https:\/\/api.w.org\/{rel}","templated":true}]}}