{"id":6275,"date":"2021-10-22T21:44:21","date_gmt":"2021-10-22T21:44:21","guid":{"rendered":"http:\/\/omnitextgroup.com\/derecho\/"},"modified":"2021-10-22T21:44:22","modified_gmt":"2021-10-22T21:44:22","slug":"derecho","status":"publish","type":"page","link":"https:\/\/omnitextgroup.com\/es\/sectores-de-especializacion\/derecho\/","title":{"rendered":"Derecho"},"content":{"rendered":"\t\t<div data-elementor-type=\"wp-page\" data-elementor-id=\"6275\" class=\"elementor elementor-6275 elementor-1157\">\n\t\t\t\t\t\t<section class=\"ob-is-breaking-bad elementor-section elementor-top-section elementor-element elementor-element-17c22f17 elementor-section-height-min-height elementor-section-content-middle elementor-section-boxed elementor-section-height-default elementor-section-items-middle\" data-id=\"17c22f17\" data-element_type=\"section\" data-e-type=\"section\" data-settings=\"{&quot;background_background&quot;:&quot;classic&quot;,&quot;_ob_bbad_use_it&quot;:&quot;yes&quot;,&quot;_ob_bbad_sssic_use&quot;:&quot;no&quot;,&quot;_ob_glider_is_slider&quot;:&quot;no&quot;}\">\n\t\t\t\t\t\t\t<div class=\"elementor-background-overlay\"><\/div>\n\t\t\t\t\t\t\t<div class=\"elementor-container elementor-column-gap-default\">\n\t\t\t\t\t<div class=\"elementor-column elementor-col-100 elementor-top-column elementor-element elementor-element-38701be9\" data-id=\"38701be9\" data-element_type=\"column\" data-e-type=\"column\" data-settings=\"{&quot;_ob_bbad_is_stalker&quot;:&quot;no&quot;,&quot;_ob_teleporter_use&quot;:false,&quot;_ob_column_hoveranimator&quot;:&quot;no&quot;,&quot;_ob_column_has_pseudo&quot;:&quot;no&quot;}\">\n\t\t\t<div class=\"elementor-widget-wrap elementor-element-populated\">\n\t\t\t\t\t\t<div class=\"elementor-element elementor-element-6e46ecd2 elementor-align-center ob-has-background-overlay elementor-widget elementor-widget-breadcrumbs\" data-id=\"6e46ecd2\" data-element_type=\"widget\" data-e-type=\"widget\" data-settings=\"{&quot;_ob_perspektive_use&quot;:&quot;no&quot;,&quot;_ob_poopart_use&quot;:&quot;yes&quot;,&quot;_ob_shadough_use&quot;:&quot;no&quot;,&quot;_ob_allow_hoveranimator&quot;:&quot;no&quot;,&quot;_ob_widget_stalker_use&quot;:&quot;no&quot;}\" data-widget_type=\"breadcrumbs.default\">\n\t\t\t\t<div class=\"elementor-widget-container\">\n\t\t\t\t\t<nav id=\"breadcrumbs\"><span><span><a href=\"https:\/\/omnitextgroup.com\/es\/\">Home<\/a><\/span><\/span><\/nav>\t\t\t\t<\/div>\n\t\t\t\t<\/div>\n\t\t\t\t\t<\/div>\n\t\t<\/div>\n\t\t\t\t\t<\/div>\n\t\t<\/section>\n\t\t\t\t<section class=\"ob-is-breaking-bad elementor-section elementor-top-section elementor-element elementor-element-cd4538b elementor-section-boxed elementor-section-height-default elementor-section-height-default\" data-id=\"cd4538b\" data-element_type=\"section\" data-e-type=\"section\" data-settings=\"{&quot;background_background&quot;:&quot;classic&quot;,&quot;_ob_bbad_use_it&quot;:&quot;yes&quot;,&quot;_ob_bbad_sssic_use&quot;:&quot;no&quot;,&quot;_ob_glider_is_slider&quot;:&quot;no&quot;}\">\n\t\t\t\t\t\t<div class=\"elementor-container elementor-column-gap-default\">\n\t\t\t\t\t<div class=\"elementor-column elementor-col-100 elementor-top-column elementor-element elementor-element-4cd7ef0\" data-id=\"4cd7ef0\" data-element_type=\"column\" data-e-type=\"column\" data-settings=\"{&quot;_ob_bbad_is_stalker&quot;:&quot;no&quot;,&quot;_ob_teleporter_use&quot;:false,&quot;_ob_column_hoveranimator&quot;:&quot;no&quot;,&quot;_ob_column_has_pseudo&quot;:&quot;no&quot;}\">\n\t\t\t<div class=\"elementor-widget-wrap elementor-element-populated\">\n\t\t\t\t\t\t<div class=\"elementor-element elementor-element-46a87e86 ob-harakiri-inherit ob-has-background-overlay elementor-widget elementor-widget-heading\" data-id=\"46a87e86\" data-element_type=\"widget\" data-e-type=\"widget\" data-settings=\"{&quot;_ob_use_harakiri&quot;:&quot;yes&quot;,&quot;_ob_harakiri_writing_mode&quot;:&quot;inherit&quot;,&quot;_ob_harakiri_text_clip&quot;:&quot;none&quot;,&quot;_ob_perspektive_use&quot;:&quot;no&quot;,&quot;_ob_poopart_use&quot;:&quot;yes&quot;,&quot;_ob_shadough_use&quot;:&quot;no&quot;,&quot;_ob_allow_hoveranimator&quot;:&quot;no&quot;,&quot;_ob_widget_stalker_use&quot;:&quot;no&quot;}\" data-widget_type=\"heading.default\">\n\t\t\t\t<div class=\"elementor-widget-container\">\n\t\t\t\t\t<h3 class=\"elementor-heading-title elementor-size-default\">Derecho<\/h3>\t\t\t\t<\/div>\n\t\t\t\t<\/div>\n\t\t\t\t<div class=\"elementor-element elementor-element-1204daf7 elementor-widget-divider--view-line ob-has-background-overlay elementor-widget elementor-widget-divider\" data-id=\"1204daf7\" data-element_type=\"widget\" data-e-type=\"widget\" data-settings=\"{&quot;_ob_perspektive_use&quot;:&quot;no&quot;,&quot;_ob_poopart_use&quot;:&quot;yes&quot;,&quot;_ob_shadough_use&quot;:&quot;no&quot;,&quot;_ob_allow_hoveranimator&quot;:&quot;no&quot;,&quot;_ob_widget_stalker_use&quot;:&quot;no&quot;}\" data-widget_type=\"divider.default\">\n\t\t\t\t<div class=\"elementor-widget-container\">\n\t\t\t\t\t\t\t<div class=\"elementor-divider\">\n\t\t\t<span class=\"elementor-divider-separator\">\n\t\t\t\t\t\t<\/span>\n\t\t<\/div>\n\t\t\t\t\t\t<\/div>\n\t\t\t\t<\/div>\n\t\t\t\t<div class=\"elementor-element elementor-element-c20079 ob-has-background-overlay elementor-widget elementor-widget-image\" data-id=\"c20079\" data-element_type=\"widget\" data-e-type=\"widget\" data-settings=\"{&quot;_ob_photomorph_use&quot;:&quot;no&quot;,&quot;_ob_perspektive_use&quot;:&quot;no&quot;,&quot;_ob_poopart_use&quot;:&quot;yes&quot;,&quot;_ob_shadough_use&quot;:&quot;no&quot;,&quot;_ob_allow_hoveranimator&quot;:&quot;no&quot;,&quot;_ob_widget_stalker_use&quot;:&quot;no&quot;}\" data-widget_type=\"image.default\">\n\t\t\t\t<div class=\"elementor-widget-container\">\n\t\t\t\t\t\t\t\t\t\t\t\t\t\t\t<img fetchpriority=\"high\" decoding=\"async\" width=\"800\" height=\"800\" src=\"https:\/\/omnitextgroup.com\/wp-content\/uploads\/2021\/08\/law-and-justice-1024x1024.jpg\" class=\"attachment-large size-large wp-image-6000\" alt=\"traducciones jur\u00eddicas\" srcset=\"https:\/\/omnitextgroup.com\/wp-content\/uploads\/2021\/08\/law-and-justice-1024x1024.jpg 1024w, https:\/\/omnitextgroup.com\/wp-content\/uploads\/2021\/08\/law-and-justice-300x300.jpg 300w, https:\/\/omnitextgroup.com\/wp-content\/uploads\/2021\/08\/law-and-justice-150x150.jpg 150w, https:\/\/omnitextgroup.com\/wp-content\/uploads\/2021\/08\/law-and-justice-768x768.jpg 768w, https:\/\/omnitextgroup.com\/wp-content\/uploads\/2021\/08\/law-and-justice.jpg 1040w\" sizes=\"(max-width: 800px) 100vw, 800px\" \/>\t\t\t\t\t\t\t\t\t\t\t\t\t\t\t<\/div>\n\t\t\t\t<\/div>\n\t\t\t\t<div class=\"elementor-element elementor-element-15a69269 ob-harakiri-inherit ob-has-background-overlay elementor-widget elementor-widget-text-editor\" data-id=\"15a69269\" data-element_type=\"widget\" data-e-type=\"widget\" data-settings=\"{&quot;_ob_use_harakiri&quot;:&quot;yes&quot;,&quot;_ob_harakiri_writing_mode&quot;:&quot;inherit&quot;,&quot;_ob_postman_use&quot;:&quot;no&quot;,&quot;_ob_perspektive_use&quot;:&quot;no&quot;,&quot;_ob_poopart_use&quot;:&quot;yes&quot;,&quot;_ob_shadough_use&quot;:&quot;no&quot;,&quot;_ob_allow_hoveranimator&quot;:&quot;no&quot;,&quot;_ob_widget_stalker_use&quot;:&quot;no&quot;}\" data-widget_type=\"text-editor.default\">\n\t\t\t\t<div class=\"elementor-widget-container\">\n\t\t\t\t\t\t\t\t\t<p>\u00a0<\/p>\n<p>El sector jur\u00eddico requiere traducciones de especial calidad: Los documentos jur\u00eddicos tienen que ser claros, concisos y conformes con todas las normas aplicables, independientemente del idioma en que est\u00e9n redactados.<\/p>\n\t\t\t\t\t\t\t\t<\/div>\n\t\t\t\t<\/div>\n\t\t\t\t<div class=\"elementor-element elementor-element-f9281dc ob-harakiri-inherit ob-has-background-overlay elementor-widget elementor-widget-text-editor\" data-id=\"f9281dc\" data-element_type=\"widget\" data-e-type=\"widget\" data-settings=\"{&quot;_ob_use_harakiri&quot;:&quot;yes&quot;,&quot;_ob_harakiri_writing_mode&quot;:&quot;inherit&quot;,&quot;_ob_postman_use&quot;:&quot;no&quot;,&quot;_ob_perspektive_use&quot;:&quot;no&quot;,&quot;_ob_poopart_use&quot;:&quot;yes&quot;,&quot;_ob_shadough_use&quot;:&quot;no&quot;,&quot;_ob_allow_hoveranimator&quot;:&quot;no&quot;,&quot;_ob_widget_stalker_use&quot;:&quot;no&quot;}\" data-widget_type=\"text-editor.default\">\n\t\t\t\t<div class=\"elementor-widget-container\">\n\t\t\t\t\t\t\t\t\t<div>De hecho, la traducci\u00f3n jur\u00eddica es un ejercicio intelectual complejo, porque en su ra\u00edz, el derecho es un campo muy filos\u00f3fico con profundas consecuencias en el mundo real. Algunos conceptos y t\u00e9rminos jur\u00eddicos; por ejemplo, no son compartidos por todos los pa\u00edses\/jurisdicciones, y otros pueden no tener ning\u00fan equivalente.\u00a0<\/div>\n<div>Usted necesita profesionales capacitados con una cualificaci\u00f3n demostrada en el campo de la traducci\u00f3n, pero tambi\u00e9n con un conocimiento profundo de la ley y de c\u00f3mo se manifiesta en la vida real. OmniText Translations puede proporcion\u00e1rselo.\u00a0<\/div>\n\t\t\t\t\t\t\t\t<\/div>\n\t\t\t\t<\/div>\n\t\t\t\t<div class=\"elementor-element elementor-element-682c3f24 ob-harakiri-inherit ob-has-background-overlay elementor-widget elementor-widget-text-editor\" data-id=\"682c3f24\" data-element_type=\"widget\" data-e-type=\"widget\" data-settings=\"{&quot;_ob_use_harakiri&quot;:&quot;yes&quot;,&quot;_ob_harakiri_writing_mode&quot;:&quot;inherit&quot;,&quot;_ob_postman_use&quot;:&quot;no&quot;,&quot;_ob_perspektive_use&quot;:&quot;no&quot;,&quot;_ob_poopart_use&quot;:&quot;yes&quot;,&quot;_ob_shadough_use&quot;:&quot;no&quot;,&quot;_ob_allow_hoveranimator&quot;:&quot;no&quot;,&quot;_ob_widget_stalker_use&quot;:&quot;no&quot;}\" data-widget_type=\"text-editor.default\">\n\t\t\t\t<div class=\"elementor-widget-container\">\n\t\t\t\t\t\t\t\t\t<div>Traducimos contratos legales, documentos normativos, patentes, propiedad intelectual, documentaci\u00f3n de cumplimiento, escrituras notariales, testamentos, notificaciones y demandas, contratos de fusi\u00f3n y adquisici\u00f3n, escrituras de constituci\u00f3n, estatutos, documentaci\u00f3n de casos, licitaciones, sentencias, dict\u00e1menes jur\u00eddicos, memorandos, citaciones, recursos, reclamaciones, requerimientos, expedientes judiciales, certificados de procedimientos pendientes, procedimientos extrajudiciales, acciones administrativas, etc. <\/div>\n<div>Tambi\u00e9n le podemos proveer con interpretaci\u00f3n simult\u00e1nea.<\/div>\n<div>OmniText Translations garantiza la m\u00e1xima confidencialidad y profesionalismo en cada tarea de traducci\u00f3n.<\/div>\n\t\t\t\t\t\t\t\t<\/div>\n\t\t\t\t<\/div>\n\t\t\t\t\t<\/div>\n\t\t<\/div>\n\t\t\t\t\t<\/div>\n\t\t<\/section>\n\t\t\t\t<\/div>\n\t\t","protected":false},"excerpt":{"rendered":"<p>Derecho \u00a0 El sector jur\u00eddico requiere traducciones de especial calidad: Los documentos jur\u00eddicos tienen que ser claros, concisos y conformes con todas las normas aplicables, independientemente del idioma en que est\u00e9n redactados. De hecho, la traducci\u00f3n jur\u00eddica es un ejercicio intelectual complejo, porque en su ra\u00edz, el derecho es un campo muy filos\u00f3fico con profundas [&hellip;]<\/p>\n","protected":false},"author":2,"featured_media":0,"parent":6314,"menu_order":0,"comment_status":"closed","ping_status":"closed","template":"","meta":{"footnotes":""},"class_list":["post-6275","page","type-page","status-publish","hentry"],"yoast_head":"<!-- This site is optimized with the Yoast SEO plugin v26.8 - https:\/\/yoast.com\/product\/yoast-seo-wordpress\/ -->\n<title>Derecho - OmniText Translations<\/title>\n<meta name=\"robots\" content=\"index, follow, max-snippet:-1, max-image-preview:large, max-video-preview:-1\" \/>\n<link rel=\"canonical\" href=\"https:\/\/omnitextgroup.com\/es\/sectores-de-especializacion\/derecho\/\" \/>\n<meta property=\"og:locale\" content=\"es_ES\" \/>\n<meta property=\"og:type\" content=\"article\" \/>\n<meta property=\"og:title\" content=\"Derecho - OmniText Translations\" \/>\n<meta property=\"og:description\" content=\"Derecho \u00a0 El sector jur\u00eddico requiere traducciones de especial calidad: Los documentos jur\u00eddicos tienen que ser claros, concisos y conformes con todas las normas aplicables, independientemente del idioma en que est\u00e9n redactados. De hecho, la traducci\u00f3n jur\u00eddica es un ejercicio intelectual complejo, porque en su ra\u00edz, el derecho es un campo muy filos\u00f3fico con profundas [&hellip;]\" \/>\n<meta property=\"og:url\" content=\"https:\/\/omnitextgroup.com\/es\/sectores-de-especializacion\/derecho\/\" \/>\n<meta property=\"og:site_name\" content=\"OmniText Translations\" \/>\n<meta property=\"article:modified_time\" content=\"2021-10-22T21:44:22+00:00\" \/>\n<meta property=\"og:image\" content=\"http:\/\/omnitextgroup.com\/wp-content\/uploads\/2021\/08\/law-and-justice-1024x1024.jpg\" \/>\n<meta name=\"twitter:card\" content=\"summary_large_image\" \/>\n<meta name=\"twitter:label1\" content=\"Tiempo de lectura\" \/>\n\t<meta name=\"twitter:data1\" content=\"1 minuto\" \/>\n<script type=\"application\/ld+json\" class=\"yoast-schema-graph\">{\"@context\":\"https:\/\/schema.org\",\"@graph\":[{\"@type\":\"WebPage\",\"@id\":\"https:\/\/omnitextgroup.com\/es\/sectores-de-especializacion\/derecho\/\",\"url\":\"https:\/\/omnitextgroup.com\/es\/sectores-de-especializacion\/derecho\/\",\"name\":\"Derecho - OmniText Translations\",\"isPartOf\":{\"@id\":\"https:\/\/omnitextgroup.com\/es\/#website\"},\"primaryImageOfPage\":{\"@id\":\"https:\/\/omnitextgroup.com\/es\/sectores-de-especializacion\/derecho\/#primaryimage\"},\"image\":{\"@id\":\"https:\/\/omnitextgroup.com\/es\/sectores-de-especializacion\/derecho\/#primaryimage\"},\"thumbnailUrl\":\"http:\/\/omnitextgroup.com\/wp-content\/uploads\/2021\/08\/law-and-justice-1024x1024.jpg\",\"datePublished\":\"2021-10-22T21:44:21+00:00\",\"dateModified\":\"2021-10-22T21:44:22+00:00\",\"breadcrumb\":{\"@id\":\"https:\/\/omnitextgroup.com\/es\/sectores-de-especializacion\/derecho\/#breadcrumb\"},\"inLanguage\":\"es\",\"potentialAction\":[{\"@type\":\"ReadAction\",\"target\":[\"https:\/\/omnitextgroup.com\/es\/sectores-de-especializacion\/derecho\/\"]}]},{\"@type\":\"ImageObject\",\"inLanguage\":\"es\",\"@id\":\"https:\/\/omnitextgroup.com\/es\/sectores-de-especializacion\/derecho\/#primaryimage\",\"url\":\"http:\/\/omnitextgroup.com\/wp-content\/uploads\/2021\/08\/law-and-justice-1024x1024.jpg\",\"contentUrl\":\"http:\/\/omnitextgroup.com\/wp-content\/uploads\/2021\/08\/law-and-justice-1024x1024.jpg\"},{\"@type\":\"BreadcrumbList\",\"@id\":\"https:\/\/omnitextgroup.com\/es\/sectores-de-especializacion\/derecho\/#breadcrumb\",\"itemListElement\":[{\"@type\":\"ListItem\",\"position\":1,\"name\":\"Home\",\"item\":\"https:\/\/omnitextgroup.com\/es\/\"},{\"@type\":\"ListItem\",\"position\":2,\"name\":\"Sectores de especializaci\u00f3n\",\"item\":\"https:\/\/omnitextgroup.com\/es\/industries\/\"},{\"@type\":\"ListItem\",\"position\":3,\"name\":\"Derecho\"}]},{\"@type\":\"WebSite\",\"@id\":\"https:\/\/omnitextgroup.com\/es\/#website\",\"url\":\"https:\/\/omnitextgroup.com\/es\/\",\"name\":\"OmniText Translations\",\"description\":\"Go glocal!\",\"potentialAction\":[{\"@type\":\"SearchAction\",\"target\":{\"@type\":\"EntryPoint\",\"urlTemplate\":\"https:\/\/omnitextgroup.com\/es\/?s={search_term_string}\"},\"query-input\":{\"@type\":\"PropertyValueSpecification\",\"valueRequired\":true,\"valueName\":\"search_term_string\"}}],\"inLanguage\":\"es\"}]}<\/script>\n<!-- \/ Yoast SEO plugin. -->","yoast_head_json":{"title":"Derecho - OmniText Translations","robots":{"index":"index","follow":"follow","max-snippet":"max-snippet:-1","max-image-preview":"max-image-preview:large","max-video-preview":"max-video-preview:-1"},"canonical":"https:\/\/omnitextgroup.com\/es\/sectores-de-especializacion\/derecho\/","og_locale":"es_ES","og_type":"article","og_title":"Derecho - OmniText Translations","og_description":"Derecho \u00a0 El sector jur\u00eddico requiere traducciones de especial calidad: Los documentos jur\u00eddicos tienen que ser claros, concisos y conformes con todas las normas aplicables, independientemente del idioma en que est\u00e9n redactados. De hecho, la traducci\u00f3n jur\u00eddica es un ejercicio intelectual complejo, porque en su ra\u00edz, el derecho es un campo muy filos\u00f3fico con profundas [&hellip;]","og_url":"https:\/\/omnitextgroup.com\/es\/sectores-de-especializacion\/derecho\/","og_site_name":"OmniText Translations","article_modified_time":"2021-10-22T21:44:22+00:00","og_image":[{"url":"http:\/\/omnitextgroup.com\/wp-content\/uploads\/2021\/08\/law-and-justice-1024x1024.jpg","type":"","width":"","height":""}],"twitter_card":"summary_large_image","twitter_misc":{"Tiempo de lectura":"1 minuto"},"schema":{"@context":"https:\/\/schema.org","@graph":[{"@type":"WebPage","@id":"https:\/\/omnitextgroup.com\/es\/sectores-de-especializacion\/derecho\/","url":"https:\/\/omnitextgroup.com\/es\/sectores-de-especializacion\/derecho\/","name":"Derecho - OmniText Translations","isPartOf":{"@id":"https:\/\/omnitextgroup.com\/es\/#website"},"primaryImageOfPage":{"@id":"https:\/\/omnitextgroup.com\/es\/sectores-de-especializacion\/derecho\/#primaryimage"},"image":{"@id":"https:\/\/omnitextgroup.com\/es\/sectores-de-especializacion\/derecho\/#primaryimage"},"thumbnailUrl":"http:\/\/omnitextgroup.com\/wp-content\/uploads\/2021\/08\/law-and-justice-1024x1024.jpg","datePublished":"2021-10-22T21:44:21+00:00","dateModified":"2021-10-22T21:44:22+00:00","breadcrumb":{"@id":"https:\/\/omnitextgroup.com\/es\/sectores-de-especializacion\/derecho\/#breadcrumb"},"inLanguage":"es","potentialAction":[{"@type":"ReadAction","target":["https:\/\/omnitextgroup.com\/es\/sectores-de-especializacion\/derecho\/"]}]},{"@type":"ImageObject","inLanguage":"es","@id":"https:\/\/omnitextgroup.com\/es\/sectores-de-especializacion\/derecho\/#primaryimage","url":"http:\/\/omnitextgroup.com\/wp-content\/uploads\/2021\/08\/law-and-justice-1024x1024.jpg","contentUrl":"http:\/\/omnitextgroup.com\/wp-content\/uploads\/2021\/08\/law-and-justice-1024x1024.jpg"},{"@type":"BreadcrumbList","@id":"https:\/\/omnitextgroup.com\/es\/sectores-de-especializacion\/derecho\/#breadcrumb","itemListElement":[{"@type":"ListItem","position":1,"name":"Home","item":"https:\/\/omnitextgroup.com\/es\/"},{"@type":"ListItem","position":2,"name":"Sectores de especializaci\u00f3n","item":"https:\/\/omnitextgroup.com\/es\/industries\/"},{"@type":"ListItem","position":3,"name":"Derecho"}]},{"@type":"WebSite","@id":"https:\/\/omnitextgroup.com\/es\/#website","url":"https:\/\/omnitextgroup.com\/es\/","name":"OmniText Translations","description":"Go glocal!","potentialAction":[{"@type":"SearchAction","target":{"@type":"EntryPoint","urlTemplate":"https:\/\/omnitextgroup.com\/es\/?s={search_term_string}"},"query-input":{"@type":"PropertyValueSpecification","valueRequired":true,"valueName":"search_term_string"}}],"inLanguage":"es"}]}},"_links":{"self":[{"href":"https:\/\/omnitextgroup.com\/es\/wp-json\/wp\/v2\/pages\/6275","targetHints":{"allow":["GET"]}}],"collection":[{"href":"https:\/\/omnitextgroup.com\/es\/wp-json\/wp\/v2\/pages"}],"about":[{"href":"https:\/\/omnitextgroup.com\/es\/wp-json\/wp\/v2\/types\/page"}],"author":[{"embeddable":true,"href":"https:\/\/omnitextgroup.com\/es\/wp-json\/wp\/v2\/users\/2"}],"replies":[{"embeddable":true,"href":"https:\/\/omnitextgroup.com\/es\/wp-json\/wp\/v2\/comments?post=6275"}],"version-history":[{"count":1,"href":"https:\/\/omnitextgroup.com\/es\/wp-json\/wp\/v2\/pages\/6275\/revisions"}],"predecessor-version":[{"id":6276,"href":"https:\/\/omnitextgroup.com\/es\/wp-json\/wp\/v2\/pages\/6275\/revisions\/6276"}],"up":[{"embeddable":true,"href":"https:\/\/omnitextgroup.com\/es\/wp-json\/wp\/v2\/pages\/6314"}],"wp:attachment":[{"href":"https:\/\/omnitextgroup.com\/es\/wp-json\/wp\/v2\/media?parent=6275"}],"curies":[{"name":"wp","href":"https:\/\/api.w.org\/{rel}","templated":true}]}}