{"id":6285,"date":"2021-10-22T21:45:39","date_gmt":"2021-10-22T21:45:39","guid":{"rendered":"http:\/\/omnitextgroup.com\/venta-al-por-menor-y-comercio-electronico\/"},"modified":"2021-10-22T21:45:40","modified_gmt":"2021-10-22T21:45:40","slug":"venta-al-por-menor-y-comercio-electronico","status":"publish","type":"page","link":"https:\/\/omnitextgroup.com\/es\/sectores-de-especializacion\/venta-al-por-menor-y-comercio-electronico\/","title":{"rendered":"Venta al por menor y comercio electr\u00f3nico"},"content":{"rendered":"\t\t<div data-elementor-type=\"wp-page\" data-elementor-id=\"6285\" class=\"elementor elementor-6285 elementor-1110\">\n\t\t\t\t\t\t<section class=\"ob-is-breaking-bad elementor-section elementor-top-section elementor-element elementor-element-76aefd0c elementor-section-height-min-height elementor-section-content-middle elementor-section-boxed elementor-section-height-default elementor-section-items-middle\" data-id=\"76aefd0c\" data-element_type=\"section\" data-e-type=\"section\" data-settings=\"{&quot;background_background&quot;:&quot;classic&quot;,&quot;_ob_bbad_use_it&quot;:&quot;yes&quot;,&quot;_ob_bbad_sssic_use&quot;:&quot;no&quot;,&quot;_ob_glider_is_slider&quot;:&quot;no&quot;}\">\n\t\t\t\t\t\t\t<div class=\"elementor-background-overlay\"><\/div>\n\t\t\t\t\t\t\t<div class=\"elementor-container elementor-column-gap-default\">\n\t\t\t\t\t<div class=\"elementor-column elementor-col-100 elementor-top-column elementor-element elementor-element-12d3b057\" data-id=\"12d3b057\" data-element_type=\"column\" data-e-type=\"column\" data-settings=\"{&quot;_ob_bbad_is_stalker&quot;:&quot;no&quot;,&quot;_ob_teleporter_use&quot;:false,&quot;_ob_column_hoveranimator&quot;:&quot;no&quot;,&quot;_ob_column_has_pseudo&quot;:&quot;no&quot;}\">\n\t\t\t<div class=\"elementor-widget-wrap elementor-element-populated\">\n\t\t\t\t\t\t<div class=\"elementor-element elementor-element-7d80b002 elementor-align-center ob-has-background-overlay elementor-widget elementor-widget-breadcrumbs\" data-id=\"7d80b002\" data-element_type=\"widget\" data-e-type=\"widget\" data-settings=\"{&quot;_ob_perspektive_use&quot;:&quot;no&quot;,&quot;_ob_poopart_use&quot;:&quot;yes&quot;,&quot;_ob_shadough_use&quot;:&quot;no&quot;,&quot;_ob_allow_hoveranimator&quot;:&quot;no&quot;,&quot;_ob_widget_stalker_use&quot;:&quot;no&quot;}\" data-widget_type=\"breadcrumbs.default\">\n\t\t\t\t<div class=\"elementor-widget-container\">\n\t\t\t\t\t<nav id=\"breadcrumbs\"><span><span><a href=\"https:\/\/omnitextgroup.com\/es\/\">Home<\/a><\/span><\/span><\/nav>\t\t\t\t<\/div>\n\t\t\t\t<\/div>\n\t\t\t\t\t<\/div>\n\t\t<\/div>\n\t\t\t\t\t<\/div>\n\t\t<\/section>\n\t\t\t\t<section class=\"ob-is-breaking-bad elementor-section elementor-top-section elementor-element elementor-element-5b48c0e6 elementor-section-boxed elementor-section-height-default elementor-section-height-default\" data-id=\"5b48c0e6\" data-element_type=\"section\" data-e-type=\"section\" data-settings=\"{&quot;background_background&quot;:&quot;classic&quot;,&quot;_ob_bbad_use_it&quot;:&quot;yes&quot;,&quot;_ob_bbad_sssic_use&quot;:&quot;no&quot;,&quot;_ob_glider_is_slider&quot;:&quot;no&quot;}\">\n\t\t\t\t\t\t<div class=\"elementor-container elementor-column-gap-default\">\n\t\t\t\t\t<div class=\"elementor-column elementor-col-100 elementor-top-column elementor-element elementor-element-7661e56e\" data-id=\"7661e56e\" data-element_type=\"column\" data-e-type=\"column\" data-settings=\"{&quot;_ob_bbad_is_stalker&quot;:&quot;no&quot;,&quot;_ob_teleporter_use&quot;:false,&quot;_ob_column_hoveranimator&quot;:&quot;no&quot;,&quot;_ob_column_has_pseudo&quot;:&quot;no&quot;}\">\n\t\t\t<div class=\"elementor-widget-wrap elementor-element-populated\">\n\t\t\t\t\t\t<div class=\"elementor-element elementor-element-e94909b ob-harakiri-inherit ob-has-background-overlay elementor-widget elementor-widget-heading\" data-id=\"e94909b\" data-element_type=\"widget\" data-e-type=\"widget\" data-settings=\"{&quot;_ob_use_harakiri&quot;:&quot;yes&quot;,&quot;_ob_harakiri_writing_mode&quot;:&quot;inherit&quot;,&quot;_ob_harakiri_text_clip&quot;:&quot;none&quot;,&quot;_ob_perspektive_use&quot;:&quot;no&quot;,&quot;_ob_poopart_use&quot;:&quot;yes&quot;,&quot;_ob_shadough_use&quot;:&quot;no&quot;,&quot;_ob_allow_hoveranimator&quot;:&quot;no&quot;,&quot;_ob_widget_stalker_use&quot;:&quot;no&quot;}\" data-widget_type=\"heading.default\">\n\t\t\t\t<div class=\"elementor-widget-container\">\n\t\t\t\t\t<h3 class=\"elementor-heading-title elementor-size-default\">Venta al por menor y comercio electr\u00f3nico<\/h3>\t\t\t\t<\/div>\n\t\t\t\t<\/div>\n\t\t\t\t<div class=\"elementor-element elementor-element-7acc33b4 elementor-widget-divider--view-line ob-has-background-overlay elementor-widget elementor-widget-divider\" data-id=\"7acc33b4\" data-element_type=\"widget\" data-e-type=\"widget\" data-settings=\"{&quot;_ob_perspektive_use&quot;:&quot;no&quot;,&quot;_ob_poopart_use&quot;:&quot;yes&quot;,&quot;_ob_shadough_use&quot;:&quot;no&quot;,&quot;_ob_allow_hoveranimator&quot;:&quot;no&quot;,&quot;_ob_widget_stalker_use&quot;:&quot;no&quot;}\" data-widget_type=\"divider.default\">\n\t\t\t\t<div class=\"elementor-widget-container\">\n\t\t\t\t\t\t\t<div class=\"elementor-divider\">\n\t\t\t<span class=\"elementor-divider-separator\">\n\t\t\t\t\t\t<\/span>\n\t\t<\/div>\n\t\t\t\t\t\t<\/div>\n\t\t\t\t<\/div>\n\t\t\t\t<div class=\"elementor-element elementor-element-2840d0fb ob-has-background-overlay elementor-widget elementor-widget-image\" data-id=\"2840d0fb\" data-element_type=\"widget\" data-e-type=\"widget\" data-settings=\"{&quot;_ob_photomorph_use&quot;:&quot;no&quot;,&quot;_ob_perspektive_use&quot;:&quot;no&quot;,&quot;_ob_poopart_use&quot;:&quot;yes&quot;,&quot;_ob_shadough_use&quot;:&quot;no&quot;,&quot;_ob_allow_hoveranimator&quot;:&quot;no&quot;,&quot;_ob_widget_stalker_use&quot;:&quot;no&quot;}\" data-widget_type=\"image.default\">\n\t\t\t\t<div class=\"elementor-widget-container\">\n\t\t\t\t\t\t\t\t\t\t\t\t\t\t\t<img fetchpriority=\"high\" decoding=\"async\" width=\"800\" height=\"368\" src=\"https:\/\/omnitextgroup.com\/wp-content\/uploads\/2021\/07\/retail-and-ecommerce-UPDATE-1024x471.jpg\" class=\"attachment-large size-large wp-image-5446\" alt=\"\" srcset=\"https:\/\/omnitextgroup.com\/wp-content\/uploads\/2021\/07\/retail-and-ecommerce-UPDATE-1024x471.jpg 1024w, https:\/\/omnitextgroup.com\/wp-content\/uploads\/2021\/07\/retail-and-ecommerce-UPDATE-300x138.jpg 300w, https:\/\/omnitextgroup.com\/wp-content\/uploads\/2021\/07\/retail-and-ecommerce-UPDATE-768x353.jpg 768w, https:\/\/omnitextgroup.com\/wp-content\/uploads\/2021\/07\/retail-and-ecommerce-UPDATE-1536x707.jpg 1536w, https:\/\/omnitextgroup.com\/wp-content\/uploads\/2021\/07\/retail-and-ecommerce-UPDATE-2048x943.jpg 2048w\" sizes=\"(max-width: 800px) 100vw, 800px\" \/>\t\t\t\t\t\t\t\t\t\t\t\t\t\t\t<\/div>\n\t\t\t\t<\/div>\n\t\t\t\t<div class=\"elementor-element elementor-element-224ba437 ob-harakiri-inherit ob-has-background-overlay elementor-widget elementor-widget-text-editor\" data-id=\"224ba437\" data-element_type=\"widget\" data-e-type=\"widget\" data-settings=\"{&quot;_ob_use_harakiri&quot;:&quot;yes&quot;,&quot;_ob_harakiri_writing_mode&quot;:&quot;inherit&quot;,&quot;_ob_postman_use&quot;:&quot;no&quot;,&quot;_ob_perspektive_use&quot;:&quot;no&quot;,&quot;_ob_poopart_use&quot;:&quot;yes&quot;,&quot;_ob_shadough_use&quot;:&quot;no&quot;,&quot;_ob_allow_hoveranimator&quot;:&quot;no&quot;,&quot;_ob_widget_stalker_use&quot;:&quot;no&quot;}\" data-widget_type=\"text-editor.default\">\n\t\t\t\t<div class=\"elementor-widget-container\">\n\t\t\t\t\t\t\t\t\t<div>Trabajamos con grupos minoristas grandes y tiendas peque\u00f1as de todo el mundo que requieren servicios de traducci\u00f3n y localizaci\u00f3n de sitios web para expandir sus operaciones en el extranjero.\u00a0<\/div>\n<div>En resumen: si desea que sus productos lleguen a un p\u00fablico global, el ingl\u00e9s no es suficiente.\u00a0\u00a0<\/div>\n\t\t\t\t\t\t\t\t<\/div>\n\t\t\t\t<\/div>\n\t\t\t\t<div class=\"elementor-element elementor-element-664f5e00 ob-harakiri-inherit ob-has-background-overlay elementor-widget elementor-widget-text-editor\" data-id=\"664f5e00\" data-element_type=\"widget\" data-e-type=\"widget\" data-settings=\"{&quot;_ob_use_harakiri&quot;:&quot;yes&quot;,&quot;_ob_harakiri_writing_mode&quot;:&quot;inherit&quot;,&quot;_ob_postman_use&quot;:&quot;no&quot;,&quot;_ob_perspektive_use&quot;:&quot;no&quot;,&quot;_ob_poopart_use&quot;:&quot;yes&quot;,&quot;_ob_shadough_use&quot;:&quot;no&quot;,&quot;_ob_allow_hoveranimator&quot;:&quot;no&quot;,&quot;_ob_widget_stalker_use&quot;:&quot;no&quot;}\" data-widget_type=\"text-editor.default\">\n\t\t\t\t<div class=\"elementor-widget-container\">\n\t\t\t\t\t\t\t\t\t<p>Las empresas con sitios web de comercio electr\u00f3nico localizados tienen una clara ventaja sobre sus competidores; se benefician de un aumento de los ingresos y las tasas de devoluci\u00f3n cuando se toman el tiempo de comunicarse en los idiomas locales. Adem\u00e1s, gozan de acceso a una base de mercado mucho mayor que la de otros minoristas.\u00a0<\/p>\n\t\t\t\t\t\t\t\t<\/div>\n\t\t\t\t<\/div>\n\t\t\t\t<div class=\"elementor-element elementor-element-2dbca5f ob-harakiri-inherit ob-has-background-overlay elementor-widget elementor-widget-text-editor\" data-id=\"2dbca5f\" data-element_type=\"widget\" data-e-type=\"widget\" data-settings=\"{&quot;_ob_use_harakiri&quot;:&quot;yes&quot;,&quot;_ob_harakiri_writing_mode&quot;:&quot;inherit&quot;,&quot;_ob_postman_use&quot;:&quot;no&quot;,&quot;_ob_perspektive_use&quot;:&quot;no&quot;,&quot;_ob_poopart_use&quot;:&quot;yes&quot;,&quot;_ob_shadough_use&quot;:&quot;no&quot;,&quot;_ob_allow_hoveranimator&quot;:&quot;no&quot;,&quot;_ob_widget_stalker_use&quot;:&quot;no&quot;}\" data-widget_type=\"text-editor.default\">\n\t\t\t\t<div class=\"elementor-widget-container\">\n\t\t\t\t\t\t\t\t\t<div>Una localizaci\u00f3n acertada tambi\u00e9n adapta las medidas, las monedas, los formatos y los valores a los mercados de destino para que el intercambio de informaci\u00f3n sea m\u00e1s eficaz.\u00a0<\/div>\n<div>\u00bfEst\u00e1 preparado para acceder a m\u00e1s clientes potenciales? Trabajaremos con usted para conocer sus productos y su p\u00fablico, de modo que podamos ofrecer contenidos traducidos en su sitio web o en su publicidad en l\u00ednea para atraer a clientes potenciales de diversos lugares del extranjero.<\/div>\n\t\t\t\t\t\t\t\t<\/div>\n\t\t\t\t<\/div>\n\t\t\t\t\t<\/div>\n\t\t<\/div>\n\t\t\t\t\t<\/div>\n\t\t<\/section>\n\t\t\t\t<\/div>\n\t\t","protected":false},"excerpt":{"rendered":"<p>Venta al por menor y comercio electr\u00f3nico Trabajamos con grupos minoristas grandes y tiendas peque\u00f1as de todo el mundo que requieren servicios de traducci\u00f3n y localizaci\u00f3n de sitios web para expandir sus operaciones en el extranjero.\u00a0 En resumen: si desea que sus productos lleguen a un p\u00fablico global, el ingl\u00e9s no es suficiente.\u00a0\u00a0 Las empresas [&hellip;]<\/p>\n","protected":false},"author":2,"featured_media":0,"parent":6314,"menu_order":0,"comment_status":"closed","ping_status":"closed","template":"","meta":{"footnotes":""},"class_list":["post-6285","page","type-page","status-publish","hentry"],"yoast_head":"<!-- This site is optimized with the Yoast SEO plugin v26.8 - https:\/\/yoast.com\/product\/yoast-seo-wordpress\/ -->\n<title>Venta al por menor y comercio electr\u00f3nico - OmniText Translations<\/title>\n<meta name=\"robots\" content=\"index, follow, max-snippet:-1, max-image-preview:large, max-video-preview:-1\" \/>\n<link rel=\"canonical\" href=\"https:\/\/omnitextgroup.com\/es\/sectores-de-especializacion\/venta-al-por-menor-y-comercio-electronico\/\" \/>\n<meta property=\"og:locale\" content=\"es_ES\" \/>\n<meta property=\"og:type\" content=\"article\" \/>\n<meta property=\"og:title\" content=\"Venta al por menor y comercio electr\u00f3nico - OmniText Translations\" \/>\n<meta property=\"og:description\" content=\"Venta al por menor y comercio electr\u00f3nico Trabajamos con grupos minoristas grandes y tiendas peque\u00f1as de todo el mundo que requieren servicios de traducci\u00f3n y localizaci\u00f3n de sitios web para expandir sus operaciones en el extranjero.\u00a0 En resumen: si desea que sus productos lleguen a un p\u00fablico global, el ingl\u00e9s no es suficiente.\u00a0\u00a0 Las empresas [&hellip;]\" \/>\n<meta property=\"og:url\" content=\"https:\/\/omnitextgroup.com\/es\/sectores-de-especializacion\/venta-al-por-menor-y-comercio-electronico\/\" \/>\n<meta property=\"og:site_name\" content=\"OmniText Translations\" \/>\n<meta property=\"article:modified_time\" content=\"2021-10-22T21:45:40+00:00\" \/>\n<meta property=\"og:image\" content=\"http:\/\/omnitextgroup.com\/wp-content\/uploads\/2021\/07\/retail-and-ecommerce-UPDATE-1024x471.jpg\" \/>\n<meta name=\"twitter:card\" content=\"summary_large_image\" \/>\n<meta name=\"twitter:label1\" content=\"Tiempo de lectura\" \/>\n\t<meta name=\"twitter:data1\" content=\"1 minuto\" \/>\n<script type=\"application\/ld+json\" class=\"yoast-schema-graph\">{\"@context\":\"https:\/\/schema.org\",\"@graph\":[{\"@type\":\"WebPage\",\"@id\":\"https:\/\/omnitextgroup.com\/es\/sectores-de-especializacion\/venta-al-por-menor-y-comercio-electronico\/\",\"url\":\"https:\/\/omnitextgroup.com\/es\/sectores-de-especializacion\/venta-al-por-menor-y-comercio-electronico\/\",\"name\":\"Venta al por menor y comercio electr\u00f3nico - OmniText Translations\",\"isPartOf\":{\"@id\":\"https:\/\/omnitextgroup.com\/es\/#website\"},\"primaryImageOfPage\":{\"@id\":\"https:\/\/omnitextgroup.com\/es\/sectores-de-especializacion\/venta-al-por-menor-y-comercio-electronico\/#primaryimage\"},\"image\":{\"@id\":\"https:\/\/omnitextgroup.com\/es\/sectores-de-especializacion\/venta-al-por-menor-y-comercio-electronico\/#primaryimage\"},\"thumbnailUrl\":\"http:\/\/omnitextgroup.com\/wp-content\/uploads\/2021\/07\/retail-and-ecommerce-UPDATE-1024x471.jpg\",\"datePublished\":\"2021-10-22T21:45:39+00:00\",\"dateModified\":\"2021-10-22T21:45:40+00:00\",\"breadcrumb\":{\"@id\":\"https:\/\/omnitextgroup.com\/es\/sectores-de-especializacion\/venta-al-por-menor-y-comercio-electronico\/#breadcrumb\"},\"inLanguage\":\"es\",\"potentialAction\":[{\"@type\":\"ReadAction\",\"target\":[\"https:\/\/omnitextgroup.com\/es\/sectores-de-especializacion\/venta-al-por-menor-y-comercio-electronico\/\"]}]},{\"@type\":\"ImageObject\",\"inLanguage\":\"es\",\"@id\":\"https:\/\/omnitextgroup.com\/es\/sectores-de-especializacion\/venta-al-por-menor-y-comercio-electronico\/#primaryimage\",\"url\":\"http:\/\/omnitextgroup.com\/wp-content\/uploads\/2021\/07\/retail-and-ecommerce-UPDATE-1024x471.jpg\",\"contentUrl\":\"http:\/\/omnitextgroup.com\/wp-content\/uploads\/2021\/07\/retail-and-ecommerce-UPDATE-1024x471.jpg\"},{\"@type\":\"BreadcrumbList\",\"@id\":\"https:\/\/omnitextgroup.com\/es\/sectores-de-especializacion\/venta-al-por-menor-y-comercio-electronico\/#breadcrumb\",\"itemListElement\":[{\"@type\":\"ListItem\",\"position\":1,\"name\":\"Home\",\"item\":\"https:\/\/omnitextgroup.com\/es\/\"},{\"@type\":\"ListItem\",\"position\":2,\"name\":\"Sectores de especializaci\u00f3n\",\"item\":\"https:\/\/omnitextgroup.com\/es\/industries\/\"},{\"@type\":\"ListItem\",\"position\":3,\"name\":\"Venta al por menor y comercio electr\u00f3nico\"}]},{\"@type\":\"WebSite\",\"@id\":\"https:\/\/omnitextgroup.com\/es\/#website\",\"url\":\"https:\/\/omnitextgroup.com\/es\/\",\"name\":\"OmniText Translations\",\"description\":\"Go glocal!\",\"potentialAction\":[{\"@type\":\"SearchAction\",\"target\":{\"@type\":\"EntryPoint\",\"urlTemplate\":\"https:\/\/omnitextgroup.com\/es\/?s={search_term_string}\"},\"query-input\":{\"@type\":\"PropertyValueSpecification\",\"valueRequired\":true,\"valueName\":\"search_term_string\"}}],\"inLanguage\":\"es\"}]}<\/script>\n<!-- \/ Yoast SEO plugin. -->","yoast_head_json":{"title":"Venta al por menor y comercio electr\u00f3nico - OmniText Translations","robots":{"index":"index","follow":"follow","max-snippet":"max-snippet:-1","max-image-preview":"max-image-preview:large","max-video-preview":"max-video-preview:-1"},"canonical":"https:\/\/omnitextgroup.com\/es\/sectores-de-especializacion\/venta-al-por-menor-y-comercio-electronico\/","og_locale":"es_ES","og_type":"article","og_title":"Venta al por menor y comercio electr\u00f3nico - OmniText Translations","og_description":"Venta al por menor y comercio electr\u00f3nico Trabajamos con grupos minoristas grandes y tiendas peque\u00f1as de todo el mundo que requieren servicios de traducci\u00f3n y localizaci\u00f3n de sitios web para expandir sus operaciones en el extranjero.\u00a0 En resumen: si desea que sus productos lleguen a un p\u00fablico global, el ingl\u00e9s no es suficiente.\u00a0\u00a0 Las empresas [&hellip;]","og_url":"https:\/\/omnitextgroup.com\/es\/sectores-de-especializacion\/venta-al-por-menor-y-comercio-electronico\/","og_site_name":"OmniText Translations","article_modified_time":"2021-10-22T21:45:40+00:00","og_image":[{"url":"http:\/\/omnitextgroup.com\/wp-content\/uploads\/2021\/07\/retail-and-ecommerce-UPDATE-1024x471.jpg","type":"","width":"","height":""}],"twitter_card":"summary_large_image","twitter_misc":{"Tiempo de lectura":"1 minuto"},"schema":{"@context":"https:\/\/schema.org","@graph":[{"@type":"WebPage","@id":"https:\/\/omnitextgroup.com\/es\/sectores-de-especializacion\/venta-al-por-menor-y-comercio-electronico\/","url":"https:\/\/omnitextgroup.com\/es\/sectores-de-especializacion\/venta-al-por-menor-y-comercio-electronico\/","name":"Venta al por menor y comercio electr\u00f3nico - OmniText Translations","isPartOf":{"@id":"https:\/\/omnitextgroup.com\/es\/#website"},"primaryImageOfPage":{"@id":"https:\/\/omnitextgroup.com\/es\/sectores-de-especializacion\/venta-al-por-menor-y-comercio-electronico\/#primaryimage"},"image":{"@id":"https:\/\/omnitextgroup.com\/es\/sectores-de-especializacion\/venta-al-por-menor-y-comercio-electronico\/#primaryimage"},"thumbnailUrl":"http:\/\/omnitextgroup.com\/wp-content\/uploads\/2021\/07\/retail-and-ecommerce-UPDATE-1024x471.jpg","datePublished":"2021-10-22T21:45:39+00:00","dateModified":"2021-10-22T21:45:40+00:00","breadcrumb":{"@id":"https:\/\/omnitextgroup.com\/es\/sectores-de-especializacion\/venta-al-por-menor-y-comercio-electronico\/#breadcrumb"},"inLanguage":"es","potentialAction":[{"@type":"ReadAction","target":["https:\/\/omnitextgroup.com\/es\/sectores-de-especializacion\/venta-al-por-menor-y-comercio-electronico\/"]}]},{"@type":"ImageObject","inLanguage":"es","@id":"https:\/\/omnitextgroup.com\/es\/sectores-de-especializacion\/venta-al-por-menor-y-comercio-electronico\/#primaryimage","url":"http:\/\/omnitextgroup.com\/wp-content\/uploads\/2021\/07\/retail-and-ecommerce-UPDATE-1024x471.jpg","contentUrl":"http:\/\/omnitextgroup.com\/wp-content\/uploads\/2021\/07\/retail-and-ecommerce-UPDATE-1024x471.jpg"},{"@type":"BreadcrumbList","@id":"https:\/\/omnitextgroup.com\/es\/sectores-de-especializacion\/venta-al-por-menor-y-comercio-electronico\/#breadcrumb","itemListElement":[{"@type":"ListItem","position":1,"name":"Home","item":"https:\/\/omnitextgroup.com\/es\/"},{"@type":"ListItem","position":2,"name":"Sectores de especializaci\u00f3n","item":"https:\/\/omnitextgroup.com\/es\/industries\/"},{"@type":"ListItem","position":3,"name":"Venta al por menor y comercio electr\u00f3nico"}]},{"@type":"WebSite","@id":"https:\/\/omnitextgroup.com\/es\/#website","url":"https:\/\/omnitextgroup.com\/es\/","name":"OmniText Translations","description":"Go glocal!","potentialAction":[{"@type":"SearchAction","target":{"@type":"EntryPoint","urlTemplate":"https:\/\/omnitextgroup.com\/es\/?s={search_term_string}"},"query-input":{"@type":"PropertyValueSpecification","valueRequired":true,"valueName":"search_term_string"}}],"inLanguage":"es"}]}},"_links":{"self":[{"href":"https:\/\/omnitextgroup.com\/es\/wp-json\/wp\/v2\/pages\/6285","targetHints":{"allow":["GET"]}}],"collection":[{"href":"https:\/\/omnitextgroup.com\/es\/wp-json\/wp\/v2\/pages"}],"about":[{"href":"https:\/\/omnitextgroup.com\/es\/wp-json\/wp\/v2\/types\/page"}],"author":[{"embeddable":true,"href":"https:\/\/omnitextgroup.com\/es\/wp-json\/wp\/v2\/users\/2"}],"replies":[{"embeddable":true,"href":"https:\/\/omnitextgroup.com\/es\/wp-json\/wp\/v2\/comments?post=6285"}],"version-history":[{"count":1,"href":"https:\/\/omnitextgroup.com\/es\/wp-json\/wp\/v2\/pages\/6285\/revisions"}],"predecessor-version":[{"id":6286,"href":"https:\/\/omnitextgroup.com\/es\/wp-json\/wp\/v2\/pages\/6285\/revisions\/6286"}],"up":[{"embeddable":true,"href":"https:\/\/omnitextgroup.com\/es\/wp-json\/wp\/v2\/pages\/6314"}],"wp:attachment":[{"href":"https:\/\/omnitextgroup.com\/es\/wp-json\/wp\/v2\/media?parent=6285"}],"curies":[{"name":"wp","href":"https:\/\/api.w.org\/{rel}","templated":true}]}}