{"id":6394,"date":"2022-01-06T16:12:46","date_gmt":"2022-01-06T16:12:46","guid":{"rendered":"http:\/\/omnitextgroup.com\/energie-et-mines\/"},"modified":"2022-01-07T20:58:54","modified_gmt":"2022-01-07T20:58:54","slug":"energie-et-mines","status":"publish","type":"page","link":"https:\/\/omnitextgroup.com\/fr\/secteurs-dactivite\/energie-et-mines\/","title":{"rendered":"\u00c9nergie et mines"},"content":{"rendered":"\t\t<div data-elementor-type=\"wp-page\" data-elementor-id=\"6394\" class=\"elementor elementor-6394 elementor-1220\">\n\t\t\t\t\t\t<section class=\"ob-is-breaking-bad elementor-section elementor-top-section elementor-element elementor-element-7c762a elementor-section-height-min-height elementor-section-content-middle elementor-section-boxed elementor-section-height-default elementor-section-items-middle\" data-id=\"7c762a\" data-element_type=\"section\" data-e-type=\"section\" data-settings=\"{&quot;background_background&quot;:&quot;classic&quot;,&quot;_ob_bbad_use_it&quot;:&quot;yes&quot;,&quot;_ob_bbad_sssic_use&quot;:&quot;no&quot;,&quot;_ob_glider_is_slider&quot;:&quot;no&quot;}\">\n\t\t\t\t\t\t\t<div class=\"elementor-background-overlay\"><\/div>\n\t\t\t\t\t\t\t<div class=\"elementor-container elementor-column-gap-default\">\n\t\t\t\t\t<div class=\"elementor-column elementor-col-100 elementor-top-column elementor-element elementor-element-df2ea8a\" data-id=\"df2ea8a\" data-element_type=\"column\" data-e-type=\"column\" data-settings=\"{&quot;_ob_bbad_is_stalker&quot;:&quot;no&quot;,&quot;_ob_teleporter_use&quot;:false,&quot;_ob_column_hoveranimator&quot;:&quot;no&quot;,&quot;_ob_column_has_pseudo&quot;:&quot;no&quot;}\">\n\t\t\t<div class=\"elementor-widget-wrap elementor-element-populated\">\n\t\t\t\t\t\t<div class=\"elementor-element elementor-element-774067d6 elementor-align-center ob-has-background-overlay elementor-widget elementor-widget-breadcrumbs\" data-id=\"774067d6\" data-element_type=\"widget\" data-e-type=\"widget\" data-settings=\"{&quot;_ob_perspektive_use&quot;:&quot;no&quot;,&quot;_ob_poopart_use&quot;:&quot;yes&quot;,&quot;_ob_shadough_use&quot;:&quot;no&quot;,&quot;_ob_allow_hoveranimator&quot;:&quot;no&quot;,&quot;_ob_widget_stalker_use&quot;:&quot;no&quot;}\" data-widget_type=\"breadcrumbs.default\">\n\t\t\t\t<div class=\"elementor-widget-container\">\n\t\t\t\t\t<nav id=\"breadcrumbs\"><span><span><a href=\"https:\/\/omnitextgroup.com\/fr\/\">Home<\/a><\/span><\/span><\/nav>\t\t\t\t<\/div>\n\t\t\t\t<\/div>\n\t\t\t\t\t<\/div>\n\t\t<\/div>\n\t\t\t\t\t<\/div>\n\t\t<\/section>\n\t\t\t\t<section class=\"ob-is-breaking-bad elementor-section elementor-top-section elementor-element elementor-element-2a97078c elementor-section-boxed elementor-section-height-default elementor-section-height-default\" data-id=\"2a97078c\" data-element_type=\"section\" data-e-type=\"section\" data-settings=\"{&quot;background_background&quot;:&quot;classic&quot;,&quot;_ob_bbad_use_it&quot;:&quot;yes&quot;,&quot;_ob_bbad_sssic_use&quot;:&quot;no&quot;,&quot;_ob_glider_is_slider&quot;:&quot;no&quot;}\">\n\t\t\t\t\t\t<div class=\"elementor-container elementor-column-gap-default\">\n\t\t\t\t\t<div class=\"elementor-column elementor-col-100 elementor-top-column elementor-element elementor-element-26cf3c54\" data-id=\"26cf3c54\" data-element_type=\"column\" data-e-type=\"column\" data-settings=\"{&quot;_ob_bbad_is_stalker&quot;:&quot;no&quot;,&quot;_ob_teleporter_use&quot;:false,&quot;_ob_column_hoveranimator&quot;:&quot;no&quot;,&quot;_ob_column_has_pseudo&quot;:&quot;no&quot;}\">\n\t\t\t<div class=\"elementor-widget-wrap elementor-element-populated\">\n\t\t\t\t\t\t<div class=\"elementor-element elementor-element-316d8af3 ob-harakiri-inherit ob-has-background-overlay elementor-widget elementor-widget-heading\" data-id=\"316d8af3\" data-element_type=\"widget\" data-e-type=\"widget\" data-settings=\"{&quot;_ob_use_harakiri&quot;:&quot;yes&quot;,&quot;_ob_harakiri_writing_mode&quot;:&quot;inherit&quot;,&quot;_ob_harakiri_text_clip&quot;:&quot;none&quot;,&quot;_ob_perspektive_use&quot;:&quot;no&quot;,&quot;_ob_poopart_use&quot;:&quot;yes&quot;,&quot;_ob_shadough_use&quot;:&quot;no&quot;,&quot;_ob_allow_hoveranimator&quot;:&quot;no&quot;,&quot;_ob_widget_stalker_use&quot;:&quot;no&quot;}\" data-widget_type=\"heading.default\">\n\t\t\t\t<div class=\"elementor-widget-container\">\n\t\t\t\t\t<h3 class=\"elementor-heading-title elementor-size-default\">\u00c9nergie et mines<\/h3>\t\t\t\t<\/div>\n\t\t\t\t<\/div>\n\t\t\t\t<div class=\"elementor-element elementor-element-7ada0da8 elementor-widget-divider--view-line ob-has-background-overlay elementor-widget elementor-widget-divider\" data-id=\"7ada0da8\" data-element_type=\"widget\" data-e-type=\"widget\" data-settings=\"{&quot;_ob_perspektive_use&quot;:&quot;no&quot;,&quot;_ob_poopart_use&quot;:&quot;yes&quot;,&quot;_ob_shadough_use&quot;:&quot;no&quot;,&quot;_ob_allow_hoveranimator&quot;:&quot;no&quot;,&quot;_ob_widget_stalker_use&quot;:&quot;no&quot;}\" data-widget_type=\"divider.default\">\n\t\t\t\t<div class=\"elementor-widget-container\">\n\t\t\t\t\t\t\t<div class=\"elementor-divider\">\n\t\t\t<span class=\"elementor-divider-separator\">\n\t\t\t\t\t\t<\/span>\n\t\t<\/div>\n\t\t\t\t\t\t<\/div>\n\t\t\t\t<\/div>\n\t\t\t\t<div class=\"elementor-element elementor-element-2b20cb10 ob-has-background-overlay elementor-widget elementor-widget-image\" data-id=\"2b20cb10\" data-element_type=\"widget\" data-e-type=\"widget\" data-settings=\"{&quot;_ob_photomorph_use&quot;:&quot;no&quot;,&quot;_ob_perspektive_use&quot;:&quot;no&quot;,&quot;_ob_poopart_use&quot;:&quot;yes&quot;,&quot;_ob_shadough_use&quot;:&quot;no&quot;,&quot;_ob_allow_hoveranimator&quot;:&quot;no&quot;,&quot;_ob_widget_stalker_use&quot;:&quot;no&quot;}\" data-widget_type=\"image.default\">\n\t\t\t\t<div class=\"elementor-widget-container\">\n\t\t\t\t\t\t\t\t\t\t\t\t\t\t\t<img fetchpriority=\"high\" decoding=\"async\" width=\"800\" height=\"799\" src=\"https:\/\/omnitextgroup.com\/wp-content\/uploads\/2021\/07\/energy-and-mining.jpg\" class=\"attachment-large size-large wp-image-5675\" alt=\"\" srcset=\"https:\/\/omnitextgroup.com\/wp-content\/uploads\/2021\/07\/energy-and-mining.jpg 938w, https:\/\/omnitextgroup.com\/wp-content\/uploads\/2021\/07\/energy-and-mining-300x300.jpg 300w, https:\/\/omnitextgroup.com\/wp-content\/uploads\/2021\/07\/energy-and-mining-150x150.jpg 150w, https:\/\/omnitextgroup.com\/wp-content\/uploads\/2021\/07\/energy-and-mining-768x767.jpg 768w\" sizes=\"(max-width: 800px) 100vw, 800px\" \/>\t\t\t\t\t\t\t\t\t\t\t\t\t\t\t<\/div>\n\t\t\t\t<\/div>\n\t\t\t\t<div class=\"elementor-element elementor-element-3b052c4b ob-harakiri-inherit ob-has-background-overlay elementor-widget elementor-widget-text-editor\" data-id=\"3b052c4b\" data-element_type=\"widget\" data-e-type=\"widget\" data-settings=\"{&quot;_ob_use_harakiri&quot;:&quot;yes&quot;,&quot;_ob_harakiri_writing_mode&quot;:&quot;inherit&quot;,&quot;_ob_postman_use&quot;:&quot;no&quot;,&quot;_ob_perspektive_use&quot;:&quot;no&quot;,&quot;_ob_poopart_use&quot;:&quot;yes&quot;,&quot;_ob_shadough_use&quot;:&quot;no&quot;,&quot;_ob_allow_hoveranimator&quot;:&quot;no&quot;,&quot;_ob_widget_stalker_use&quot;:&quot;no&quot;}\" data-widget_type=\"text-editor.default\">\n\t\t\t\t<div class=\"elementor-widget-container\">\n\t\t\t\t\t\t\t\t\t<div>Nous offrons une gamme compl\u00e8te de solutions de communication multilingue pour soutenir les soci\u00e9t\u00e9s mini\u00e8res, p\u00e9troli\u00e8res, gazi\u00e8res, d\u2019\u00e9lectricit\u00e9 et celles du secteur des \u00e9nergies renouvelables.<\/div>\n<div>En raison du rythme rapide des changements dans le secteur de l\u2019\u00e9nergie et des mines, les traducteurs doivent poss\u00e9der des connaissances \u00e0 jour et s\u2019informer sur les derni\u00e8res innovations.\u00a0<\/div>\n\t\t\t\t\t\t\t\t<\/div>\n\t\t\t\t<\/div>\n\t\t\t\t<div class=\"elementor-element elementor-element-94ac445 ob-harakiri-inherit ob-has-background-overlay elementor-widget elementor-widget-text-editor\" data-id=\"94ac445\" data-element_type=\"widget\" data-e-type=\"widget\" data-settings=\"{&quot;_ob_use_harakiri&quot;:&quot;yes&quot;,&quot;_ob_harakiri_writing_mode&quot;:&quot;inherit&quot;,&quot;_ob_postman_use&quot;:&quot;no&quot;,&quot;_ob_perspektive_use&quot;:&quot;no&quot;,&quot;_ob_poopart_use&quot;:&quot;yes&quot;,&quot;_ob_shadough_use&quot;:&quot;no&quot;,&quot;_ob_allow_hoveranimator&quot;:&quot;no&quot;,&quot;_ob_widget_stalker_use&quot;:&quot;no&quot;}\" data-widget_type=\"text-editor.default\">\n\t\t\t\t<div class=\"elementor-widget-container\">\n\t\t\t\t\t\t\t\t\t<p>Notre \u00e9quipe traduit et localise diff\u00e9rents types de documents pour l&rsquo;industrie de l&rsquo;\u00e9nergie et des mines\u00a0: des manuels techniques, des instructions d&rsquo;exploitation, des syst\u00e8mes et processus d&rsquo;usine, des manuels\u00a0ISO\u00a09000\/QS 9000, des manuels de formation, des bulletins techniques, des informations de maintenance, des fichiers de base de donn\u00e9es \u00e9lectroniques, des brochures marketing, des sites web, des pr\u00e9sentations PowerPoint, des documents sur l&rsquo;industrie p\u00e9trochimique, des fiches signal\u00e9tiques, des \u00e9valuations strat\u00e9giques, des contrats commerciaux, des documents amont (recherche et production), aval (raffinage et commercialisation), des documents sur le transport du p\u00e9trole et du gaz, et des documents de l\u00e9gislation \u00e9trang\u00e8re sur le p\u00e9trole.<\/p>\n\t\t\t\t\t\t\t\t<\/div>\n\t\t\t\t<\/div>\n\t\t\t\t\t<\/div>\n\t\t<\/div>\n\t\t\t\t\t<\/div>\n\t\t<\/section>\n\t\t\t\t<\/div>\n\t\t","protected":false},"excerpt":{"rendered":"<p>\u00c9nergie et mines Nous offrons une gamme compl\u00e8te de solutions de communication multilingue pour soutenir les soci\u00e9t\u00e9s mini\u00e8res, p\u00e9troli\u00e8res, gazi\u00e8res, d\u2019\u00e9lectricit\u00e9 et celles du secteur des \u00e9nergies renouvelables. En raison du rythme rapide des changements dans le secteur de l\u2019\u00e9nergie et des mines, les traducteurs doivent poss\u00e9der des connaissances \u00e0 jour et s\u2019informer sur les [&hellip;]<\/p>\n","protected":false},"author":2,"featured_media":0,"parent":6445,"menu_order":0,"comment_status":"closed","ping_status":"closed","template":"","meta":{"footnotes":""},"class_list":["post-6394","page","type-page","status-publish","hentry"],"yoast_head":"<!-- This site is optimized with the Yoast SEO plugin v26.8 - https:\/\/yoast.com\/product\/yoast-seo-wordpress\/ -->\n<title>\u00c9nergie et mines - OmniText Translations<\/title>\n<meta name=\"robots\" content=\"index, follow, max-snippet:-1, max-image-preview:large, max-video-preview:-1\" \/>\n<link rel=\"canonical\" href=\"https:\/\/omnitextgroup.com\/fr\/secteurs-dactivite\/energie-et-mines\/\" \/>\n<meta property=\"og:locale\" content=\"fr_FR\" \/>\n<meta property=\"og:type\" content=\"article\" \/>\n<meta property=\"og:title\" content=\"\u00c9nergie et mines - OmniText Translations\" \/>\n<meta property=\"og:description\" content=\"\u00c9nergie et mines Nous offrons une gamme compl\u00e8te de solutions de communication multilingue pour soutenir les soci\u00e9t\u00e9s mini\u00e8res, p\u00e9troli\u00e8res, gazi\u00e8res, d\u2019\u00e9lectricit\u00e9 et celles du secteur des \u00e9nergies renouvelables. En raison du rythme rapide des changements dans le secteur de l\u2019\u00e9nergie et des mines, les traducteurs doivent poss\u00e9der des connaissances \u00e0 jour et s\u2019informer sur les [&hellip;]\" \/>\n<meta property=\"og:url\" content=\"https:\/\/omnitextgroup.com\/fr\/secteurs-dactivite\/energie-et-mines\/\" \/>\n<meta property=\"og:site_name\" content=\"OmniText Translations\" \/>\n<meta property=\"article:modified_time\" content=\"2022-01-07T20:58:54+00:00\" \/>\n<meta property=\"og:image\" content=\"http:\/\/omnitextgroup.com\/wp-content\/uploads\/2021\/07\/energy-and-mining.jpg\" \/>\n<meta name=\"twitter:card\" content=\"summary_large_image\" \/>\n<meta name=\"twitter:label1\" content=\"Dur\u00e9e de lecture estim\u00e9e\" \/>\n\t<meta name=\"twitter:data1\" content=\"1 minute\" \/>\n<script type=\"application\/ld+json\" class=\"yoast-schema-graph\">{\"@context\":\"https:\/\/schema.org\",\"@graph\":[{\"@type\":\"WebPage\",\"@id\":\"https:\/\/omnitextgroup.com\/fr\/secteurs-dactivite\/energie-et-mines\/\",\"url\":\"https:\/\/omnitextgroup.com\/fr\/secteurs-dactivite\/energie-et-mines\/\",\"name\":\"\u00c9nergie et mines - OmniText Translations\",\"isPartOf\":{\"@id\":\"https:\/\/omnitextgroup.com\/fr\/#website\"},\"primaryImageOfPage\":{\"@id\":\"https:\/\/omnitextgroup.com\/fr\/secteurs-dactivite\/energie-et-mines\/#primaryimage\"},\"image\":{\"@id\":\"https:\/\/omnitextgroup.com\/fr\/secteurs-dactivite\/energie-et-mines\/#primaryimage\"},\"thumbnailUrl\":\"http:\/\/omnitextgroup.com\/wp-content\/uploads\/2021\/07\/energy-and-mining.jpg\",\"datePublished\":\"2022-01-06T16:12:46+00:00\",\"dateModified\":\"2022-01-07T20:58:54+00:00\",\"breadcrumb\":{\"@id\":\"https:\/\/omnitextgroup.com\/fr\/secteurs-dactivite\/energie-et-mines\/#breadcrumb\"},\"inLanguage\":\"fr-FR\",\"potentialAction\":[{\"@type\":\"ReadAction\",\"target\":[\"https:\/\/omnitextgroup.com\/fr\/secteurs-dactivite\/energie-et-mines\/\"]}]},{\"@type\":\"ImageObject\",\"inLanguage\":\"fr-FR\",\"@id\":\"https:\/\/omnitextgroup.com\/fr\/secteurs-dactivite\/energie-et-mines\/#primaryimage\",\"url\":\"http:\/\/omnitextgroup.com\/wp-content\/uploads\/2021\/07\/energy-and-mining.jpg\",\"contentUrl\":\"http:\/\/omnitextgroup.com\/wp-content\/uploads\/2021\/07\/energy-and-mining.jpg\"},{\"@type\":\"BreadcrumbList\",\"@id\":\"https:\/\/omnitextgroup.com\/fr\/secteurs-dactivite\/energie-et-mines\/#breadcrumb\",\"itemListElement\":[{\"@type\":\"ListItem\",\"position\":1,\"name\":\"Home\",\"item\":\"https:\/\/omnitextgroup.com\/fr\/\"},{\"@type\":\"ListItem\",\"position\":2,\"name\":\"Secteurs d\u2019activit\u00e9\",\"item\":\"https:\/\/omnitextgroup.com\/fr\/industries\/\"},{\"@type\":\"ListItem\",\"position\":3,\"name\":\"\u00c9nergie et mines\"}]},{\"@type\":\"WebSite\",\"@id\":\"https:\/\/omnitextgroup.com\/fr\/#website\",\"url\":\"https:\/\/omnitextgroup.com\/fr\/\",\"name\":\"OmniText Translations\",\"description\":\"Go glocal!\",\"potentialAction\":[{\"@type\":\"SearchAction\",\"target\":{\"@type\":\"EntryPoint\",\"urlTemplate\":\"https:\/\/omnitextgroup.com\/fr\/?s={search_term_string}\"},\"query-input\":{\"@type\":\"PropertyValueSpecification\",\"valueRequired\":true,\"valueName\":\"search_term_string\"}}],\"inLanguage\":\"fr-FR\"}]}<\/script>\n<!-- \/ Yoast SEO plugin. -->","yoast_head_json":{"title":"\u00c9nergie et mines - OmniText Translations","robots":{"index":"index","follow":"follow","max-snippet":"max-snippet:-1","max-image-preview":"max-image-preview:large","max-video-preview":"max-video-preview:-1"},"canonical":"https:\/\/omnitextgroup.com\/fr\/secteurs-dactivite\/energie-et-mines\/","og_locale":"fr_FR","og_type":"article","og_title":"\u00c9nergie et mines - OmniText Translations","og_description":"\u00c9nergie et mines Nous offrons une gamme compl\u00e8te de solutions de communication multilingue pour soutenir les soci\u00e9t\u00e9s mini\u00e8res, p\u00e9troli\u00e8res, gazi\u00e8res, d\u2019\u00e9lectricit\u00e9 et celles du secteur des \u00e9nergies renouvelables. En raison du rythme rapide des changements dans le secteur de l\u2019\u00e9nergie et des mines, les traducteurs doivent poss\u00e9der des connaissances \u00e0 jour et s\u2019informer sur les [&hellip;]","og_url":"https:\/\/omnitextgroup.com\/fr\/secteurs-dactivite\/energie-et-mines\/","og_site_name":"OmniText Translations","article_modified_time":"2022-01-07T20:58:54+00:00","og_image":[{"url":"http:\/\/omnitextgroup.com\/wp-content\/uploads\/2021\/07\/energy-and-mining.jpg","type":"","width":"","height":""}],"twitter_card":"summary_large_image","twitter_misc":{"Dur\u00e9e de lecture estim\u00e9e":"1 minute"},"schema":{"@context":"https:\/\/schema.org","@graph":[{"@type":"WebPage","@id":"https:\/\/omnitextgroup.com\/fr\/secteurs-dactivite\/energie-et-mines\/","url":"https:\/\/omnitextgroup.com\/fr\/secteurs-dactivite\/energie-et-mines\/","name":"\u00c9nergie et mines - OmniText Translations","isPartOf":{"@id":"https:\/\/omnitextgroup.com\/fr\/#website"},"primaryImageOfPage":{"@id":"https:\/\/omnitextgroup.com\/fr\/secteurs-dactivite\/energie-et-mines\/#primaryimage"},"image":{"@id":"https:\/\/omnitextgroup.com\/fr\/secteurs-dactivite\/energie-et-mines\/#primaryimage"},"thumbnailUrl":"http:\/\/omnitextgroup.com\/wp-content\/uploads\/2021\/07\/energy-and-mining.jpg","datePublished":"2022-01-06T16:12:46+00:00","dateModified":"2022-01-07T20:58:54+00:00","breadcrumb":{"@id":"https:\/\/omnitextgroup.com\/fr\/secteurs-dactivite\/energie-et-mines\/#breadcrumb"},"inLanguage":"fr-FR","potentialAction":[{"@type":"ReadAction","target":["https:\/\/omnitextgroup.com\/fr\/secteurs-dactivite\/energie-et-mines\/"]}]},{"@type":"ImageObject","inLanguage":"fr-FR","@id":"https:\/\/omnitextgroup.com\/fr\/secteurs-dactivite\/energie-et-mines\/#primaryimage","url":"http:\/\/omnitextgroup.com\/wp-content\/uploads\/2021\/07\/energy-and-mining.jpg","contentUrl":"http:\/\/omnitextgroup.com\/wp-content\/uploads\/2021\/07\/energy-and-mining.jpg"},{"@type":"BreadcrumbList","@id":"https:\/\/omnitextgroup.com\/fr\/secteurs-dactivite\/energie-et-mines\/#breadcrumb","itemListElement":[{"@type":"ListItem","position":1,"name":"Home","item":"https:\/\/omnitextgroup.com\/fr\/"},{"@type":"ListItem","position":2,"name":"Secteurs d\u2019activit\u00e9","item":"https:\/\/omnitextgroup.com\/fr\/industries\/"},{"@type":"ListItem","position":3,"name":"\u00c9nergie et mines"}]},{"@type":"WebSite","@id":"https:\/\/omnitextgroup.com\/fr\/#website","url":"https:\/\/omnitextgroup.com\/fr\/","name":"OmniText Translations","description":"Go glocal!","potentialAction":[{"@type":"SearchAction","target":{"@type":"EntryPoint","urlTemplate":"https:\/\/omnitextgroup.com\/fr\/?s={search_term_string}"},"query-input":{"@type":"PropertyValueSpecification","valueRequired":true,"valueName":"search_term_string"}}],"inLanguage":"fr-FR"}]}},"_links":{"self":[{"href":"https:\/\/omnitextgroup.com\/fr\/wp-json\/wp\/v2\/pages\/6394","targetHints":{"allow":["GET"]}}],"collection":[{"href":"https:\/\/omnitextgroup.com\/fr\/wp-json\/wp\/v2\/pages"}],"about":[{"href":"https:\/\/omnitextgroup.com\/fr\/wp-json\/wp\/v2\/types\/page"}],"author":[{"embeddable":true,"href":"https:\/\/omnitextgroup.com\/fr\/wp-json\/wp\/v2\/users\/2"}],"replies":[{"embeddable":true,"href":"https:\/\/omnitextgroup.com\/fr\/wp-json\/wp\/v2\/comments?post=6394"}],"version-history":[{"count":5,"href":"https:\/\/omnitextgroup.com\/fr\/wp-json\/wp\/v2\/pages\/6394\/revisions"}],"predecessor-version":[{"id":6548,"href":"https:\/\/omnitextgroup.com\/fr\/wp-json\/wp\/v2\/pages\/6394\/revisions\/6548"}],"up":[{"embeddable":true,"href":"https:\/\/omnitextgroup.com\/fr\/wp-json\/wp\/v2\/pages\/6445"}],"wp:attachment":[{"href":"https:\/\/omnitextgroup.com\/fr\/wp-json\/wp\/v2\/media?parent=6394"}],"curies":[{"name":"wp","href":"https:\/\/api.w.org\/{rel}","templated":true}]}}