{"id":6400,"date":"2022-01-06T16:13:48","date_gmt":"2022-01-06T16:13:48","guid":{"rendered":"http:\/\/omnitextgroup.com\/publicite-marketing-relations-publiques\/"},"modified":"2022-01-07T20:57:22","modified_gmt":"2022-01-07T20:57:22","slug":"publicite-marketing-relations-publiques","status":"publish","type":"page","link":"https:\/\/omnitextgroup.com\/fr\/secteurs-dactivite\/publicite-marketing-relations-publiques\/","title":{"rendered":"Publicit\u00e9, marketing, relations publiques"},"content":{"rendered":"\t\t<div data-elementor-type=\"wp-page\" data-elementor-id=\"6400\" class=\"elementor elementor-6400 elementor-1197\">\n\t\t\t\t\t\t<section class=\"ob-is-breaking-bad elementor-section elementor-top-section elementor-element elementor-element-5ed34205 elementor-section-height-min-height elementor-section-content-middle elementor-section-boxed elementor-section-height-default elementor-section-items-middle\" data-id=\"5ed34205\" data-element_type=\"section\" data-e-type=\"section\" data-settings=\"{&quot;background_background&quot;:&quot;classic&quot;,&quot;_ob_bbad_use_it&quot;:&quot;yes&quot;,&quot;_ob_bbad_sssic_use&quot;:&quot;no&quot;,&quot;_ob_glider_is_slider&quot;:&quot;no&quot;}\">\n\t\t\t\t\t\t\t<div class=\"elementor-background-overlay\"><\/div>\n\t\t\t\t\t\t\t<div class=\"elementor-container elementor-column-gap-default\">\n\t\t\t\t\t<div class=\"elementor-column elementor-col-100 elementor-top-column elementor-element elementor-element-a95f8d1\" data-id=\"a95f8d1\" data-element_type=\"column\" data-e-type=\"column\" data-settings=\"{&quot;_ob_bbad_is_stalker&quot;:&quot;no&quot;,&quot;_ob_teleporter_use&quot;:false,&quot;_ob_column_hoveranimator&quot;:&quot;no&quot;,&quot;_ob_column_has_pseudo&quot;:&quot;no&quot;}\">\n\t\t\t<div class=\"elementor-widget-wrap elementor-element-populated\">\n\t\t\t\t\t\t<div class=\"elementor-element elementor-element-195a5d60 elementor-align-center ob-has-background-overlay elementor-widget elementor-widget-breadcrumbs\" data-id=\"195a5d60\" data-element_type=\"widget\" data-e-type=\"widget\" data-settings=\"{&quot;_ob_perspektive_use&quot;:&quot;no&quot;,&quot;_ob_poopart_use&quot;:&quot;yes&quot;,&quot;_ob_shadough_use&quot;:&quot;no&quot;,&quot;_ob_allow_hoveranimator&quot;:&quot;no&quot;,&quot;_ob_widget_stalker_use&quot;:&quot;no&quot;}\" data-widget_type=\"breadcrumbs.default\">\n\t\t\t\t<div class=\"elementor-widget-container\">\n\t\t\t\t\t<nav id=\"breadcrumbs\"><span><span><a href=\"https:\/\/omnitextgroup.com\/fr\/\">Home<\/a><\/span><\/span><\/nav>\t\t\t\t<\/div>\n\t\t\t\t<\/div>\n\t\t\t\t\t<\/div>\n\t\t<\/div>\n\t\t\t\t\t<\/div>\n\t\t<\/section>\n\t\t\t\t<section class=\"ob-is-breaking-bad elementor-section elementor-top-section elementor-element elementor-element-37d36dfc elementor-section-boxed elementor-section-height-default elementor-section-height-default\" data-id=\"37d36dfc\" data-element_type=\"section\" data-e-type=\"section\" data-settings=\"{&quot;background_background&quot;:&quot;classic&quot;,&quot;_ob_bbad_use_it&quot;:&quot;yes&quot;,&quot;_ob_bbad_sssic_use&quot;:&quot;no&quot;,&quot;_ob_glider_is_slider&quot;:&quot;no&quot;}\">\n\t\t\t\t\t\t<div class=\"elementor-container elementor-column-gap-default\">\n\t\t\t\t\t<div class=\"elementor-column elementor-col-100 elementor-top-column elementor-element elementor-element-79c78d4d\" data-id=\"79c78d4d\" data-element_type=\"column\" data-e-type=\"column\" data-settings=\"{&quot;_ob_bbad_is_stalker&quot;:&quot;no&quot;,&quot;_ob_teleporter_use&quot;:false,&quot;_ob_column_hoveranimator&quot;:&quot;no&quot;,&quot;_ob_column_has_pseudo&quot;:&quot;no&quot;}\">\n\t\t\t<div class=\"elementor-widget-wrap elementor-element-populated\">\n\t\t\t\t\t\t<div class=\"elementor-element elementor-element-477a6b8b ob-harakiri-inherit ob-has-background-overlay elementor-widget elementor-widget-heading\" data-id=\"477a6b8b\" data-element_type=\"widget\" data-e-type=\"widget\" data-settings=\"{&quot;_ob_use_harakiri&quot;:&quot;yes&quot;,&quot;_ob_harakiri_writing_mode&quot;:&quot;inherit&quot;,&quot;_ob_harakiri_text_clip&quot;:&quot;none&quot;,&quot;_ob_perspektive_use&quot;:&quot;no&quot;,&quot;_ob_poopart_use&quot;:&quot;yes&quot;,&quot;_ob_shadough_use&quot;:&quot;no&quot;,&quot;_ob_allow_hoveranimator&quot;:&quot;no&quot;,&quot;_ob_widget_stalker_use&quot;:&quot;no&quot;}\" data-widget_type=\"heading.default\">\n\t\t\t\t<div class=\"elementor-widget-container\">\n\t\t\t\t\t<h3 class=\"elementor-heading-title elementor-size-default\">Publicit\u00e9, marketing, relations publiques<\/h3>\t\t\t\t<\/div>\n\t\t\t\t<\/div>\n\t\t\t\t<div class=\"elementor-element elementor-element-6498eb49 elementor-widget-divider--view-line ob-has-background-overlay elementor-widget elementor-widget-divider\" data-id=\"6498eb49\" data-element_type=\"widget\" data-e-type=\"widget\" data-settings=\"{&quot;_ob_perspektive_use&quot;:&quot;no&quot;,&quot;_ob_poopart_use&quot;:&quot;yes&quot;,&quot;_ob_shadough_use&quot;:&quot;no&quot;,&quot;_ob_allow_hoveranimator&quot;:&quot;no&quot;,&quot;_ob_widget_stalker_use&quot;:&quot;no&quot;}\" data-widget_type=\"divider.default\">\n\t\t\t\t<div class=\"elementor-widget-container\">\n\t\t\t\t\t\t\t<div class=\"elementor-divider\">\n\t\t\t<span class=\"elementor-divider-separator\">\n\t\t\t\t\t\t<\/span>\n\t\t<\/div>\n\t\t\t\t\t\t<\/div>\n\t\t\t\t<\/div>\n\t\t\t\t<div class=\"elementor-element elementor-element-9da8a06 ob-has-background-overlay elementor-widget elementor-widget-image\" data-id=\"9da8a06\" data-element_type=\"widget\" data-e-type=\"widget\" data-settings=\"{&quot;_ob_photomorph_use&quot;:&quot;no&quot;,&quot;_ob_perspektive_use&quot;:&quot;no&quot;,&quot;_ob_poopart_use&quot;:&quot;yes&quot;,&quot;_ob_shadough_use&quot;:&quot;no&quot;,&quot;_ob_allow_hoveranimator&quot;:&quot;no&quot;,&quot;_ob_widget_stalker_use&quot;:&quot;no&quot;}\" data-widget_type=\"image.default\">\n\t\t\t\t<div class=\"elementor-widget-container\">\n\t\t\t\t\t\t\t\t\t\t\t\t\t\t\t<img fetchpriority=\"high\" decoding=\"async\" width=\"800\" height=\"788\" src=\"https:\/\/omnitextgroup.com\/wp-content\/uploads\/2021\/07\/ad-1-1024x1009.png\" class=\"attachment-large size-large wp-image-5758\" alt=\"\" srcset=\"https:\/\/omnitextgroup.com\/wp-content\/uploads\/2021\/07\/ad-1-1024x1009.png 1024w, https:\/\/omnitextgroup.com\/wp-content\/uploads\/2021\/07\/ad-1-300x296.png 300w, https:\/\/omnitextgroup.com\/wp-content\/uploads\/2021\/07\/ad-1-768x757.png 768w, https:\/\/omnitextgroup.com\/wp-content\/uploads\/2021\/07\/ad-1.png 1035w\" sizes=\"(max-width: 800px) 100vw, 800px\" \/>\t\t\t\t\t\t\t\t\t\t\t\t\t\t\t<\/div>\n\t\t\t\t<\/div>\n\t\t\t\t<div class=\"elementor-element elementor-element-aa74a18 ob-harakiri-inherit ob-has-background-overlay elementor-widget elementor-widget-text-editor\" data-id=\"aa74a18\" data-element_type=\"widget\" data-e-type=\"widget\" data-settings=\"{&quot;_ob_use_harakiri&quot;:&quot;yes&quot;,&quot;_ob_harakiri_writing_mode&quot;:&quot;inherit&quot;,&quot;_ob_postman_use&quot;:&quot;no&quot;,&quot;_ob_perspektive_use&quot;:&quot;no&quot;,&quot;_ob_poopart_use&quot;:&quot;yes&quot;,&quot;_ob_shadough_use&quot;:&quot;no&quot;,&quot;_ob_allow_hoveranimator&quot;:&quot;no&quot;,&quot;_ob_widget_stalker_use&quot;:&quot;no&quot;}\" data-widget_type=\"text-editor.default\">\n\t\t\t\t<div class=\"elementor-widget-container\">\n\t\t\t\t\t\t\t\t\t<p>Contrairement \u00e0 la croyance populaire, le marketing ou la publicit\u00e9 ne consistent pas \u00e0 produire une belle prose et des designs impressionnants. Il s\u2019agit d\u2019une communication qui doit avant tout convaincre.<\/p>\n\t\t\t\t\t\t\t\t<\/div>\n\t\t\t\t<\/div>\n\t\t\t\t<div class=\"elementor-element elementor-element-e2caf2c ob-harakiri-inherit ob-has-background-overlay elementor-widget elementor-widget-text-editor\" data-id=\"e2caf2c\" data-element_type=\"widget\" data-e-type=\"widget\" data-settings=\"{&quot;_ob_use_harakiri&quot;:&quot;yes&quot;,&quot;_ob_harakiri_writing_mode&quot;:&quot;inherit&quot;,&quot;_ob_postman_use&quot;:&quot;no&quot;,&quot;_ob_perspektive_use&quot;:&quot;no&quot;,&quot;_ob_poopart_use&quot;:&quot;yes&quot;,&quot;_ob_shadough_use&quot;:&quot;no&quot;,&quot;_ob_allow_hoveranimator&quot;:&quot;no&quot;,&quot;_ob_widget_stalker_use&quot;:&quot;no&quot;}\" data-widget_type=\"text-editor.default\">\n\t\t\t\t<div class=\"elementor-widget-container\">\n\t\t\t\t\t\t\t\t\t<p>Formuler le bon message peut s\u2019av\u00e9rer d\u00e9licat selon la langue et la culture. La traduction litt\u00e9rale d\u2019une publicit\u00e9, sans prendre en compte la fa\u00e7on dont elle sera per\u00e7ue par le nouveau public cible, a d\u00e9j\u00e0 conduit des entreprises \u00e0 commettre des erreurs embarrassantes par le pass\u00e9.<\/p>\n\t\t\t\t\t\t\t\t<\/div>\n\t\t\t\t<\/div>\n\t\t\t\t<div class=\"elementor-element elementor-element-398dae1 ob-harakiri-inherit ob-has-background-overlay elementor-widget elementor-widget-text-editor\" data-id=\"398dae1\" data-element_type=\"widget\" data-e-type=\"widget\" data-settings=\"{&quot;_ob_use_harakiri&quot;:&quot;yes&quot;,&quot;_ob_harakiri_writing_mode&quot;:&quot;inherit&quot;,&quot;_ob_postman_use&quot;:&quot;no&quot;,&quot;_ob_perspektive_use&quot;:&quot;no&quot;,&quot;_ob_poopart_use&quot;:&quot;yes&quot;,&quot;_ob_shadough_use&quot;:&quot;no&quot;,&quot;_ob_allow_hoveranimator&quot;:&quot;no&quot;,&quot;_ob_widget_stalker_use&quot;:&quot;no&quot;}\" data-widget_type=\"text-editor.default\">\n\t\t\t\t<div class=\"elementor-widget-container\">\n\t\t\t\t\t\t\t\t\t<div>Vos campagnes de marketing doivent non seulement \u00eatre parfaitement traduites, mais \u00e9galement localis\u00e9es avec minutie, afin de persuader des clients existants ou potentiels d\u2019une culture diff\u00e9rente tout en r\u00e9duisant les risques d\u2019incompr\u00e9hension.\u00a0<\/div>\n<div>OmniText Translations emploie des professionnels exp\u00e9riment\u00e9s pour traduire vos publicit\u00e9s, vos communiqu\u00e9s de presse, vos bulletins d\u2019information, votre contenu Web et tout autre mat\u00e9riel de marketing. Nous pouvons \u00e9galement mettre en \u0153uvre nos connaissances et notre exp\u00e9rience en mati\u00e8re de SEO (optimisation des moteurs de recherche) et de SEA (publicit\u00e9 sur les moteurs de recherche) afin que le contenu final soit mieux class\u00e9 dans les moteurs de recherche.<\/div>\n\t\t\t\t\t\t\t\t<\/div>\n\t\t\t\t<\/div>\n\t\t\t\t\t<\/div>\n\t\t<\/div>\n\t\t\t\t\t<\/div>\n\t\t<\/section>\n\t\t\t\t<\/div>\n\t\t","protected":false},"excerpt":{"rendered":"<p>Publicit\u00e9, marketing, relations publiques Contrairement \u00e0 la croyance populaire, le marketing ou la publicit\u00e9 ne consistent pas \u00e0 produire une belle prose et des designs impressionnants. Il s\u2019agit d\u2019une communication qui doit avant tout convaincre. Formuler le bon message peut s\u2019av\u00e9rer d\u00e9licat selon la langue et la culture. La traduction litt\u00e9rale d\u2019une publicit\u00e9, sans prendre [&hellip;]<\/p>\n","protected":false},"author":2,"featured_media":0,"parent":6445,"menu_order":0,"comment_status":"closed","ping_status":"closed","template":"","meta":{"footnotes":""},"class_list":["post-6400","page","type-page","status-publish","hentry"],"yoast_head":"<!-- This site is optimized with the Yoast SEO plugin v26.8 - https:\/\/yoast.com\/product\/yoast-seo-wordpress\/ -->\n<title>Publicit\u00e9, marketing, relations publiques - OmniText Translations<\/title>\n<meta name=\"robots\" content=\"index, follow, max-snippet:-1, max-image-preview:large, max-video-preview:-1\" \/>\n<link rel=\"canonical\" href=\"https:\/\/omnitextgroup.com\/fr\/secteurs-dactivite\/publicite-marketing-relations-publiques\/\" \/>\n<meta property=\"og:locale\" content=\"fr_FR\" \/>\n<meta property=\"og:type\" content=\"article\" \/>\n<meta property=\"og:title\" content=\"Publicit\u00e9, marketing, relations publiques - OmniText Translations\" \/>\n<meta property=\"og:description\" content=\"Publicit\u00e9, marketing, relations publiques Contrairement \u00e0 la croyance populaire, le marketing ou la publicit\u00e9 ne consistent pas \u00e0 produire une belle prose et des designs impressionnants. Il s\u2019agit d\u2019une communication qui doit avant tout convaincre. Formuler le bon message peut s\u2019av\u00e9rer d\u00e9licat selon la langue et la culture. La traduction litt\u00e9rale d\u2019une publicit\u00e9, sans prendre [&hellip;]\" \/>\n<meta property=\"og:url\" content=\"https:\/\/omnitextgroup.com\/fr\/secteurs-dactivite\/publicite-marketing-relations-publiques\/\" \/>\n<meta property=\"og:site_name\" content=\"OmniText Translations\" \/>\n<meta property=\"article:modified_time\" content=\"2022-01-07T20:57:22+00:00\" \/>\n<meta property=\"og:image\" content=\"http:\/\/omnitextgroup.com\/wp-content\/uploads\/2021\/07\/ad-1-1024x1009.png\" \/>\n<meta name=\"twitter:card\" content=\"summary_large_image\" \/>\n<meta name=\"twitter:label1\" content=\"Dur\u00e9e de lecture estim\u00e9e\" \/>\n\t<meta name=\"twitter:data1\" content=\"1 minute\" \/>\n<script type=\"application\/ld+json\" class=\"yoast-schema-graph\">{\"@context\":\"https:\/\/schema.org\",\"@graph\":[{\"@type\":\"WebPage\",\"@id\":\"https:\/\/omnitextgroup.com\/fr\/secteurs-dactivite\/publicite-marketing-relations-publiques\/\",\"url\":\"https:\/\/omnitextgroup.com\/fr\/secteurs-dactivite\/publicite-marketing-relations-publiques\/\",\"name\":\"Publicit\u00e9, marketing, relations publiques - OmniText Translations\",\"isPartOf\":{\"@id\":\"https:\/\/omnitextgroup.com\/fr\/#website\"},\"primaryImageOfPage\":{\"@id\":\"https:\/\/omnitextgroup.com\/fr\/secteurs-dactivite\/publicite-marketing-relations-publiques\/#primaryimage\"},\"image\":{\"@id\":\"https:\/\/omnitextgroup.com\/fr\/secteurs-dactivite\/publicite-marketing-relations-publiques\/#primaryimage\"},\"thumbnailUrl\":\"http:\/\/omnitextgroup.com\/wp-content\/uploads\/2021\/07\/ad-1-1024x1009.png\",\"datePublished\":\"2022-01-06T16:13:48+00:00\",\"dateModified\":\"2022-01-07T20:57:22+00:00\",\"breadcrumb\":{\"@id\":\"https:\/\/omnitextgroup.com\/fr\/secteurs-dactivite\/publicite-marketing-relations-publiques\/#breadcrumb\"},\"inLanguage\":\"fr-FR\",\"potentialAction\":[{\"@type\":\"ReadAction\",\"target\":[\"https:\/\/omnitextgroup.com\/fr\/secteurs-dactivite\/publicite-marketing-relations-publiques\/\"]}]},{\"@type\":\"ImageObject\",\"inLanguage\":\"fr-FR\",\"@id\":\"https:\/\/omnitextgroup.com\/fr\/secteurs-dactivite\/publicite-marketing-relations-publiques\/#primaryimage\",\"url\":\"http:\/\/omnitextgroup.com\/wp-content\/uploads\/2021\/07\/ad-1-1024x1009.png\",\"contentUrl\":\"http:\/\/omnitextgroup.com\/wp-content\/uploads\/2021\/07\/ad-1-1024x1009.png\"},{\"@type\":\"BreadcrumbList\",\"@id\":\"https:\/\/omnitextgroup.com\/fr\/secteurs-dactivite\/publicite-marketing-relations-publiques\/#breadcrumb\",\"itemListElement\":[{\"@type\":\"ListItem\",\"position\":1,\"name\":\"Home\",\"item\":\"https:\/\/omnitextgroup.com\/fr\/\"},{\"@type\":\"ListItem\",\"position\":2,\"name\":\"Secteurs d\u2019activit\u00e9\",\"item\":\"https:\/\/omnitextgroup.com\/fr\/industries\/\"},{\"@type\":\"ListItem\",\"position\":3,\"name\":\"Publicit\u00e9, marketing, relations publiques\"}]},{\"@type\":\"WebSite\",\"@id\":\"https:\/\/omnitextgroup.com\/fr\/#website\",\"url\":\"https:\/\/omnitextgroup.com\/fr\/\",\"name\":\"OmniText Translations\",\"description\":\"Go glocal!\",\"potentialAction\":[{\"@type\":\"SearchAction\",\"target\":{\"@type\":\"EntryPoint\",\"urlTemplate\":\"https:\/\/omnitextgroup.com\/fr\/?s={search_term_string}\"},\"query-input\":{\"@type\":\"PropertyValueSpecification\",\"valueRequired\":true,\"valueName\":\"search_term_string\"}}],\"inLanguage\":\"fr-FR\"}]}<\/script>\n<!-- \/ Yoast SEO plugin. -->","yoast_head_json":{"title":"Publicit\u00e9, marketing, relations publiques - OmniText Translations","robots":{"index":"index","follow":"follow","max-snippet":"max-snippet:-1","max-image-preview":"max-image-preview:large","max-video-preview":"max-video-preview:-1"},"canonical":"https:\/\/omnitextgroup.com\/fr\/secteurs-dactivite\/publicite-marketing-relations-publiques\/","og_locale":"fr_FR","og_type":"article","og_title":"Publicit\u00e9, marketing, relations publiques - OmniText Translations","og_description":"Publicit\u00e9, marketing, relations publiques Contrairement \u00e0 la croyance populaire, le marketing ou la publicit\u00e9 ne consistent pas \u00e0 produire une belle prose et des designs impressionnants. Il s\u2019agit d\u2019une communication qui doit avant tout convaincre. Formuler le bon message peut s\u2019av\u00e9rer d\u00e9licat selon la langue et la culture. La traduction litt\u00e9rale d\u2019une publicit\u00e9, sans prendre [&hellip;]","og_url":"https:\/\/omnitextgroup.com\/fr\/secteurs-dactivite\/publicite-marketing-relations-publiques\/","og_site_name":"OmniText Translations","article_modified_time":"2022-01-07T20:57:22+00:00","og_image":[{"url":"http:\/\/omnitextgroup.com\/wp-content\/uploads\/2021\/07\/ad-1-1024x1009.png","type":"","width":"","height":""}],"twitter_card":"summary_large_image","twitter_misc":{"Dur\u00e9e de lecture estim\u00e9e":"1 minute"},"schema":{"@context":"https:\/\/schema.org","@graph":[{"@type":"WebPage","@id":"https:\/\/omnitextgroup.com\/fr\/secteurs-dactivite\/publicite-marketing-relations-publiques\/","url":"https:\/\/omnitextgroup.com\/fr\/secteurs-dactivite\/publicite-marketing-relations-publiques\/","name":"Publicit\u00e9, marketing, relations publiques - OmniText Translations","isPartOf":{"@id":"https:\/\/omnitextgroup.com\/fr\/#website"},"primaryImageOfPage":{"@id":"https:\/\/omnitextgroup.com\/fr\/secteurs-dactivite\/publicite-marketing-relations-publiques\/#primaryimage"},"image":{"@id":"https:\/\/omnitextgroup.com\/fr\/secteurs-dactivite\/publicite-marketing-relations-publiques\/#primaryimage"},"thumbnailUrl":"http:\/\/omnitextgroup.com\/wp-content\/uploads\/2021\/07\/ad-1-1024x1009.png","datePublished":"2022-01-06T16:13:48+00:00","dateModified":"2022-01-07T20:57:22+00:00","breadcrumb":{"@id":"https:\/\/omnitextgroup.com\/fr\/secteurs-dactivite\/publicite-marketing-relations-publiques\/#breadcrumb"},"inLanguage":"fr-FR","potentialAction":[{"@type":"ReadAction","target":["https:\/\/omnitextgroup.com\/fr\/secteurs-dactivite\/publicite-marketing-relations-publiques\/"]}]},{"@type":"ImageObject","inLanguage":"fr-FR","@id":"https:\/\/omnitextgroup.com\/fr\/secteurs-dactivite\/publicite-marketing-relations-publiques\/#primaryimage","url":"http:\/\/omnitextgroup.com\/wp-content\/uploads\/2021\/07\/ad-1-1024x1009.png","contentUrl":"http:\/\/omnitextgroup.com\/wp-content\/uploads\/2021\/07\/ad-1-1024x1009.png"},{"@type":"BreadcrumbList","@id":"https:\/\/omnitextgroup.com\/fr\/secteurs-dactivite\/publicite-marketing-relations-publiques\/#breadcrumb","itemListElement":[{"@type":"ListItem","position":1,"name":"Home","item":"https:\/\/omnitextgroup.com\/fr\/"},{"@type":"ListItem","position":2,"name":"Secteurs d\u2019activit\u00e9","item":"https:\/\/omnitextgroup.com\/fr\/industries\/"},{"@type":"ListItem","position":3,"name":"Publicit\u00e9, marketing, relations publiques"}]},{"@type":"WebSite","@id":"https:\/\/omnitextgroup.com\/fr\/#website","url":"https:\/\/omnitextgroup.com\/fr\/","name":"OmniText Translations","description":"Go glocal!","potentialAction":[{"@type":"SearchAction","target":{"@type":"EntryPoint","urlTemplate":"https:\/\/omnitextgroup.com\/fr\/?s={search_term_string}"},"query-input":{"@type":"PropertyValueSpecification","valueRequired":true,"valueName":"search_term_string"}}],"inLanguage":"fr-FR"}]}},"_links":{"self":[{"href":"https:\/\/omnitextgroup.com\/fr\/wp-json\/wp\/v2\/pages\/6400","targetHints":{"allow":["GET"]}}],"collection":[{"href":"https:\/\/omnitextgroup.com\/fr\/wp-json\/wp\/v2\/pages"}],"about":[{"href":"https:\/\/omnitextgroup.com\/fr\/wp-json\/wp\/v2\/types\/page"}],"author":[{"embeddable":true,"href":"https:\/\/omnitextgroup.com\/fr\/wp-json\/wp\/v2\/users\/2"}],"replies":[{"embeddable":true,"href":"https:\/\/omnitextgroup.com\/fr\/wp-json\/wp\/v2\/comments?post=6400"}],"version-history":[{"count":7,"href":"https:\/\/omnitextgroup.com\/fr\/wp-json\/wp\/v2\/pages\/6400\/revisions"}],"predecessor-version":[{"id":6544,"href":"https:\/\/omnitextgroup.com\/fr\/wp-json\/wp\/v2\/pages\/6400\/revisions\/6544"}],"up":[{"embeddable":true,"href":"https:\/\/omnitextgroup.com\/fr\/wp-json\/wp\/v2\/pages\/6445"}],"wp:attachment":[{"href":"https:\/\/omnitextgroup.com\/fr\/wp-json\/wp\/v2\/media?parent=6400"}],"curies":[{"name":"wp","href":"https:\/\/api.w.org\/{rel}","templated":true}]}}