{"id":6410,"date":"2022-01-06T16:15:22","date_gmt":"2022-01-06T16:15:22","guid":{"rendered":"http:\/\/omnitextgroup.com\/medias-et-divertissement\/"},"modified":"2022-01-07T20:53:35","modified_gmt":"2022-01-07T20:53:35","slug":"medias-et-divertissement","status":"publish","type":"page","link":"https:\/\/omnitextgroup.com\/fr\/secteurs-dactivite\/medias-et-divertissement\/","title":{"rendered":"M\u00e9dias et divertissement"},"content":{"rendered":"\t\t<div data-elementor-type=\"wp-page\" data-elementor-id=\"6410\" class=\"elementor elementor-6410 elementor-1147\">\n\t\t\t\t\t\t<section class=\"ob-is-breaking-bad elementor-section elementor-top-section elementor-element elementor-element-12aa0b4e elementor-section-height-min-height elementor-section-content-middle elementor-section-boxed elementor-section-height-default elementor-section-items-middle\" data-id=\"12aa0b4e\" data-element_type=\"section\" data-e-type=\"section\" data-settings=\"{&quot;background_background&quot;:&quot;classic&quot;,&quot;_ob_bbad_use_it&quot;:&quot;yes&quot;,&quot;_ob_bbad_sssic_use&quot;:&quot;no&quot;,&quot;_ob_glider_is_slider&quot;:&quot;no&quot;}\">\n\t\t\t\t\t\t\t<div class=\"elementor-background-overlay\"><\/div>\n\t\t\t\t\t\t\t<div class=\"elementor-container elementor-column-gap-default\">\n\t\t\t\t\t<div class=\"elementor-column elementor-col-100 elementor-top-column elementor-element elementor-element-452ff050\" data-id=\"452ff050\" data-element_type=\"column\" data-e-type=\"column\" data-settings=\"{&quot;_ob_bbad_is_stalker&quot;:&quot;no&quot;,&quot;_ob_teleporter_use&quot;:false,&quot;_ob_column_hoveranimator&quot;:&quot;no&quot;,&quot;_ob_column_has_pseudo&quot;:&quot;no&quot;}\">\n\t\t\t<div class=\"elementor-widget-wrap elementor-element-populated\">\n\t\t\t\t\t\t<div class=\"elementor-element elementor-element-25c82917 elementor-align-center ob-has-background-overlay elementor-widget elementor-widget-breadcrumbs\" data-id=\"25c82917\" data-element_type=\"widget\" data-e-type=\"widget\" data-settings=\"{&quot;_ob_perspektive_use&quot;:&quot;no&quot;,&quot;_ob_poopart_use&quot;:&quot;yes&quot;,&quot;_ob_shadough_use&quot;:&quot;no&quot;,&quot;_ob_allow_hoveranimator&quot;:&quot;no&quot;,&quot;_ob_widget_stalker_use&quot;:&quot;no&quot;}\" data-widget_type=\"breadcrumbs.default\">\n\t\t\t\t<div class=\"elementor-widget-container\">\n\t\t\t\t\t<nav id=\"breadcrumbs\"><span><span><a href=\"https:\/\/omnitextgroup.com\/fr\/\">Home<\/a><\/span><\/span><\/nav>\t\t\t\t<\/div>\n\t\t\t\t<\/div>\n\t\t\t\t\t<\/div>\n\t\t<\/div>\n\t\t\t\t\t<\/div>\n\t\t<\/section>\n\t\t\t\t<section class=\"ob-is-breaking-bad elementor-section elementor-top-section elementor-element elementor-element-70ad9326 elementor-section-boxed elementor-section-height-default elementor-section-height-default\" data-id=\"70ad9326\" data-element_type=\"section\" data-e-type=\"section\" data-settings=\"{&quot;background_background&quot;:&quot;classic&quot;,&quot;_ob_bbad_use_it&quot;:&quot;yes&quot;,&quot;_ob_bbad_sssic_use&quot;:&quot;no&quot;,&quot;_ob_glider_is_slider&quot;:&quot;no&quot;}\">\n\t\t\t\t\t\t<div class=\"elementor-container elementor-column-gap-default\">\n\t\t\t\t\t<div class=\"elementor-column elementor-col-100 elementor-top-column elementor-element elementor-element-6356bffc\" data-id=\"6356bffc\" data-element_type=\"column\" data-e-type=\"column\" data-settings=\"{&quot;_ob_bbad_is_stalker&quot;:&quot;no&quot;,&quot;_ob_teleporter_use&quot;:false,&quot;_ob_column_hoveranimator&quot;:&quot;no&quot;,&quot;_ob_column_has_pseudo&quot;:&quot;no&quot;}\">\n\t\t\t<div class=\"elementor-widget-wrap elementor-element-populated\">\n\t\t\t\t\t\t<div class=\"elementor-element elementor-element-4949ed74 ob-harakiri-inherit ob-has-background-overlay elementor-widget elementor-widget-heading\" data-id=\"4949ed74\" data-element_type=\"widget\" data-e-type=\"widget\" data-settings=\"{&quot;_ob_use_harakiri&quot;:&quot;yes&quot;,&quot;_ob_harakiri_writing_mode&quot;:&quot;inherit&quot;,&quot;_ob_harakiri_text_clip&quot;:&quot;none&quot;,&quot;_ob_perspektive_use&quot;:&quot;no&quot;,&quot;_ob_poopart_use&quot;:&quot;yes&quot;,&quot;_ob_shadough_use&quot;:&quot;no&quot;,&quot;_ob_allow_hoveranimator&quot;:&quot;no&quot;,&quot;_ob_widget_stalker_use&quot;:&quot;no&quot;}\" data-widget_type=\"heading.default\">\n\t\t\t\t<div class=\"elementor-widget-container\">\n\t\t\t\t\t<h3 class=\"elementor-heading-title elementor-size-default\">M\u00e9dias et divertissement<\/h3>\t\t\t\t<\/div>\n\t\t\t\t<\/div>\n\t\t\t\t<div class=\"elementor-element elementor-element-1b59ffdb elementor-widget-divider--view-line ob-has-background-overlay elementor-widget elementor-widget-divider\" data-id=\"1b59ffdb\" data-element_type=\"widget\" data-e-type=\"widget\" data-settings=\"{&quot;_ob_perspektive_use&quot;:&quot;no&quot;,&quot;_ob_poopart_use&quot;:&quot;yes&quot;,&quot;_ob_shadough_use&quot;:&quot;no&quot;,&quot;_ob_allow_hoveranimator&quot;:&quot;no&quot;,&quot;_ob_widget_stalker_use&quot;:&quot;no&quot;}\" data-widget_type=\"divider.default\">\n\t\t\t\t<div class=\"elementor-widget-container\">\n\t\t\t\t\t\t\t<div class=\"elementor-divider\">\n\t\t\t<span class=\"elementor-divider-separator\">\n\t\t\t\t\t\t<\/span>\n\t\t<\/div>\n\t\t\t\t\t\t<\/div>\n\t\t\t\t<\/div>\n\t\t\t\t<div class=\"elementor-element elementor-element-1655219b ob-has-background-overlay elementor-widget elementor-widget-image\" data-id=\"1655219b\" data-element_type=\"widget\" data-e-type=\"widget\" data-settings=\"{&quot;_ob_photomorph_use&quot;:&quot;no&quot;,&quot;_ob_perspektive_use&quot;:&quot;no&quot;,&quot;_ob_poopart_use&quot;:&quot;yes&quot;,&quot;_ob_shadough_use&quot;:&quot;no&quot;,&quot;_ob_allow_hoveranimator&quot;:&quot;no&quot;,&quot;_ob_widget_stalker_use&quot;:&quot;no&quot;}\" data-widget_type=\"image.default\">\n\t\t\t\t<div class=\"elementor-widget-container\">\n\t\t\t\t\t\t\t\t\t\t\t\t\t\t\t<img fetchpriority=\"high\" decoding=\"async\" width=\"800\" height=\"800\" src=\"https:\/\/omnitextgroup.com\/wp-content\/uploads\/2021\/07\/Media-and-Entertainment-update-1-1024x1024.jpg\" class=\"attachment-large size-large wp-image-5524\" alt=\"\" srcset=\"https:\/\/omnitextgroup.com\/wp-content\/uploads\/2021\/07\/Media-and-Entertainment-update-1-1024x1024.jpg 1024w, https:\/\/omnitextgroup.com\/wp-content\/uploads\/2021\/07\/Media-and-Entertainment-update-1-300x300.jpg 300w, https:\/\/omnitextgroup.com\/wp-content\/uploads\/2021\/07\/Media-and-Entertainment-update-1-150x150.jpg 150w, https:\/\/omnitextgroup.com\/wp-content\/uploads\/2021\/07\/Media-and-Entertainment-update-1-768x768.jpg 768w, https:\/\/omnitextgroup.com\/wp-content\/uploads\/2021\/07\/Media-and-Entertainment-update-1.jpg 1040w\" sizes=\"(max-width: 800px) 100vw, 800px\" \/>\t\t\t\t\t\t\t\t\t\t\t\t\t\t\t<\/div>\n\t\t\t\t<\/div>\n\t\t\t\t<div class=\"elementor-element elementor-element-2ca9c55c ob-harakiri-inherit ob-has-background-overlay elementor-widget elementor-widget-text-editor\" data-id=\"2ca9c55c\" data-element_type=\"widget\" data-e-type=\"widget\" data-settings=\"{&quot;_ob_use_harakiri&quot;:&quot;yes&quot;,&quot;_ob_harakiri_writing_mode&quot;:&quot;inherit&quot;,&quot;_ob_postman_use&quot;:&quot;no&quot;,&quot;_ob_perspektive_use&quot;:&quot;no&quot;,&quot;_ob_poopart_use&quot;:&quot;yes&quot;,&quot;_ob_shadough_use&quot;:&quot;no&quot;,&quot;_ob_allow_hoveranimator&quot;:&quot;no&quot;,&quot;_ob_widget_stalker_use&quot;:&quot;no&quot;}\" data-widget_type=\"text-editor.default\">\n\t\t\t\t<div class=\"elementor-widget-container\">\n\t\t\t\t\t\t\t\t\t<p>L\u2019av\u00e8nement d\u2019Internet a donn\u00e9 lieu \u00e0 une v\u00e9ritable r\u00e9volution dans les secteurs des m\u00e9dias et du divertissement. La qualit\u00e9 du contenu offert par les entreprises de ces secteurs est d\u00e9sormais primordiale.<\/p>\n\t\t\t\t\t\t\t\t<\/div>\n\t\t\t\t<\/div>\n\t\t\t\t<div class=\"elementor-element elementor-element-48e17563 ob-harakiri-inherit ob-has-background-overlay elementor-widget elementor-widget-text-editor\" data-id=\"48e17563\" data-element_type=\"widget\" data-e-type=\"widget\" data-settings=\"{&quot;_ob_use_harakiri&quot;:&quot;yes&quot;,&quot;_ob_harakiri_writing_mode&quot;:&quot;inherit&quot;,&quot;_ob_postman_use&quot;:&quot;no&quot;,&quot;_ob_perspektive_use&quot;:&quot;no&quot;,&quot;_ob_poopart_use&quot;:&quot;yes&quot;,&quot;_ob_shadough_use&quot;:&quot;no&quot;,&quot;_ob_allow_hoveranimator&quot;:&quot;no&quot;,&quot;_ob_widget_stalker_use&quot;:&quot;no&quot;}\" data-widget_type=\"text-editor.default\">\n\t\t\t\t<div class=\"elementor-widget-container\">\n\t\t\t\t\t\t\t\t\t<div>OmniText Translations aide les entreprises internationales du secteur des m\u00e9dias et du divertissement \u00e0 r\u00e9pondre \u00e0 leurs besoins en mati\u00e8re de communication interculturelle.<\/div>\n<div>Nous traduisons le contenu pour les r\u00e9seaux sociaux, les instructions et proc\u00e9dures op\u00e9rationnelles standard, les articles d\u2019actualit\u00e9, la correspondance g\u00e9n\u00e9rale, les cartes de visite, les communiqu\u00e9s de presse, les fichiers de base de donn\u00e9es \u00e9lectroniques, les brochures marketing, les sites Web d\u2019entreprise, et bien plus encore.<\/div>\n\t\t\t\t\t\t\t\t<\/div>\n\t\t\t\t<\/div>\n\t\t\t\t\t<\/div>\n\t\t<\/div>\n\t\t\t\t\t<\/div>\n\t\t<\/section>\n\t\t\t\t<\/div>\n\t\t","protected":false},"excerpt":{"rendered":"<p>M\u00e9dias et divertissement L\u2019av\u00e8nement d\u2019Internet a donn\u00e9 lieu \u00e0 une v\u00e9ritable r\u00e9volution dans les secteurs des m\u00e9dias et du divertissement. La qualit\u00e9 du contenu offert par les entreprises de ces secteurs est d\u00e9sormais primordiale. OmniText Translations aide les entreprises internationales du secteur des m\u00e9dias et du divertissement \u00e0 r\u00e9pondre \u00e0 leurs besoins en mati\u00e8re de [&hellip;]<\/p>\n","protected":false},"author":2,"featured_media":0,"parent":6445,"menu_order":0,"comment_status":"closed","ping_status":"closed","template":"","meta":{"footnotes":""},"class_list":["post-6410","page","type-page","status-publish","hentry"],"yoast_head":"<!-- This site is optimized with the Yoast SEO plugin v26.8 - https:\/\/yoast.com\/product\/yoast-seo-wordpress\/ -->\n<title>M\u00e9dias et divertissement - OmniText Translations<\/title>\n<meta name=\"robots\" content=\"index, follow, max-snippet:-1, max-image-preview:large, max-video-preview:-1\" \/>\n<link rel=\"canonical\" href=\"https:\/\/omnitextgroup.com\/fr\/secteurs-dactivite\/medias-et-divertissement\/\" \/>\n<meta property=\"og:locale\" content=\"fr_FR\" \/>\n<meta property=\"og:type\" content=\"article\" \/>\n<meta property=\"og:title\" content=\"M\u00e9dias et divertissement - OmniText Translations\" \/>\n<meta property=\"og:description\" content=\"M\u00e9dias et divertissement L\u2019av\u00e8nement d\u2019Internet a donn\u00e9 lieu \u00e0 une v\u00e9ritable r\u00e9volution dans les secteurs des m\u00e9dias et du divertissement. La qualit\u00e9 du contenu offert par les entreprises de ces secteurs est d\u00e9sormais primordiale. OmniText Translations aide les entreprises internationales du secteur des m\u00e9dias et du divertissement \u00e0 r\u00e9pondre \u00e0 leurs besoins en mati\u00e8re de [&hellip;]\" \/>\n<meta property=\"og:url\" content=\"https:\/\/omnitextgroup.com\/fr\/secteurs-dactivite\/medias-et-divertissement\/\" \/>\n<meta property=\"og:site_name\" content=\"OmniText Translations\" \/>\n<meta property=\"article:modified_time\" content=\"2022-01-07T20:53:35+00:00\" \/>\n<meta property=\"og:image\" content=\"http:\/\/omnitextgroup.com\/wp-content\/uploads\/2021\/07\/Media-and-Entertainment-update-1-1024x1024.jpg\" \/>\n<meta name=\"twitter:card\" content=\"summary_large_image\" \/>\n<meta name=\"twitter:label1\" content=\"Dur\u00e9e de lecture estim\u00e9e\" \/>\n\t<meta name=\"twitter:data1\" content=\"1 minute\" \/>\n<script type=\"application\/ld+json\" class=\"yoast-schema-graph\">{\"@context\":\"https:\/\/schema.org\",\"@graph\":[{\"@type\":\"WebPage\",\"@id\":\"https:\/\/omnitextgroup.com\/fr\/secteurs-dactivite\/medias-et-divertissement\/\",\"url\":\"https:\/\/omnitextgroup.com\/fr\/secteurs-dactivite\/medias-et-divertissement\/\",\"name\":\"M\u00e9dias et divertissement - OmniText Translations\",\"isPartOf\":{\"@id\":\"https:\/\/omnitextgroup.com\/fr\/#website\"},\"primaryImageOfPage\":{\"@id\":\"https:\/\/omnitextgroup.com\/fr\/secteurs-dactivite\/medias-et-divertissement\/#primaryimage\"},\"image\":{\"@id\":\"https:\/\/omnitextgroup.com\/fr\/secteurs-dactivite\/medias-et-divertissement\/#primaryimage\"},\"thumbnailUrl\":\"http:\/\/omnitextgroup.com\/wp-content\/uploads\/2021\/07\/Media-and-Entertainment-update-1-1024x1024.jpg\",\"datePublished\":\"2022-01-06T16:15:22+00:00\",\"dateModified\":\"2022-01-07T20:53:35+00:00\",\"breadcrumb\":{\"@id\":\"https:\/\/omnitextgroup.com\/fr\/secteurs-dactivite\/medias-et-divertissement\/#breadcrumb\"},\"inLanguage\":\"fr-FR\",\"potentialAction\":[{\"@type\":\"ReadAction\",\"target\":[\"https:\/\/omnitextgroup.com\/fr\/secteurs-dactivite\/medias-et-divertissement\/\"]}]},{\"@type\":\"ImageObject\",\"inLanguage\":\"fr-FR\",\"@id\":\"https:\/\/omnitextgroup.com\/fr\/secteurs-dactivite\/medias-et-divertissement\/#primaryimage\",\"url\":\"http:\/\/omnitextgroup.com\/wp-content\/uploads\/2021\/07\/Media-and-Entertainment-update-1-1024x1024.jpg\",\"contentUrl\":\"http:\/\/omnitextgroup.com\/wp-content\/uploads\/2021\/07\/Media-and-Entertainment-update-1-1024x1024.jpg\"},{\"@type\":\"BreadcrumbList\",\"@id\":\"https:\/\/omnitextgroup.com\/fr\/secteurs-dactivite\/medias-et-divertissement\/#breadcrumb\",\"itemListElement\":[{\"@type\":\"ListItem\",\"position\":1,\"name\":\"Home\",\"item\":\"https:\/\/omnitextgroup.com\/fr\/\"},{\"@type\":\"ListItem\",\"position\":2,\"name\":\"Secteurs d\u2019activit\u00e9\",\"item\":\"https:\/\/omnitextgroup.com\/fr\/industries\/\"},{\"@type\":\"ListItem\",\"position\":3,\"name\":\"M\u00e9dias et divertissement\"}]},{\"@type\":\"WebSite\",\"@id\":\"https:\/\/omnitextgroup.com\/fr\/#website\",\"url\":\"https:\/\/omnitextgroup.com\/fr\/\",\"name\":\"OmniText Translations\",\"description\":\"Go glocal!\",\"potentialAction\":[{\"@type\":\"SearchAction\",\"target\":{\"@type\":\"EntryPoint\",\"urlTemplate\":\"https:\/\/omnitextgroup.com\/fr\/?s={search_term_string}\"},\"query-input\":{\"@type\":\"PropertyValueSpecification\",\"valueRequired\":true,\"valueName\":\"search_term_string\"}}],\"inLanguage\":\"fr-FR\"}]}<\/script>\n<!-- \/ Yoast SEO plugin. -->","yoast_head_json":{"title":"M\u00e9dias et divertissement - OmniText Translations","robots":{"index":"index","follow":"follow","max-snippet":"max-snippet:-1","max-image-preview":"max-image-preview:large","max-video-preview":"max-video-preview:-1"},"canonical":"https:\/\/omnitextgroup.com\/fr\/secteurs-dactivite\/medias-et-divertissement\/","og_locale":"fr_FR","og_type":"article","og_title":"M\u00e9dias et divertissement - OmniText Translations","og_description":"M\u00e9dias et divertissement L\u2019av\u00e8nement d\u2019Internet a donn\u00e9 lieu \u00e0 une v\u00e9ritable r\u00e9volution dans les secteurs des m\u00e9dias et du divertissement. La qualit\u00e9 du contenu offert par les entreprises de ces secteurs est d\u00e9sormais primordiale. OmniText Translations aide les entreprises internationales du secteur des m\u00e9dias et du divertissement \u00e0 r\u00e9pondre \u00e0 leurs besoins en mati\u00e8re de [&hellip;]","og_url":"https:\/\/omnitextgroup.com\/fr\/secteurs-dactivite\/medias-et-divertissement\/","og_site_name":"OmniText Translations","article_modified_time":"2022-01-07T20:53:35+00:00","og_image":[{"url":"http:\/\/omnitextgroup.com\/wp-content\/uploads\/2021\/07\/Media-and-Entertainment-update-1-1024x1024.jpg","type":"","width":"","height":""}],"twitter_card":"summary_large_image","twitter_misc":{"Dur\u00e9e de lecture estim\u00e9e":"1 minute"},"schema":{"@context":"https:\/\/schema.org","@graph":[{"@type":"WebPage","@id":"https:\/\/omnitextgroup.com\/fr\/secteurs-dactivite\/medias-et-divertissement\/","url":"https:\/\/omnitextgroup.com\/fr\/secteurs-dactivite\/medias-et-divertissement\/","name":"M\u00e9dias et divertissement - OmniText Translations","isPartOf":{"@id":"https:\/\/omnitextgroup.com\/fr\/#website"},"primaryImageOfPage":{"@id":"https:\/\/omnitextgroup.com\/fr\/secteurs-dactivite\/medias-et-divertissement\/#primaryimage"},"image":{"@id":"https:\/\/omnitextgroup.com\/fr\/secteurs-dactivite\/medias-et-divertissement\/#primaryimage"},"thumbnailUrl":"http:\/\/omnitextgroup.com\/wp-content\/uploads\/2021\/07\/Media-and-Entertainment-update-1-1024x1024.jpg","datePublished":"2022-01-06T16:15:22+00:00","dateModified":"2022-01-07T20:53:35+00:00","breadcrumb":{"@id":"https:\/\/omnitextgroup.com\/fr\/secteurs-dactivite\/medias-et-divertissement\/#breadcrumb"},"inLanguage":"fr-FR","potentialAction":[{"@type":"ReadAction","target":["https:\/\/omnitextgroup.com\/fr\/secteurs-dactivite\/medias-et-divertissement\/"]}]},{"@type":"ImageObject","inLanguage":"fr-FR","@id":"https:\/\/omnitextgroup.com\/fr\/secteurs-dactivite\/medias-et-divertissement\/#primaryimage","url":"http:\/\/omnitextgroup.com\/wp-content\/uploads\/2021\/07\/Media-and-Entertainment-update-1-1024x1024.jpg","contentUrl":"http:\/\/omnitextgroup.com\/wp-content\/uploads\/2021\/07\/Media-and-Entertainment-update-1-1024x1024.jpg"},{"@type":"BreadcrumbList","@id":"https:\/\/omnitextgroup.com\/fr\/secteurs-dactivite\/medias-et-divertissement\/#breadcrumb","itemListElement":[{"@type":"ListItem","position":1,"name":"Home","item":"https:\/\/omnitextgroup.com\/fr\/"},{"@type":"ListItem","position":2,"name":"Secteurs d\u2019activit\u00e9","item":"https:\/\/omnitextgroup.com\/fr\/industries\/"},{"@type":"ListItem","position":3,"name":"M\u00e9dias et divertissement"}]},{"@type":"WebSite","@id":"https:\/\/omnitextgroup.com\/fr\/#website","url":"https:\/\/omnitextgroup.com\/fr\/","name":"OmniText Translations","description":"Go glocal!","potentialAction":[{"@type":"SearchAction","target":{"@type":"EntryPoint","urlTemplate":"https:\/\/omnitextgroup.com\/fr\/?s={search_term_string}"},"query-input":{"@type":"PropertyValueSpecification","valueRequired":true,"valueName":"search_term_string"}}],"inLanguage":"fr-FR"}]}},"_links":{"self":[{"href":"https:\/\/omnitextgroup.com\/fr\/wp-json\/wp\/v2\/pages\/6410","targetHints":{"allow":["GET"]}}],"collection":[{"href":"https:\/\/omnitextgroup.com\/fr\/wp-json\/wp\/v2\/pages"}],"about":[{"href":"https:\/\/omnitextgroup.com\/fr\/wp-json\/wp\/v2\/types\/page"}],"author":[{"embeddable":true,"href":"https:\/\/omnitextgroup.com\/fr\/wp-json\/wp\/v2\/users\/2"}],"replies":[{"embeddable":true,"href":"https:\/\/omnitextgroup.com\/fr\/wp-json\/wp\/v2\/comments?post=6410"}],"version-history":[{"count":5,"href":"https:\/\/omnitextgroup.com\/fr\/wp-json\/wp\/v2\/pages\/6410\/revisions"}],"predecessor-version":[{"id":6534,"href":"https:\/\/omnitextgroup.com\/fr\/wp-json\/wp\/v2\/pages\/6410\/revisions\/6534"}],"up":[{"embeddable":true,"href":"https:\/\/omnitextgroup.com\/fr\/wp-json\/wp\/v2\/pages\/6445"}],"wp:attachment":[{"href":"https:\/\/omnitextgroup.com\/fr\/wp-json\/wp\/v2\/media?parent=6410"}],"curies":[{"name":"wp","href":"https:\/\/api.w.org\/{rel}","templated":true}]}}