{"id":6416,"date":"2022-01-06T16:16:16","date_gmt":"2022-01-06T16:16:16","guid":{"rendered":"http:\/\/omnitextgroup.com\/technologies-de-linformation\/"},"modified":"2022-01-07T20:50:16","modified_gmt":"2022-01-07T20:50:16","slug":"technologies-de-linformation","status":"publish","type":"page","link":"https:\/\/omnitextgroup.com\/fr\/secteurs-dactivite\/technologies-de-linformation\/","title":{"rendered":"Technologies de l\u2019information"},"content":{"rendered":"\t\t<div data-elementor-type=\"wp-page\" data-elementor-id=\"6416\" class=\"elementor elementor-6416 elementor-1120\">\n\t\t\t\t\t\t<section class=\"ob-is-breaking-bad elementor-section elementor-top-section elementor-element elementor-element-3e8f6e88 elementor-section-height-min-height elementor-section-content-middle elementor-section-boxed elementor-section-height-default elementor-section-items-middle\" data-id=\"3e8f6e88\" data-element_type=\"section\" data-e-type=\"section\" data-settings=\"{&quot;background_background&quot;:&quot;classic&quot;,&quot;_ob_bbad_use_it&quot;:&quot;yes&quot;,&quot;_ob_bbad_sssic_use&quot;:&quot;no&quot;,&quot;_ob_glider_is_slider&quot;:&quot;no&quot;}\">\n\t\t\t\t\t\t\t<div class=\"elementor-background-overlay\"><\/div>\n\t\t\t\t\t\t\t<div class=\"elementor-container elementor-column-gap-default\">\n\t\t\t\t\t<div class=\"elementor-column elementor-col-100 elementor-top-column elementor-element elementor-element-73767360\" data-id=\"73767360\" data-element_type=\"column\" data-e-type=\"column\" data-settings=\"{&quot;_ob_bbad_is_stalker&quot;:&quot;no&quot;,&quot;_ob_teleporter_use&quot;:false,&quot;_ob_column_hoveranimator&quot;:&quot;no&quot;,&quot;_ob_column_has_pseudo&quot;:&quot;no&quot;}\">\n\t\t\t<div class=\"elementor-widget-wrap elementor-element-populated\">\n\t\t\t\t\t\t<div class=\"elementor-element elementor-element-11cae575 elementor-align-center ob-has-background-overlay elementor-widget elementor-widget-breadcrumbs\" data-id=\"11cae575\" data-element_type=\"widget\" data-e-type=\"widget\" data-settings=\"{&quot;_ob_perspektive_use&quot;:&quot;no&quot;,&quot;_ob_poopart_use&quot;:&quot;yes&quot;,&quot;_ob_shadough_use&quot;:&quot;no&quot;,&quot;_ob_allow_hoveranimator&quot;:&quot;no&quot;,&quot;_ob_widget_stalker_use&quot;:&quot;no&quot;}\" data-widget_type=\"breadcrumbs.default\">\n\t\t\t\t<div class=\"elementor-widget-container\">\n\t\t\t\t\t<nav id=\"breadcrumbs\"><span><span><a href=\"https:\/\/omnitextgroup.com\/fr\/\">Home<\/a><\/span><\/span><\/nav>\t\t\t\t<\/div>\n\t\t\t\t<\/div>\n\t\t\t\t\t<\/div>\n\t\t<\/div>\n\t\t\t\t\t<\/div>\n\t\t<\/section>\n\t\t\t\t<section class=\"ob-is-breaking-bad elementor-section elementor-top-section elementor-element elementor-element-10a0f20f elementor-section-boxed elementor-section-height-default elementor-section-height-default\" data-id=\"10a0f20f\" data-element_type=\"section\" data-e-type=\"section\" data-settings=\"{&quot;background_background&quot;:&quot;classic&quot;,&quot;_ob_bbad_use_it&quot;:&quot;yes&quot;,&quot;_ob_bbad_sssic_use&quot;:&quot;no&quot;,&quot;_ob_glider_is_slider&quot;:&quot;no&quot;}\">\n\t\t\t\t\t\t<div class=\"elementor-container elementor-column-gap-default\">\n\t\t\t\t\t<div class=\"elementor-column elementor-col-100 elementor-top-column elementor-element elementor-element-56c53a25\" data-id=\"56c53a25\" data-element_type=\"column\" data-e-type=\"column\" data-settings=\"{&quot;_ob_bbad_is_stalker&quot;:&quot;no&quot;,&quot;_ob_teleporter_use&quot;:false,&quot;_ob_column_hoveranimator&quot;:&quot;no&quot;,&quot;_ob_column_has_pseudo&quot;:&quot;no&quot;}\">\n\t\t\t<div class=\"elementor-widget-wrap elementor-element-populated\">\n\t\t\t\t\t\t<div class=\"elementor-element elementor-element-5bf8d08f ob-harakiri-inherit ob-has-background-overlay elementor-widget elementor-widget-heading\" data-id=\"5bf8d08f\" data-element_type=\"widget\" data-e-type=\"widget\" data-settings=\"{&quot;_ob_use_harakiri&quot;:&quot;yes&quot;,&quot;_ob_harakiri_writing_mode&quot;:&quot;inherit&quot;,&quot;_ob_harakiri_text_clip&quot;:&quot;none&quot;,&quot;_ob_perspektive_use&quot;:&quot;no&quot;,&quot;_ob_poopart_use&quot;:&quot;yes&quot;,&quot;_ob_shadough_use&quot;:&quot;no&quot;,&quot;_ob_allow_hoveranimator&quot;:&quot;no&quot;,&quot;_ob_widget_stalker_use&quot;:&quot;no&quot;}\" data-widget_type=\"heading.default\">\n\t\t\t\t<div class=\"elementor-widget-container\">\n\t\t\t\t\t<h3 class=\"elementor-heading-title elementor-size-default\">Technologies de l\u2019information<\/h3>\t\t\t\t<\/div>\n\t\t\t\t<\/div>\n\t\t\t\t<div class=\"elementor-element elementor-element-41acbde9 elementor-widget-divider--view-line ob-has-background-overlay elementor-widget elementor-widget-divider\" data-id=\"41acbde9\" data-element_type=\"widget\" data-e-type=\"widget\" data-settings=\"{&quot;_ob_perspektive_use&quot;:&quot;no&quot;,&quot;_ob_poopart_use&quot;:&quot;yes&quot;,&quot;_ob_shadough_use&quot;:&quot;no&quot;,&quot;_ob_allow_hoveranimator&quot;:&quot;no&quot;,&quot;_ob_widget_stalker_use&quot;:&quot;no&quot;}\" data-widget_type=\"divider.default\">\n\t\t\t\t<div class=\"elementor-widget-container\">\n\t\t\t\t\t\t\t<div class=\"elementor-divider\">\n\t\t\t<span class=\"elementor-divider-separator\">\n\t\t\t\t\t\t<\/span>\n\t\t<\/div>\n\t\t\t\t\t\t<\/div>\n\t\t\t\t<\/div>\n\t\t\t\t<div class=\"elementor-element elementor-element-4e1fe38c ob-has-background-overlay elementor-widget elementor-widget-image\" data-id=\"4e1fe38c\" data-element_type=\"widget\" data-e-type=\"widget\" data-settings=\"{&quot;_ob_photomorph_use&quot;:&quot;no&quot;,&quot;_ob_perspektive_use&quot;:&quot;no&quot;,&quot;_ob_poopart_use&quot;:&quot;yes&quot;,&quot;_ob_shadough_use&quot;:&quot;no&quot;,&quot;_ob_allow_hoveranimator&quot;:&quot;no&quot;,&quot;_ob_widget_stalker_use&quot;:&quot;no&quot;}\" data-widget_type=\"image.default\">\n\t\t\t\t<div class=\"elementor-widget-container\">\n\t\t\t\t\t\t\t\t\t\t\t\t\t\t\t<img fetchpriority=\"high\" decoding=\"async\" width=\"800\" height=\"800\" src=\"https:\/\/omnitextgroup.com\/wp-content\/uploads\/2021\/07\/Information-and-technology-1024x1024.jpg\" class=\"attachment-large size-large wp-image-5464\" alt=\"\" srcset=\"https:\/\/omnitextgroup.com\/wp-content\/uploads\/2021\/07\/Information-and-technology-1024x1024.jpg 1024w, https:\/\/omnitextgroup.com\/wp-content\/uploads\/2021\/07\/Information-and-technology-300x300.jpg 300w, https:\/\/omnitextgroup.com\/wp-content\/uploads\/2021\/07\/Information-and-technology-150x150.jpg 150w, https:\/\/omnitextgroup.com\/wp-content\/uploads\/2021\/07\/Information-and-technology-768x768.jpg 768w, https:\/\/omnitextgroup.com\/wp-content\/uploads\/2021\/07\/Information-and-technology.jpg 1040w\" sizes=\"(max-width: 800px) 100vw, 800px\" \/>\t\t\t\t\t\t\t\t\t\t\t\t\t\t\t<\/div>\n\t\t\t\t<\/div>\n\t\t\t\t<div class=\"elementor-element elementor-element-75bbc210 ob-harakiri-inherit ob-has-background-overlay elementor-widget elementor-widget-text-editor\" data-id=\"75bbc210\" data-element_type=\"widget\" data-e-type=\"widget\" data-settings=\"{&quot;_ob_use_harakiri&quot;:&quot;yes&quot;,&quot;_ob_harakiri_writing_mode&quot;:&quot;inherit&quot;,&quot;_ob_postman_use&quot;:&quot;no&quot;,&quot;_ob_perspektive_use&quot;:&quot;no&quot;,&quot;_ob_poopart_use&quot;:&quot;yes&quot;,&quot;_ob_shadough_use&quot;:&quot;no&quot;,&quot;_ob_allow_hoveranimator&quot;:&quot;no&quot;,&quot;_ob_widget_stalker_use&quot;:&quot;no&quot;}\" data-widget_type=\"text-editor.default\">\n\t\t\t\t<div class=\"elementor-widget-container\">\n\t\t\t\t\t\t\t\t\t<p>La prestation de services linguistique pour les secteurs des TI et des t\u00e9l\u00e9communications requiert une grande expertise, car la terminologie est tr\u00e8s technique, et il faut exprimer des concepts complexes en des termes simples.<\/p>\n\t\t\t\t\t\t\t\t<\/div>\n\t\t\t\t<\/div>\n\t\t\t\t<div class=\"elementor-element elementor-element-8caec39 ob-harakiri-inherit ob-has-background-overlay elementor-widget elementor-widget-text-editor\" data-id=\"8caec39\" data-element_type=\"widget\" data-e-type=\"widget\" data-settings=\"{&quot;_ob_use_harakiri&quot;:&quot;yes&quot;,&quot;_ob_harakiri_writing_mode&quot;:&quot;inherit&quot;,&quot;_ob_postman_use&quot;:&quot;no&quot;,&quot;_ob_perspektive_use&quot;:&quot;no&quot;,&quot;_ob_poopart_use&quot;:&quot;yes&quot;,&quot;_ob_shadough_use&quot;:&quot;no&quot;,&quot;_ob_allow_hoveranimator&quot;:&quot;no&quot;,&quot;_ob_widget_stalker_use&quot;:&quot;no&quot;}\" data-widget_type=\"text-editor.default\">\n\t\t\t\t<div class=\"elementor-widget-container\">\n\t\t\t\t\t\t\t\t\t<p>Il peut \u00eatre assez difficile de communiquer certains concepts, m\u00eame dans votre propre langue. Ajoutez \u00e0 cela des clients et des employ\u00e9s qui poss\u00e8dent des cultures incroyablement diff\u00e9rentes, et m\u00eame les entreprises les mieux outill\u00e9es devront \u00e9norm\u00e9ment s\u2019investir dans la traduction pour surmonter de telles barri\u00e8res.<\/><\/p>\n\t\t\t\t\t\t\t\t<\/div>\n\t\t\t\t<\/div>\n\t\t\t\t<div class=\"elementor-element elementor-element-5a8653e9 ob-harakiri-inherit ob-has-background-overlay elementor-widget elementor-widget-text-editor\" data-id=\"5a8653e9\" data-element_type=\"widget\" data-e-type=\"widget\" data-settings=\"{&quot;_ob_use_harakiri&quot;:&quot;yes&quot;,&quot;_ob_harakiri_writing_mode&quot;:&quot;inherit&quot;,&quot;_ob_postman_use&quot;:&quot;no&quot;,&quot;_ob_perspektive_use&quot;:&quot;no&quot;,&quot;_ob_poopart_use&quot;:&quot;yes&quot;,&quot;_ob_shadough_use&quot;:&quot;no&quot;,&quot;_ob_allow_hoveranimator&quot;:&quot;no&quot;,&quot;_ob_widget_stalker_use&quot;:&quot;no&quot;}\" data-widget_type=\"text-editor.default\">\n\t\t\t\t<div class=\"elementor-widget-container\">\n\t\t\t\t\t\t\t\t\t<p>OmniText Translations poss\u00e8de une grande exp\u00e9rience dans la traduction et la localisation de diff\u00e9rents contenus pour les secteurs de l\u2019informatique et des t\u00e9l\u00e9communications, notamment des supports de marque ou promotionnels, des manuels d\u2019utilisation, des logiciels, des publications internes ou externes, des manuels de formation, des instructions et des protocoles, des documents commerciaux, et bien plus encore.<\/p>\n\t\t\t\t\t\t\t\t<\/div>\n\t\t\t\t<\/div>\n\t\t\t\t\t<\/div>\n\t\t<\/div>\n\t\t\t\t\t<\/div>\n\t\t<\/section>\n\t\t\t\t<\/div>\n\t\t","protected":false},"excerpt":{"rendered":"<p>Technologies de l\u2019information La prestation de services linguistique pour les secteurs des TI et des t\u00e9l\u00e9communications requiert une grande expertise, car la terminologie est tr\u00e8s technique, et il faut exprimer des concepts complexes en des termes simples. Il peut \u00eatre assez difficile de communiquer certains concepts, m\u00eame dans votre propre langue. Ajoutez \u00e0 cela des [&hellip;]<\/p>\n","protected":false},"author":2,"featured_media":0,"parent":6445,"menu_order":0,"comment_status":"closed","ping_status":"closed","template":"","meta":{"footnotes":""},"class_list":["post-6416","page","type-page","status-publish","hentry"],"yoast_head":"<!-- This site is optimized with the Yoast SEO plugin v26.8 - https:\/\/yoast.com\/product\/yoast-seo-wordpress\/ -->\n<title>Technologies de l\u2019information - OmniText Translations<\/title>\n<meta name=\"robots\" content=\"index, follow, max-snippet:-1, max-image-preview:large, max-video-preview:-1\" \/>\n<link rel=\"canonical\" href=\"https:\/\/omnitextgroup.com\/fr\/secteurs-dactivite\/technologies-de-linformation\/\" \/>\n<meta property=\"og:locale\" content=\"fr_FR\" \/>\n<meta property=\"og:type\" content=\"article\" \/>\n<meta property=\"og:title\" content=\"Technologies de l\u2019information - OmniText Translations\" \/>\n<meta property=\"og:description\" content=\"Technologies de l\u2019information La prestation de services linguistique pour les secteurs des TI et des t\u00e9l\u00e9communications requiert une grande expertise, car la terminologie est tr\u00e8s technique, et il faut exprimer des concepts complexes en des termes simples. Il peut \u00eatre assez difficile de communiquer certains concepts, m\u00eame dans votre propre langue. Ajoutez \u00e0 cela des [&hellip;]\" \/>\n<meta property=\"og:url\" content=\"https:\/\/omnitextgroup.com\/fr\/secteurs-dactivite\/technologies-de-linformation\/\" \/>\n<meta property=\"og:site_name\" content=\"OmniText Translations\" \/>\n<meta property=\"article:modified_time\" content=\"2022-01-07T20:50:16+00:00\" \/>\n<meta property=\"og:image\" content=\"http:\/\/omnitextgroup.com\/wp-content\/uploads\/2021\/07\/Information-and-technology-1024x1024.jpg\" \/>\n<meta name=\"twitter:card\" content=\"summary_large_image\" \/>\n<meta name=\"twitter:label1\" content=\"Dur\u00e9e de lecture estim\u00e9e\" \/>\n\t<meta name=\"twitter:data1\" content=\"1 minute\" \/>\n<script type=\"application\/ld+json\" class=\"yoast-schema-graph\">{\"@context\":\"https:\/\/schema.org\",\"@graph\":[{\"@type\":\"WebPage\",\"@id\":\"https:\/\/omnitextgroup.com\/fr\/secteurs-dactivite\/technologies-de-linformation\/\",\"url\":\"https:\/\/omnitextgroup.com\/fr\/secteurs-dactivite\/technologies-de-linformation\/\",\"name\":\"Technologies de l\u2019information - OmniText Translations\",\"isPartOf\":{\"@id\":\"https:\/\/omnitextgroup.com\/fr\/#website\"},\"primaryImageOfPage\":{\"@id\":\"https:\/\/omnitextgroup.com\/fr\/secteurs-dactivite\/technologies-de-linformation\/#primaryimage\"},\"image\":{\"@id\":\"https:\/\/omnitextgroup.com\/fr\/secteurs-dactivite\/technologies-de-linformation\/#primaryimage\"},\"thumbnailUrl\":\"http:\/\/omnitextgroup.com\/wp-content\/uploads\/2021\/07\/Information-and-technology-1024x1024.jpg\",\"datePublished\":\"2022-01-06T16:16:16+00:00\",\"dateModified\":\"2022-01-07T20:50:16+00:00\",\"breadcrumb\":{\"@id\":\"https:\/\/omnitextgroup.com\/fr\/secteurs-dactivite\/technologies-de-linformation\/#breadcrumb\"},\"inLanguage\":\"fr-FR\",\"potentialAction\":[{\"@type\":\"ReadAction\",\"target\":[\"https:\/\/omnitextgroup.com\/fr\/secteurs-dactivite\/technologies-de-linformation\/\"]}]},{\"@type\":\"ImageObject\",\"inLanguage\":\"fr-FR\",\"@id\":\"https:\/\/omnitextgroup.com\/fr\/secteurs-dactivite\/technologies-de-linformation\/#primaryimage\",\"url\":\"http:\/\/omnitextgroup.com\/wp-content\/uploads\/2021\/07\/Information-and-technology-1024x1024.jpg\",\"contentUrl\":\"http:\/\/omnitextgroup.com\/wp-content\/uploads\/2021\/07\/Information-and-technology-1024x1024.jpg\"},{\"@type\":\"BreadcrumbList\",\"@id\":\"https:\/\/omnitextgroup.com\/fr\/secteurs-dactivite\/technologies-de-linformation\/#breadcrumb\",\"itemListElement\":[{\"@type\":\"ListItem\",\"position\":1,\"name\":\"Home\",\"item\":\"https:\/\/omnitextgroup.com\/fr\/\"},{\"@type\":\"ListItem\",\"position\":2,\"name\":\"Secteurs d\u2019activit\u00e9\",\"item\":\"https:\/\/omnitextgroup.com\/fr\/industries\/\"},{\"@type\":\"ListItem\",\"position\":3,\"name\":\"Technologies de l\u2019information\"}]},{\"@type\":\"WebSite\",\"@id\":\"https:\/\/omnitextgroup.com\/fr\/#website\",\"url\":\"https:\/\/omnitextgroup.com\/fr\/\",\"name\":\"OmniText Translations\",\"description\":\"Go glocal!\",\"potentialAction\":[{\"@type\":\"SearchAction\",\"target\":{\"@type\":\"EntryPoint\",\"urlTemplate\":\"https:\/\/omnitextgroup.com\/fr\/?s={search_term_string}\"},\"query-input\":{\"@type\":\"PropertyValueSpecification\",\"valueRequired\":true,\"valueName\":\"search_term_string\"}}],\"inLanguage\":\"fr-FR\"}]}<\/script>\n<!-- \/ Yoast SEO plugin. -->","yoast_head_json":{"title":"Technologies de l\u2019information - OmniText Translations","robots":{"index":"index","follow":"follow","max-snippet":"max-snippet:-1","max-image-preview":"max-image-preview:large","max-video-preview":"max-video-preview:-1"},"canonical":"https:\/\/omnitextgroup.com\/fr\/secteurs-dactivite\/technologies-de-linformation\/","og_locale":"fr_FR","og_type":"article","og_title":"Technologies de l\u2019information - OmniText Translations","og_description":"Technologies de l\u2019information La prestation de services linguistique pour les secteurs des TI et des t\u00e9l\u00e9communications requiert une grande expertise, car la terminologie est tr\u00e8s technique, et il faut exprimer des concepts complexes en des termes simples. Il peut \u00eatre assez difficile de communiquer certains concepts, m\u00eame dans votre propre langue. Ajoutez \u00e0 cela des [&hellip;]","og_url":"https:\/\/omnitextgroup.com\/fr\/secteurs-dactivite\/technologies-de-linformation\/","og_site_name":"OmniText Translations","article_modified_time":"2022-01-07T20:50:16+00:00","og_image":[{"url":"http:\/\/omnitextgroup.com\/wp-content\/uploads\/2021\/07\/Information-and-technology-1024x1024.jpg","type":"","width":"","height":""}],"twitter_card":"summary_large_image","twitter_misc":{"Dur\u00e9e de lecture estim\u00e9e":"1 minute"},"schema":{"@context":"https:\/\/schema.org","@graph":[{"@type":"WebPage","@id":"https:\/\/omnitextgroup.com\/fr\/secteurs-dactivite\/technologies-de-linformation\/","url":"https:\/\/omnitextgroup.com\/fr\/secteurs-dactivite\/technologies-de-linformation\/","name":"Technologies de l\u2019information - OmniText Translations","isPartOf":{"@id":"https:\/\/omnitextgroup.com\/fr\/#website"},"primaryImageOfPage":{"@id":"https:\/\/omnitextgroup.com\/fr\/secteurs-dactivite\/technologies-de-linformation\/#primaryimage"},"image":{"@id":"https:\/\/omnitextgroup.com\/fr\/secteurs-dactivite\/technologies-de-linformation\/#primaryimage"},"thumbnailUrl":"http:\/\/omnitextgroup.com\/wp-content\/uploads\/2021\/07\/Information-and-technology-1024x1024.jpg","datePublished":"2022-01-06T16:16:16+00:00","dateModified":"2022-01-07T20:50:16+00:00","breadcrumb":{"@id":"https:\/\/omnitextgroup.com\/fr\/secteurs-dactivite\/technologies-de-linformation\/#breadcrumb"},"inLanguage":"fr-FR","potentialAction":[{"@type":"ReadAction","target":["https:\/\/omnitextgroup.com\/fr\/secteurs-dactivite\/technologies-de-linformation\/"]}]},{"@type":"ImageObject","inLanguage":"fr-FR","@id":"https:\/\/omnitextgroup.com\/fr\/secteurs-dactivite\/technologies-de-linformation\/#primaryimage","url":"http:\/\/omnitextgroup.com\/wp-content\/uploads\/2021\/07\/Information-and-technology-1024x1024.jpg","contentUrl":"http:\/\/omnitextgroup.com\/wp-content\/uploads\/2021\/07\/Information-and-technology-1024x1024.jpg"},{"@type":"BreadcrumbList","@id":"https:\/\/omnitextgroup.com\/fr\/secteurs-dactivite\/technologies-de-linformation\/#breadcrumb","itemListElement":[{"@type":"ListItem","position":1,"name":"Home","item":"https:\/\/omnitextgroup.com\/fr\/"},{"@type":"ListItem","position":2,"name":"Secteurs d\u2019activit\u00e9","item":"https:\/\/omnitextgroup.com\/fr\/industries\/"},{"@type":"ListItem","position":3,"name":"Technologies de l\u2019information"}]},{"@type":"WebSite","@id":"https:\/\/omnitextgroup.com\/fr\/#website","url":"https:\/\/omnitextgroup.com\/fr\/","name":"OmniText Translations","description":"Go glocal!","potentialAction":[{"@type":"SearchAction","target":{"@type":"EntryPoint","urlTemplate":"https:\/\/omnitextgroup.com\/fr\/?s={search_term_string}"},"query-input":{"@type":"PropertyValueSpecification","valueRequired":true,"valueName":"search_term_string"}}],"inLanguage":"fr-FR"}]}},"_links":{"self":[{"href":"https:\/\/omnitextgroup.com\/fr\/wp-json\/wp\/v2\/pages\/6416","targetHints":{"allow":["GET"]}}],"collection":[{"href":"https:\/\/omnitextgroup.com\/fr\/wp-json\/wp\/v2\/pages"}],"about":[{"href":"https:\/\/omnitextgroup.com\/fr\/wp-json\/wp\/v2\/types\/page"}],"author":[{"embeddable":true,"href":"https:\/\/omnitextgroup.com\/fr\/wp-json\/wp\/v2\/users\/2"}],"replies":[{"embeddable":true,"href":"https:\/\/omnitextgroup.com\/fr\/wp-json\/wp\/v2\/comments?post=6416"}],"version-history":[{"count":5,"href":"https:\/\/omnitextgroup.com\/fr\/wp-json\/wp\/v2\/pages\/6416\/revisions"}],"predecessor-version":[{"id":6528,"href":"https:\/\/omnitextgroup.com\/fr\/wp-json\/wp\/v2\/pages\/6416\/revisions\/6528"}],"up":[{"embeddable":true,"href":"https:\/\/omnitextgroup.com\/fr\/wp-json\/wp\/v2\/pages\/6445"}],"wp:attachment":[{"href":"https:\/\/omnitextgroup.com\/fr\/wp-json\/wp\/v2\/media?parent=6416"}],"curies":[{"name":"wp","href":"https:\/\/api.w.org\/{rel}","templated":true}]}}