{"id":5011,"date":"2021-10-19T16:12:50","date_gmt":"2021-10-19T16:12:50","guid":{"rendered":"http:\/\/omnitextgroup.com\/obtenha-um-orcamento-gratuito\/"},"modified":"2021-10-19T16:12:53","modified_gmt":"2021-10-19T16:12:53","slug":"obtenha-um-orcamento-gratuito","status":"publish","type":"page","link":"https:\/\/omnitextgroup.com\/pt-br\/fale-conosco\/obtenha-um-orcamento-gratuito\/","title":{"rendered":"Obtenha um Or\u00e7amento Gratuito"},"content":{"rendered":"\t\t<div data-elementor-type=\"wp-page\" data-elementor-id=\"5011\" class=\"elementor elementor-5011 elementor-826\">\n\t\t\t\t\t\t<section class=\"ob-is-breaking-bad elementor-section elementor-top-section elementor-element elementor-element-e603c3c elementor-section-height-min-height elementor-section-content-middle elementor-section-boxed elementor-section-height-default elementor-section-items-middle\" data-id=\"e603c3c\" data-element_type=\"section\" data-e-type=\"section\" data-settings=\"{&quot;background_background&quot;:&quot;classic&quot;,&quot;_ob_bbad_use_it&quot;:&quot;yes&quot;,&quot;_ob_bbad_sssic_use&quot;:&quot;no&quot;,&quot;_ob_glider_is_slider&quot;:&quot;no&quot;}\">\n\t\t\t\t\t\t\t<div class=\"elementor-background-overlay\"><\/div>\n\t\t\t\t\t\t\t<div class=\"elementor-container elementor-column-gap-default\">\n\t\t\t\t\t<div class=\"elementor-column elementor-col-100 elementor-top-column elementor-element elementor-element-41f6dd6\" data-id=\"41f6dd6\" data-element_type=\"column\" data-e-type=\"column\" data-settings=\"{&quot;_ob_bbad_is_stalker&quot;:&quot;no&quot;,&quot;_ob_teleporter_use&quot;:false,&quot;_ob_column_hoveranimator&quot;:&quot;no&quot;,&quot;_ob_column_has_pseudo&quot;:&quot;no&quot;}\">\n\t\t\t<div class=\"elementor-widget-wrap elementor-element-populated\">\n\t\t\t\t\t\t<div class=\"elementor-element elementor-element-dbfa63b elementor-align-center ob-has-background-overlay elementor-widget elementor-widget-breadcrumbs\" data-id=\"dbfa63b\" data-element_type=\"widget\" data-e-type=\"widget\" data-settings=\"{&quot;_ob_perspektive_use&quot;:&quot;no&quot;,&quot;_ob_poopart_use&quot;:&quot;yes&quot;,&quot;_ob_shadough_use&quot;:&quot;no&quot;,&quot;_ob_allow_hoveranimator&quot;:&quot;no&quot;,&quot;_ob_widget_stalker_use&quot;:&quot;no&quot;}\" data-widget_type=\"breadcrumbs.default\">\n\t\t\t\t<div class=\"elementor-widget-container\">\n\t\t\t\t\t<nav id=\"breadcrumbs\"><span><span><a href=\"https:\/\/omnitextgroup.com\/pt-br\/\">Home<\/a><\/span><\/span><\/nav>\t\t\t\t<\/div>\n\t\t\t\t<\/div>\n\t\t\t\t\t<\/div>\n\t\t<\/div>\n\t\t\t\t\t<\/div>\n\t\t<\/section>\n\t\t\t\t<section class=\"ob-is-breaking-bad elementor-section elementor-top-section elementor-element elementor-element-d784326 elementor-section-boxed elementor-section-height-default elementor-section-height-default\" data-id=\"d784326\" data-element_type=\"section\" data-e-type=\"section\" data-settings=\"{&quot;background_background&quot;:&quot;classic&quot;,&quot;_ob_bbad_use_it&quot;:&quot;yes&quot;,&quot;_ob_bbad_sssic_use&quot;:&quot;no&quot;,&quot;_ob_glider_is_slider&quot;:&quot;no&quot;}\">\n\t\t\t\t\t\t<div class=\"elementor-container elementor-column-gap-default\">\n\t\t\t\t\t<div class=\"elementor-column elementor-col-100 elementor-top-column elementor-element elementor-element-94252af\" data-id=\"94252af\" data-element_type=\"column\" data-e-type=\"column\" data-settings=\"{&quot;_ob_bbad_is_stalker&quot;:&quot;no&quot;,&quot;_ob_teleporter_use&quot;:false,&quot;_ob_column_hoveranimator&quot;:&quot;no&quot;,&quot;_ob_column_has_pseudo&quot;:&quot;no&quot;}\">\n\t\t\t<div class=\"elementor-widget-wrap elementor-element-populated\">\n\t\t\t\t\t\t<div class=\"elementor-element elementor-element-be05c9f ob-harakiri-inherit ob-has-background-overlay elementor-widget elementor-widget-heading\" data-id=\"be05c9f\" data-element_type=\"widget\" data-e-type=\"widget\" data-settings=\"{&quot;_ob_use_harakiri&quot;:&quot;yes&quot;,&quot;_ob_harakiri_writing_mode&quot;:&quot;inherit&quot;,&quot;_ob_harakiri_text_clip&quot;:&quot;none&quot;,&quot;_ob_perspektive_use&quot;:&quot;no&quot;,&quot;_ob_poopart_use&quot;:&quot;yes&quot;,&quot;_ob_shadough_use&quot;:&quot;no&quot;,&quot;_ob_allow_hoveranimator&quot;:&quot;no&quot;,&quot;_ob_widget_stalker_use&quot;:&quot;no&quot;}\" data-widget_type=\"heading.default\">\n\t\t\t\t<div class=\"elementor-widget-container\">\n\t\t\t\t\t<h3 class=\"elementor-heading-title elementor-size-default\">Obtenha um Or\u00e7amento Gratuito<\/h3>\t\t\t\t<\/div>\n\t\t\t\t<\/div>\n\t\t\t\t<div class=\"elementor-element elementor-element-8bace34 elementor-widget-divider--view-line ob-has-background-overlay elementor-widget elementor-widget-divider\" data-id=\"8bace34\" data-element_type=\"widget\" data-e-type=\"widget\" data-settings=\"{&quot;_ob_perspektive_use&quot;:&quot;no&quot;,&quot;_ob_poopart_use&quot;:&quot;yes&quot;,&quot;_ob_shadough_use&quot;:&quot;no&quot;,&quot;_ob_allow_hoveranimator&quot;:&quot;no&quot;,&quot;_ob_widget_stalker_use&quot;:&quot;no&quot;}\" data-widget_type=\"divider.default\">\n\t\t\t\t<div class=\"elementor-widget-container\">\n\t\t\t\t\t\t\t<div class=\"elementor-divider\">\n\t\t\t<span class=\"elementor-divider-separator\">\n\t\t\t\t\t\t<\/span>\n\t\t<\/div>\n\t\t\t\t\t\t<\/div>\n\t\t\t\t<\/div>\n\t\t\t\t<div class=\"elementor-element elementor-element-15e8da4 ob-harakiri-inherit ob-has-background-overlay elementor-widget elementor-widget-text-editor\" data-id=\"15e8da4\" data-element_type=\"widget\" data-e-type=\"widget\" data-settings=\"{&quot;_ob_use_harakiri&quot;:&quot;yes&quot;,&quot;_ob_harakiri_writing_mode&quot;:&quot;inherit&quot;,&quot;_ob_postman_use&quot;:&quot;no&quot;,&quot;_ob_perspektive_use&quot;:&quot;no&quot;,&quot;_ob_poopart_use&quot;:&quot;yes&quot;,&quot;_ob_shadough_use&quot;:&quot;no&quot;,&quot;_ob_allow_hoveranimator&quot;:&quot;no&quot;,&quot;_ob_widget_stalker_use&quot;:&quot;no&quot;}\" data-widget_type=\"text-editor.default\">\n\t\t\t\t<div class=\"elementor-widget-container\">\n\t\t\t\t\t\t\t\t\t<p>Por favor, preencha o formul\u00e1rio abaixo e n\u00f3s lhe enviaremos um or\u00e7amento gr\u00e1tis como<br \/>\nassim que poss\u00edvel. Estamos ansiosos para trabalhar com voc\u00ea!<\/p>\n\t\t\t\t\t\t\t\t<\/div>\n\t\t\t\t<\/div>\n\t\t\t\t<div class=\"elementor-element elementor-element-0ba01b2 qoute-form elementor-button-align-stretch ob-has-background-overlay elementor-widget elementor-widget-form\" data-id=\"0ba01b2\" data-element_type=\"widget\" data-e-type=\"widget\" id=\"qoute-form\" data-settings=\"{&quot;step_next_label&quot;:&quot;Pr\\u00f3ximo&quot;,&quot;step_previous_label&quot;:&quot;Anterior&quot;,&quot;button_width&quot;:&quot;100&quot;,&quot;step_type&quot;:&quot;number_text&quot;,&quot;step_icon_shape&quot;:&quot;circle&quot;,&quot;_ob_perspektive_use&quot;:&quot;no&quot;,&quot;_ob_poopart_use&quot;:&quot;yes&quot;,&quot;_ob_shadough_use&quot;:&quot;no&quot;,&quot;_ob_allow_hoveranimator&quot;:&quot;no&quot;,&quot;_ob_widget_stalker_use&quot;:&quot;no&quot;}\" data-widget_type=\"form.default\">\n\t\t\t\t<div class=\"elementor-widget-container\">\n\t\t\t\t\t\t\t<form class=\"elementor-form\" method=\"post\" name=\"Novo Formul\u00e1rio\">\n\t\t\t<input type=\"hidden\" name=\"post_id\" value=\"5011\"\/>\n\t\t\t<input type=\"hidden\" name=\"form_id\" value=\"0ba01b2\"\/>\n\t\t\t<input type=\"hidden\" name=\"referer_title\" value=\"OmniText Translations\" \/>\n\n\t\t\t\n\t\t\t<div class=\"elementor-form-fields-wrapper elementor-labels-above\">\n\t\t\t\t\t\t\t\t<div class=\"elementor-field-type-text elementor-field-group elementor-column elementor-field-group-name elementor-col-100 elementor-field-required elementor-mark-required\">\n\t\t\t\t\t\t\t\t\t\t\t\t<label for=\"form-field-name\" class=\"elementor-field-label\">\n\t\t\t\t\t\t\t\tPrimeiro nome*\t\t\t\t\t\t\t<\/label>\n\t\t\t\t\t\t\t\t\t\t\t\t\t\t<input size=\"1\" type=\"text\" name=\"form_fields[name]\" id=\"form-field-name\" class=\"elementor-field elementor-size-sm  elementor-field-textual\" placeholder=\"Primeiro nome*\" required=\"required\" aria-required=\"true\">\n\t\t\t\t\t\t\t\t\t\t\t<\/div>\n\t\t\t\t\t\t\t\t<div class=\"elementor-field-type-text elementor-field-group elementor-column elementor-field-group-field_b22123c elementor-col-100 elementor-field-required elementor-mark-required\">\n\t\t\t\t\t\t\t\t\t\t\t\t<label for=\"form-field-field_b22123c\" class=\"elementor-field-label\">\n\t\t\t\t\t\t\t\tSobrenome*\t\t\t\t\t\t\t<\/label>\n\t\t\t\t\t\t\t\t\t\t\t\t\t\t<input size=\"1\" type=\"text\" name=\"form_fields[field_b22123c]\" id=\"form-field-field_b22123c\" class=\"elementor-field elementor-size-sm  elementor-field-textual\" placeholder=\"Sobrenome*\" required=\"required\" aria-required=\"true\">\n\t\t\t\t\t\t\t\t\t\t\t<\/div>\n\t\t\t\t\t\t\t\t<div class=\"elementor-field-type-tel elementor-field-group elementor-column elementor-field-group-field_da7e460 elementor-col-100 elementor-field-required elementor-mark-required\">\n\t\t\t\t\t\t\t\t\t\t\t\t<label for=\"form-field-field_da7e460\" class=\"elementor-field-label\">\n\t\t\t\t\t\t\t\tTelefone\t\t\t\t\t\t\t<\/label>\n\t\t\t\t\t\t\t\t<input size=\"1\" type=\"tel\" name=\"form_fields[field_da7e460]\" id=\"form-field-field_da7e460\" class=\"elementor-field elementor-size-sm  elementor-field-textual\" placeholder=\"Telefone\" required=\"required\" aria-required=\"true\" pattern=\"[0-9()#&amp;+*-=.]+\" title=\"Only numbers and phone characters (#, -, *, etc) are accepted.\">\n\n\t\t\t\t\t\t<\/div>\n\t\t\t\t\t\t\t\t<div class=\"elementor-field-type-email elementor-field-group elementor-column elementor-field-group-field_8a2fa72 elementor-col-100 elementor-field-required elementor-mark-required\">\n\t\t\t\t\t\t\t\t\t\t\t\t<label for=\"form-field-field_8a2fa72\" class=\"elementor-field-label\">\n\t\t\t\t\t\t\t\tEmail*\t\t\t\t\t\t\t<\/label>\n\t\t\t\t\t\t\t\t\t\t\t\t\t\t<input size=\"1\" type=\"email\" name=\"form_fields[field_8a2fa72]\" id=\"form-field-field_8a2fa72\" class=\"elementor-field elementor-size-sm  elementor-field-textual\" placeholder=\"Email*\" required=\"required\" aria-required=\"true\">\n\t\t\t\t\t\t\t\t\t\t\t<\/div>\n\t\t\t\t\t\t\t\t<div class=\"elementor-field-type-select elementor-field-group elementor-column elementor-field-group-field_e9c3029 elementor-col-100 elementor-field-required elementor-mark-required\">\n\t\t\t\t\t\t\t\t\t\t\t\t<label for=\"form-field-field_e9c3029\" class=\"elementor-field-label\">\n\t\t\t\t\t\t\t\tServi\u00e7os\t\t\t\t\t\t\t<\/label>\n\t\t\t\t\t\t\t\t<div class=\"elementor-field elementor-select-wrapper remove-before \">\n\t\t\t<div class=\"select-caret-down-wrapper\">\n\t\t\t\t<i aria-hidden=\"true\" class=\"eicon-caret-down\"><\/i>\t\t\t<\/div>\n\t\t\t<select name=\"form_fields[field_e9c3029]\" id=\"form-field-field_e9c3029\" class=\"elementor-field-textual elementor-size-sm\" required=\"required\" aria-required=\"true\">\n\t\t\t\t\t\t\t\t\t<option value=\"\"><\/option>\n\t\t\t\t\t\t\t\t\t<option value=\"Tradu\u00e7\u00e3o\">Tradu\u00e7\u00e3o<\/option>\n\t\t\t\t\t\t\t\t\t<option value=\"Revis\u00e3o e Editora\u00e7\u00e3o\">Revis\u00e3o e Editora\u00e7\u00e3o<\/option>\n\t\t\t\t\t\t\t\t\t<option value=\"Produ\u00e7\u00e3o de Conte\u00fado\">Produ\u00e7\u00e3o de Conte\u00fado<\/option>\n\t\t\t\t\t\t\t\t\t<option value=\"Localiza\u00e7\u00e3o de Aplicativos e Sites\">Localiza\u00e7\u00e3o de Aplicativos e Sites<\/option>\n\t\t\t\t\t\t\t\t\t<option value=\"Gest\u00e3o de Terminologia\">Gest\u00e3o de Terminologia<\/option>\n\t\t\t\t\t\t\t\t\t<option value=\"Editora\u00e7\u00e3o Eletr\u00f4nica (DTP)\">Editora\u00e7\u00e3o Eletr\u00f4nica (DTP)<\/option>\n\t\t\t\t\t\t\t\t\t<option value=\"Consultoria Lingu\u00edstica\">Consultoria Lingu\u00edstica<\/option>\n\t\t\t\t\t\t\t\t\t<option value=\"Interpreta\u00e7\u00e3o Simult\u00e2nea \">Interpreta\u00e7\u00e3o Simult\u00e2nea <\/option>\n\t\t\t\t\t\t\t\t\t<option value=\"Interpreta\u00e7\u00e3o Consecutiva\">Interpreta\u00e7\u00e3o Consecutiva<\/option>\n\t\t\t\t\t\t\t\t\t<option value=\"Interpreta\u00e7\u00e3o Sussurrada\">Interpreta\u00e7\u00e3o Sussurrada<\/option>\n\t\t\t\t\t\t\t\t\t<option value=\"O campo n\u00e3o pode estar vazio\">O campo n\u00e3o pode estar vazio<\/option>\n\t\t\t\t\t\t\t\t\t<option value=\"\"><\/option>\n\t\t\t\t\t\t\t<\/select>\n\t\t<\/div>\n\t\t\t\t\t\t<\/div>\n\t\t\t\t\t\t\t\t<div class=\"elementor-field-type-textarea elementor-field-group elementor-column elementor-field-group-field_f3c59cf elementor-col-100 elementor-field-required elementor-mark-required\">\n\t\t\t\t\t\t\t\t\t\t\t\t<label for=\"form-field-field_f3c59cf\" class=\"elementor-field-label\">\n\t\t\t\t\t\t\t\tMensagem\t\t\t\t\t\t\t<\/label>\n\t\t\t\t\t\t<textarea class=\"elementor-field-textual elementor-field  elementor-size-sm\" name=\"form_fields[field_f3c59cf]\" id=\"form-field-field_f3c59cf\" rows=\"6\" placeholder=\"Digite sua mensagem aqui\" required=\"required\" aria-required=\"true\"><\/textarea>\t\t\t\t<\/div>\n\t\t\t\t\t\t\t\t<div class=\"elementor-field-type-upload elementor-field-group elementor-column elementor-field-group-field_0e35fff elementor-col-100\">\n\t\t\t\t\t\t\t\t\t\t\t\t<label for=\"form-field-field_0e35fff\" class=\"elementor-field-label\">\n\t\t\t\t\t\t\t\tAnexar um arquivo\t\t\t\t\t\t\t<\/label>\n\t\t\t\t\t\t\t\t<input type=\"file\" name=\"form_fields[field_0e35fff]\" id=\"form-field-field_0e35fff\" class=\"elementor-field elementor-size-sm  elementor-upload-field\" data-maxsize=\"40\" data-maxsize-message=\"This file exceeds the maximum allowed size.\">\n\n\t\t\t\t\t\t<\/div>\n\t\t\t\t\t\t\t\t<div class=\"elementor-field-group elementor-column elementor-field-type-submit elementor-col-100 e-form__buttons\">\n\t\t\t\t\t<button type=\"submit\" class=\"elementor-button elementor-size-sm\">\n\t\t\t\t\t\t<span >\n\t\t\t\t\t\t\t\t\t\t\t\t\t\t\t<span class=\" elementor-button-icon\">\n\t\t\t\t\t\t\t\t\t\t\t\t\t\t\t\t\t\t\t\t\t\t\t\t\t\t<\/span>\n\t\t\t\t\t\t\t\t\t\t\t\t\t\t\t\t\t\t\t\t\t\t<span class=\"elementor-button-text\">Enviar<\/span>\n\t\t\t\t\t\t\t\t\t\t\t\t\t<\/span>\n\t\t\t\t\t<\/button>\n\t\t\t\t<\/div>\n\t\t\t<\/div>\n\t\t<\/form>\n\t\t\t\t\t\t<\/div>\n\t\t\t\t<\/div>\n\t\t\t\t\t<\/div>\n\t\t<\/div>\n\t\t\t\t\t<\/div>\n\t\t<\/section>\n\t\t\t\t<\/div>\n\t\t","protected":false},"excerpt":{"rendered":"<p>Obtenha um Or\u00e7amento Gratuito Por favor, preencha o formul\u00e1rio abaixo e n\u00f3s lhe enviaremos um or\u00e7amento gr\u00e1tis como assim que poss\u00edvel. Estamos ansiosos para trabalhar com voc\u00ea!<\/p>\n","protected":false},"author":2,"featured_media":0,"parent":5019,"menu_order":0,"comment_status":"closed","ping_status":"closed","template":"elementor_header_footer","meta":{"footnotes":""},"class_list":["post-5011","page","type-page","status-publish","hentry"],"yoast_head":"<!-- This site is optimized with the Yoast SEO plugin v26.8 - https:\/\/yoast.com\/product\/yoast-seo-wordpress\/ -->\n<title>Obtenha um Or\u00e7amento Gratuito - OmniText Translations<\/title>\n<meta name=\"robots\" content=\"index, follow, max-snippet:-1, max-image-preview:large, max-video-preview:-1\" \/>\n<link rel=\"canonical\" href=\"https:\/\/omnitextgroup.com\/pt-br\/fale-conosco\/obtenha-um-orcamento-gratuito\/\" \/>\n<meta property=\"og:locale\" content=\"pt_BR\" \/>\n<meta property=\"og:type\" content=\"article\" \/>\n<meta property=\"og:title\" content=\"Obtenha um Or\u00e7amento Gratuito - OmniText Translations\" \/>\n<meta property=\"og:description\" content=\"Obtenha um Or\u00e7amento Gratuito Por favor, preencha o formul\u00e1rio abaixo e n\u00f3s lhe enviaremos um or\u00e7amento gr\u00e1tis como assim que poss\u00edvel. Estamos ansiosos para trabalhar com voc\u00ea!\" \/>\n<meta property=\"og:url\" content=\"https:\/\/omnitextgroup.com\/pt-br\/fale-conosco\/obtenha-um-orcamento-gratuito\/\" \/>\n<meta property=\"og:site_name\" content=\"OmniText Translations\" \/>\n<meta property=\"article:modified_time\" content=\"2021-10-19T16:12:53+00:00\" \/>\n<meta name=\"twitter:card\" content=\"summary_large_image\" \/>\n<script type=\"application\/ld+json\" class=\"yoast-schema-graph\">{\"@context\":\"https:\/\/schema.org\",\"@graph\":[{\"@type\":\"WebPage\",\"@id\":\"https:\/\/omnitextgroup.com\/pt-br\/fale-conosco\/obtenha-um-orcamento-gratuito\/\",\"url\":\"https:\/\/omnitextgroup.com\/pt-br\/fale-conosco\/obtenha-um-orcamento-gratuito\/\",\"name\":\"Obtenha um Or\u00e7amento Gratuito - OmniText Translations\",\"isPartOf\":{\"@id\":\"https:\/\/omnitextgroup.com\/pt-br\/#website\"},\"datePublished\":\"2021-10-19T16:12:50+00:00\",\"dateModified\":\"2021-10-19T16:12:53+00:00\",\"breadcrumb\":{\"@id\":\"https:\/\/omnitextgroup.com\/pt-br\/fale-conosco\/obtenha-um-orcamento-gratuito\/#breadcrumb\"},\"inLanguage\":\"pt-BR\",\"potentialAction\":[{\"@type\":\"ReadAction\",\"target\":[\"https:\/\/omnitextgroup.com\/pt-br\/fale-conosco\/obtenha-um-orcamento-gratuito\/\"]}]},{\"@type\":\"BreadcrumbList\",\"@id\":\"https:\/\/omnitextgroup.com\/pt-br\/fale-conosco\/obtenha-um-orcamento-gratuito\/#breadcrumb\",\"itemListElement\":[{\"@type\":\"ListItem\",\"position\":1,\"name\":\"Home\",\"item\":\"https:\/\/omnitextgroup.com\/pt-br\/\"},{\"@type\":\"ListItem\",\"position\":2,\"name\":\"Fale Conosco\",\"item\":\"https:\/\/omnitextgroup.com\/pt-br\/contact-us\/\"},{\"@type\":\"ListItem\",\"position\":3,\"name\":\"Obtenha um Or\u00e7amento Gratuito\"}]},{\"@type\":\"WebSite\",\"@id\":\"https:\/\/omnitextgroup.com\/pt-br\/#website\",\"url\":\"https:\/\/omnitextgroup.com\/pt-br\/\",\"name\":\"OmniText Translations\",\"description\":\"Go glocal!\",\"potentialAction\":[{\"@type\":\"SearchAction\",\"target\":{\"@type\":\"EntryPoint\",\"urlTemplate\":\"https:\/\/omnitextgroup.com\/pt-br\/?s={search_term_string}\"},\"query-input\":{\"@type\":\"PropertyValueSpecification\",\"valueRequired\":true,\"valueName\":\"search_term_string\"}}],\"inLanguage\":\"pt-BR\"}]}<\/script>\n<!-- \/ Yoast SEO plugin. -->","yoast_head_json":{"title":"Obtenha um Or\u00e7amento Gratuito - OmniText Translations","robots":{"index":"index","follow":"follow","max-snippet":"max-snippet:-1","max-image-preview":"max-image-preview:large","max-video-preview":"max-video-preview:-1"},"canonical":"https:\/\/omnitextgroup.com\/pt-br\/fale-conosco\/obtenha-um-orcamento-gratuito\/","og_locale":"pt_BR","og_type":"article","og_title":"Obtenha um Or\u00e7amento Gratuito - OmniText Translations","og_description":"Obtenha um Or\u00e7amento Gratuito Por favor, preencha o formul\u00e1rio abaixo e n\u00f3s lhe enviaremos um or\u00e7amento gr\u00e1tis como assim que poss\u00edvel. Estamos ansiosos para trabalhar com voc\u00ea!","og_url":"https:\/\/omnitextgroup.com\/pt-br\/fale-conosco\/obtenha-um-orcamento-gratuito\/","og_site_name":"OmniText Translations","article_modified_time":"2021-10-19T16:12:53+00:00","twitter_card":"summary_large_image","schema":{"@context":"https:\/\/schema.org","@graph":[{"@type":"WebPage","@id":"https:\/\/omnitextgroup.com\/pt-br\/fale-conosco\/obtenha-um-orcamento-gratuito\/","url":"https:\/\/omnitextgroup.com\/pt-br\/fale-conosco\/obtenha-um-orcamento-gratuito\/","name":"Obtenha um Or\u00e7amento Gratuito - OmniText Translations","isPartOf":{"@id":"https:\/\/omnitextgroup.com\/pt-br\/#website"},"datePublished":"2021-10-19T16:12:50+00:00","dateModified":"2021-10-19T16:12:53+00:00","breadcrumb":{"@id":"https:\/\/omnitextgroup.com\/pt-br\/fale-conosco\/obtenha-um-orcamento-gratuito\/#breadcrumb"},"inLanguage":"pt-BR","potentialAction":[{"@type":"ReadAction","target":["https:\/\/omnitextgroup.com\/pt-br\/fale-conosco\/obtenha-um-orcamento-gratuito\/"]}]},{"@type":"BreadcrumbList","@id":"https:\/\/omnitextgroup.com\/pt-br\/fale-conosco\/obtenha-um-orcamento-gratuito\/#breadcrumb","itemListElement":[{"@type":"ListItem","position":1,"name":"Home","item":"https:\/\/omnitextgroup.com\/pt-br\/"},{"@type":"ListItem","position":2,"name":"Fale Conosco","item":"https:\/\/omnitextgroup.com\/pt-br\/contact-us\/"},{"@type":"ListItem","position":3,"name":"Obtenha um Or\u00e7amento Gratuito"}]},{"@type":"WebSite","@id":"https:\/\/omnitextgroup.com\/pt-br\/#website","url":"https:\/\/omnitextgroup.com\/pt-br\/","name":"OmniText Translations","description":"Go glocal!","potentialAction":[{"@type":"SearchAction","target":{"@type":"EntryPoint","urlTemplate":"https:\/\/omnitextgroup.com\/pt-br\/?s={search_term_string}"},"query-input":{"@type":"PropertyValueSpecification","valueRequired":true,"valueName":"search_term_string"}}],"inLanguage":"pt-BR"}]}},"_links":{"self":[{"href":"https:\/\/omnitextgroup.com\/pt-br\/wp-json\/wp\/v2\/pages\/5011","targetHints":{"allow":["GET"]}}],"collection":[{"href":"https:\/\/omnitextgroup.com\/pt-br\/wp-json\/wp\/v2\/pages"}],"about":[{"href":"https:\/\/omnitextgroup.com\/pt-br\/wp-json\/wp\/v2\/types\/page"}],"author":[{"embeddable":true,"href":"https:\/\/omnitextgroup.com\/pt-br\/wp-json\/wp\/v2\/users\/2"}],"replies":[{"embeddable":true,"href":"https:\/\/omnitextgroup.com\/pt-br\/wp-json\/wp\/v2\/comments?post=5011"}],"version-history":[{"count":1,"href":"https:\/\/omnitextgroup.com\/pt-br\/wp-json\/wp\/v2\/pages\/5011\/revisions"}],"predecessor-version":[{"id":5018,"href":"https:\/\/omnitextgroup.com\/pt-br\/wp-json\/wp\/v2\/pages\/5011\/revisions\/5018"}],"up":[{"embeddable":true,"href":"https:\/\/omnitextgroup.com\/pt-br\/wp-json\/wp\/v2\/pages\/5019"}],"wp:attachment":[{"href":"https:\/\/omnitextgroup.com\/pt-br\/wp-json\/wp\/v2\/media?parent=5011"}],"curies":[{"name":"wp","href":"https:\/\/api.w.org\/{rel}","templated":true}]}}