{"id":6228,"date":"2021-10-19T21:19:34","date_gmt":"2021-10-19T21:19:34","guid":{"rendered":"http:\/\/omnitextgroup.com\/consultoria-linguistica\/"},"modified":"2021-10-19T21:20:02","modified_gmt":"2021-10-19T21:20:02","slug":"consultoria-linguistica","status":"publish","type":"page","link":"https:\/\/omnitextgroup.com\/pt-br\/nossos-servicos\/consultoria-linguistica\/","title":{"rendered":"Consultoria Lingu\u00edstica"},"content":{"rendered":"\t\t<div data-elementor-type=\"wp-page\" data-elementor-id=\"6228\" class=\"elementor elementor-6228 elementor-1100\">\n\t\t\t\t\t\t<section class=\"ob-is-breaking-bad elementor-section elementor-top-section elementor-element elementor-element-200d63a9 elementor-section-height-min-height elementor-section-content-middle elementor-section-boxed elementor-section-height-default elementor-section-items-middle\" data-id=\"200d63a9\" data-element_type=\"section\" data-e-type=\"section\" data-settings=\"{&quot;background_background&quot;:&quot;classic&quot;,&quot;_ob_bbad_use_it&quot;:&quot;yes&quot;,&quot;_ob_bbad_sssic_use&quot;:&quot;no&quot;,&quot;_ob_glider_is_slider&quot;:&quot;no&quot;}\">\n\t\t\t\t\t\t\t<div class=\"elementor-background-overlay\"><\/div>\n\t\t\t\t\t\t\t<div class=\"elementor-container elementor-column-gap-default\">\n\t\t\t\t\t<div class=\"elementor-column elementor-col-100 elementor-top-column elementor-element elementor-element-3260503f\" data-id=\"3260503f\" data-element_type=\"column\" data-e-type=\"column\" data-settings=\"{&quot;_ob_bbad_is_stalker&quot;:&quot;no&quot;,&quot;_ob_teleporter_use&quot;:false,&quot;_ob_column_hoveranimator&quot;:&quot;no&quot;,&quot;_ob_column_has_pseudo&quot;:&quot;no&quot;}\">\n\t\t\t<div class=\"elementor-widget-wrap elementor-element-populated\">\n\t\t\t\t\t\t<div class=\"elementor-element elementor-element-1cfb9480 elementor-align-center ob-has-background-overlay elementor-widget elementor-widget-breadcrumbs\" data-id=\"1cfb9480\" data-element_type=\"widget\" data-e-type=\"widget\" data-settings=\"{&quot;_ob_perspektive_use&quot;:&quot;no&quot;,&quot;_ob_poopart_use&quot;:&quot;yes&quot;,&quot;_ob_shadough_use&quot;:&quot;no&quot;,&quot;_ob_allow_hoveranimator&quot;:&quot;no&quot;,&quot;_ob_widget_stalker_use&quot;:&quot;no&quot;}\" data-widget_type=\"breadcrumbs.default\">\n\t\t\t\t<div class=\"elementor-widget-container\">\n\t\t\t\t\t<nav id=\"breadcrumbs\"><span><span><a href=\"https:\/\/omnitextgroup.com\/pt-br\/\">Home<\/a><\/span><\/span><\/nav>\t\t\t\t<\/div>\n\t\t\t\t<\/div>\n\t\t\t\t\t<\/div>\n\t\t<\/div>\n\t\t\t\t\t<\/div>\n\t\t<\/section>\n\t\t\t\t<section class=\"ob-is-breaking-bad elementor-section elementor-top-section elementor-element elementor-element-1a737b45 elementor-section-boxed elementor-section-height-default elementor-section-height-default\" data-id=\"1a737b45\" data-element_type=\"section\" data-e-type=\"section\" data-settings=\"{&quot;background_background&quot;:&quot;classic&quot;,&quot;_ob_bbad_use_it&quot;:&quot;yes&quot;,&quot;_ob_bbad_sssic_use&quot;:&quot;no&quot;,&quot;_ob_glider_is_slider&quot;:&quot;no&quot;}\">\n\t\t\t\t\t\t<div class=\"elementor-container elementor-column-gap-default\">\n\t\t\t\t\t<div class=\"elementor-column elementor-col-100 elementor-top-column elementor-element elementor-element-fcfd0a1\" data-id=\"fcfd0a1\" data-element_type=\"column\" data-e-type=\"column\" data-settings=\"{&quot;_ob_bbad_is_stalker&quot;:&quot;no&quot;,&quot;_ob_teleporter_use&quot;:false,&quot;_ob_column_hoveranimator&quot;:&quot;no&quot;,&quot;_ob_column_has_pseudo&quot;:&quot;no&quot;}\">\n\t\t\t<div class=\"elementor-widget-wrap elementor-element-populated\">\n\t\t\t\t\t\t<div class=\"elementor-element elementor-element-1964e618 ob-harakiri-inherit ob-has-background-overlay elementor-widget elementor-widget-heading\" data-id=\"1964e618\" data-element_type=\"widget\" data-e-type=\"widget\" data-settings=\"{&quot;_ob_use_harakiri&quot;:&quot;yes&quot;,&quot;_ob_harakiri_writing_mode&quot;:&quot;inherit&quot;,&quot;_ob_harakiri_text_clip&quot;:&quot;none&quot;,&quot;_ob_perspektive_use&quot;:&quot;no&quot;,&quot;_ob_poopart_use&quot;:&quot;yes&quot;,&quot;_ob_shadough_use&quot;:&quot;no&quot;,&quot;_ob_allow_hoveranimator&quot;:&quot;no&quot;,&quot;_ob_widget_stalker_use&quot;:&quot;no&quot;}\" data-widget_type=\"heading.default\">\n\t\t\t\t<div class=\"elementor-widget-container\">\n\t\t\t\t\t<h3 class=\"elementor-heading-title elementor-size-default\">Consultoria Lingu\u00edstica<\/h3>\t\t\t\t<\/div>\n\t\t\t\t<\/div>\n\t\t\t\t<div class=\"elementor-element elementor-element-1b9defcf elementor-widget-divider--view-line ob-has-background-overlay elementor-widget elementor-widget-divider\" data-id=\"1b9defcf\" data-element_type=\"widget\" data-e-type=\"widget\" data-settings=\"{&quot;_ob_perspektive_use&quot;:&quot;no&quot;,&quot;_ob_poopart_use&quot;:&quot;yes&quot;,&quot;_ob_shadough_use&quot;:&quot;no&quot;,&quot;_ob_allow_hoveranimator&quot;:&quot;no&quot;,&quot;_ob_widget_stalker_use&quot;:&quot;no&quot;}\" data-widget_type=\"divider.default\">\n\t\t\t\t<div class=\"elementor-widget-container\">\n\t\t\t\t\t\t\t<div class=\"elementor-divider\">\n\t\t\t<span class=\"elementor-divider-separator\">\n\t\t\t\t\t\t<\/span>\n\t\t<\/div>\n\t\t\t\t\t\t<\/div>\n\t\t\t\t<\/div>\n\t\t\t\t<div class=\"elementor-element elementor-element-69bd23d2 ob-has-background-overlay elementor-widget elementor-widget-image\" data-id=\"69bd23d2\" data-element_type=\"widget\" data-e-type=\"widget\" data-settings=\"{&quot;_ob_photomorph_use&quot;:&quot;no&quot;,&quot;_ob_perspektive_use&quot;:&quot;no&quot;,&quot;_ob_poopart_use&quot;:&quot;yes&quot;,&quot;_ob_shadough_use&quot;:&quot;no&quot;,&quot;_ob_allow_hoveranimator&quot;:&quot;no&quot;,&quot;_ob_widget_stalker_use&quot;:&quot;no&quot;}\" data-widget_type=\"image.default\">\n\t\t\t\t<div class=\"elementor-widget-container\">\n\t\t\t\t\t\t\t\t\t\t\t\t\t\t\t<img fetchpriority=\"high\" decoding=\"async\" width=\"800\" height=\"801\" src=\"https:\/\/omnitextgroup.com\/wp-content\/uploads\/2021\/07\/language-consultancy-1.jpg\" class=\"attachment-large size-large wp-image-5979\" alt=\"\" srcset=\"https:\/\/omnitextgroup.com\/wp-content\/uploads\/2021\/07\/language-consultancy-1.jpg 935w, https:\/\/omnitextgroup.com\/wp-content\/uploads\/2021\/07\/language-consultancy-1-300x300.jpg 300w, https:\/\/omnitextgroup.com\/wp-content\/uploads\/2021\/07\/language-consultancy-1-150x150.jpg 150w, https:\/\/omnitextgroup.com\/wp-content\/uploads\/2021\/07\/language-consultancy-1-768x769.jpg 768w\" sizes=\"(max-width: 800px) 100vw, 800px\" \/>\t\t\t\t\t\t\t\t\t\t\t\t\t\t\t<\/div>\n\t\t\t\t<\/div>\n\t\t\t\t<div class=\"elementor-element elementor-element-49905435 ob-harakiri-inherit ob-has-background-overlay elementor-widget elementor-widget-text-editor\" data-id=\"49905435\" data-element_type=\"widget\" data-e-type=\"widget\" data-settings=\"{&quot;_ob_use_harakiri&quot;:&quot;yes&quot;,&quot;_ob_harakiri_writing_mode&quot;:&quot;inherit&quot;,&quot;_ob_postman_use&quot;:&quot;no&quot;,&quot;_ob_perspektive_use&quot;:&quot;no&quot;,&quot;_ob_poopart_use&quot;:&quot;yes&quot;,&quot;_ob_shadough_use&quot;:&quot;no&quot;,&quot;_ob_allow_hoveranimator&quot;:&quot;no&quot;,&quot;_ob_widget_stalker_use&quot;:&quot;no&quot;}\" data-widget_type=\"text-editor.default\">\n\t\t\t\t<div class=\"elementor-widget-container\">\n\t\t\t\t\t\t\t\t\t<p><Div><\/p>\n<p>A OmniText Translations tamb\u00e9m oferece um servi\u00e7o de consultoria que pode ajudar sua empresa a enfrentar os v\u00e1rios desafios que surgem ao trabalhar com pessoas que falam diferentes l\u00ednguas.<\/p>\n<p>Deseja se comunicar com novos fornecedores do exterior? Deseja elaborar cartas comerciais importantes para clientes estrangeiros? Precisa de ajuda para estabelecer rela\u00e7\u00f5es com a imprensa ou com o p\u00fablico, sem abrir m\u00e3o da credibilidade e evitando erros culturais? Nossos profissionais experientes em linguagem e comunica\u00e7\u00e3o empresarial podem fornecer:<\/p><\/div>\n<div>\u00a0<\/div>\n<div>1. Auditoria externa de prestadores de servi\u00e7os terceirizados, voltada \u00e0 prote\u00e7\u00e3o dos seus investimentos.<\/div>\n<div>2. An\u00e1lise e avalia\u00e7\u00e3o minuciosas dos recursos internos de treinamento da sua empresa.<\/div>\n<div>3. Avalia\u00e7\u00e3o de candidatos em fun\u00e7\u00f5es nas quais a profici\u00eancia lingu\u00edstica e cultural \u00e9 fundamental.<\/div>\n<div>4. Elabora\u00e7\u00e3o de cursos lingu\u00edsticos e internacionais adaptados \u00e0s necessidades da sua empresa.<\/div>\n<div>5. Suporte em tempo real para chamadas comerciais, confer\u00eancias, semin\u00e1rios etc.<\/div>\n<div>6. Reuni\u00f5es individuais ou em equipe para a produ\u00e7\u00e3o de documentos.<\/div>\n<div>\u00a0<\/div>\n<div>Nossa equipe especialista e multil\u00edngue possui um conjunto \u00fanico de treinamento lingu\u00edstico, cultural e em habilidades de interpreta\u00e7\u00e3o que podem ser adaptadas a uma grande variedade de ambientes e projetos de neg\u00f3cios.<\/div>\n<div>\u00a0<\/div>\n<div>Tem um desafio de marketing internacional em m\u00e3os e gostaria de contar com o nosso suporte? N\u00e3o perca tempo e entre em contato hoje mesmo!<\/div>\n\t\t\t\t\t\t\t\t<\/div>\n\t\t\t\t<\/div>\n\t\t\t\t\t<\/div>\n\t\t<\/div>\n\t\t\t\t\t<\/div>\n\t\t<\/section>\n\t\t\t\t<\/div>\n\t\t","protected":false},"excerpt":{"rendered":"<p>Consultoria Lingu\u00edstica A OmniText Translations tamb\u00e9m oferece um servi\u00e7o de consultoria que pode ajudar sua empresa a enfrentar os v\u00e1rios desafios que surgem ao trabalhar com pessoas que falam diferentes l\u00ednguas. Deseja se comunicar com novos fornecedores do exterior? Deseja elaborar cartas comerciais importantes para clientes estrangeiros? Precisa de ajuda para estabelecer rela\u00e7\u00f5es com a [&hellip;]<\/p>\n","protected":false},"author":2,"featured_media":0,"parent":6253,"menu_order":0,"comment_status":"closed","ping_status":"closed","template":"","meta":{"footnotes":""},"class_list":["post-6228","page","type-page","status-publish","hentry"],"yoast_head":"<!-- This site is optimized with the Yoast SEO plugin v26.8 - https:\/\/yoast.com\/product\/yoast-seo-wordpress\/ -->\n<title>Consultoria Lingu\u00edstica - OmniText Translations<\/title>\n<meta name=\"robots\" content=\"index, follow, max-snippet:-1, max-image-preview:large, max-video-preview:-1\" \/>\n<link rel=\"canonical\" href=\"https:\/\/omnitextgroup.com\/pt-br\/nossos-servicos\/consultoria-linguistica\/\" \/>\n<meta property=\"og:locale\" content=\"pt_BR\" \/>\n<meta property=\"og:type\" content=\"article\" \/>\n<meta property=\"og:title\" content=\"Consultoria Lingu\u00edstica - OmniText Translations\" \/>\n<meta property=\"og:description\" content=\"Consultoria Lingu\u00edstica A OmniText Translations tamb\u00e9m oferece um servi\u00e7o de consultoria que pode ajudar sua empresa a enfrentar os v\u00e1rios desafios que surgem ao trabalhar com pessoas que falam diferentes l\u00ednguas. Deseja se comunicar com novos fornecedores do exterior? Deseja elaborar cartas comerciais importantes para clientes estrangeiros? Precisa de ajuda para estabelecer rela\u00e7\u00f5es com a [&hellip;]\" \/>\n<meta property=\"og:url\" content=\"https:\/\/omnitextgroup.com\/pt-br\/nossos-servicos\/consultoria-linguistica\/\" \/>\n<meta property=\"og:site_name\" content=\"OmniText Translations\" \/>\n<meta property=\"article:modified_time\" content=\"2021-10-19T21:20:02+00:00\" \/>\n<meta property=\"og:image\" content=\"http:\/\/omnitextgroup.com\/wp-content\/uploads\/2021\/07\/language-consultancy-1.jpg\" \/>\n<meta name=\"twitter:card\" content=\"summary_large_image\" \/>\n<meta name=\"twitter:label1\" content=\"Est. tempo de leitura\" \/>\n\t<meta name=\"twitter:data1\" content=\"1 minuto\" \/>\n<script type=\"application\/ld+json\" class=\"yoast-schema-graph\">{\"@context\":\"https:\/\/schema.org\",\"@graph\":[{\"@type\":\"WebPage\",\"@id\":\"https:\/\/omnitextgroup.com\/pt-br\/nossos-servicos\/consultoria-linguistica\/\",\"url\":\"https:\/\/omnitextgroup.com\/pt-br\/nossos-servicos\/consultoria-linguistica\/\",\"name\":\"Consultoria Lingu\u00edstica - OmniText Translations\",\"isPartOf\":{\"@id\":\"https:\/\/omnitextgroup.com\/pt-br\/#website\"},\"primaryImageOfPage\":{\"@id\":\"https:\/\/omnitextgroup.com\/pt-br\/nossos-servicos\/consultoria-linguistica\/#primaryimage\"},\"image\":{\"@id\":\"https:\/\/omnitextgroup.com\/pt-br\/nossos-servicos\/consultoria-linguistica\/#primaryimage\"},\"thumbnailUrl\":\"http:\/\/omnitextgroup.com\/wp-content\/uploads\/2021\/07\/language-consultancy-1.jpg\",\"datePublished\":\"2021-10-19T21:19:34+00:00\",\"dateModified\":\"2021-10-19T21:20:02+00:00\",\"breadcrumb\":{\"@id\":\"https:\/\/omnitextgroup.com\/pt-br\/nossos-servicos\/consultoria-linguistica\/#breadcrumb\"},\"inLanguage\":\"pt-BR\",\"potentialAction\":[{\"@type\":\"ReadAction\",\"target\":[\"https:\/\/omnitextgroup.com\/pt-br\/nossos-servicos\/consultoria-linguistica\/\"]}]},{\"@type\":\"ImageObject\",\"inLanguage\":\"pt-BR\",\"@id\":\"https:\/\/omnitextgroup.com\/pt-br\/nossos-servicos\/consultoria-linguistica\/#primaryimage\",\"url\":\"http:\/\/omnitextgroup.com\/wp-content\/uploads\/2021\/07\/language-consultancy-1.jpg\",\"contentUrl\":\"http:\/\/omnitextgroup.com\/wp-content\/uploads\/2021\/07\/language-consultancy-1.jpg\"},{\"@type\":\"BreadcrumbList\",\"@id\":\"https:\/\/omnitextgroup.com\/pt-br\/nossos-servicos\/consultoria-linguistica\/#breadcrumb\",\"itemListElement\":[{\"@type\":\"ListItem\",\"position\":1,\"name\":\"Home\",\"item\":\"https:\/\/omnitextgroup.com\/pt-br\/\"},{\"@type\":\"ListItem\",\"position\":2,\"name\":\"Nossos Servi\u00e7os\",\"item\":\"https:\/\/omnitextgroup.com\/pt-br\/our-services\/\"},{\"@type\":\"ListItem\",\"position\":3,\"name\":\"Consultoria Lingu\u00edstica\"}]},{\"@type\":\"WebSite\",\"@id\":\"https:\/\/omnitextgroup.com\/pt-br\/#website\",\"url\":\"https:\/\/omnitextgroup.com\/pt-br\/\",\"name\":\"OmniText Translations\",\"description\":\"Go glocal!\",\"potentialAction\":[{\"@type\":\"SearchAction\",\"target\":{\"@type\":\"EntryPoint\",\"urlTemplate\":\"https:\/\/omnitextgroup.com\/pt-br\/?s={search_term_string}\"},\"query-input\":{\"@type\":\"PropertyValueSpecification\",\"valueRequired\":true,\"valueName\":\"search_term_string\"}}],\"inLanguage\":\"pt-BR\"}]}<\/script>\n<!-- \/ Yoast SEO plugin. -->","yoast_head_json":{"title":"Consultoria Lingu\u00edstica - OmniText Translations","robots":{"index":"index","follow":"follow","max-snippet":"max-snippet:-1","max-image-preview":"max-image-preview:large","max-video-preview":"max-video-preview:-1"},"canonical":"https:\/\/omnitextgroup.com\/pt-br\/nossos-servicos\/consultoria-linguistica\/","og_locale":"pt_BR","og_type":"article","og_title":"Consultoria Lingu\u00edstica - OmniText Translations","og_description":"Consultoria Lingu\u00edstica A OmniText Translations tamb\u00e9m oferece um servi\u00e7o de consultoria que pode ajudar sua empresa a enfrentar os v\u00e1rios desafios que surgem ao trabalhar com pessoas que falam diferentes l\u00ednguas. Deseja se comunicar com novos fornecedores do exterior? Deseja elaborar cartas comerciais importantes para clientes estrangeiros? Precisa de ajuda para estabelecer rela\u00e7\u00f5es com a [&hellip;]","og_url":"https:\/\/omnitextgroup.com\/pt-br\/nossos-servicos\/consultoria-linguistica\/","og_site_name":"OmniText Translations","article_modified_time":"2021-10-19T21:20:02+00:00","og_image":[{"url":"http:\/\/omnitextgroup.com\/wp-content\/uploads\/2021\/07\/language-consultancy-1.jpg","type":"","width":"","height":""}],"twitter_card":"summary_large_image","twitter_misc":{"Est. tempo de leitura":"1 minuto"},"schema":{"@context":"https:\/\/schema.org","@graph":[{"@type":"WebPage","@id":"https:\/\/omnitextgroup.com\/pt-br\/nossos-servicos\/consultoria-linguistica\/","url":"https:\/\/omnitextgroup.com\/pt-br\/nossos-servicos\/consultoria-linguistica\/","name":"Consultoria Lingu\u00edstica - OmniText Translations","isPartOf":{"@id":"https:\/\/omnitextgroup.com\/pt-br\/#website"},"primaryImageOfPage":{"@id":"https:\/\/omnitextgroup.com\/pt-br\/nossos-servicos\/consultoria-linguistica\/#primaryimage"},"image":{"@id":"https:\/\/omnitextgroup.com\/pt-br\/nossos-servicos\/consultoria-linguistica\/#primaryimage"},"thumbnailUrl":"http:\/\/omnitextgroup.com\/wp-content\/uploads\/2021\/07\/language-consultancy-1.jpg","datePublished":"2021-10-19T21:19:34+00:00","dateModified":"2021-10-19T21:20:02+00:00","breadcrumb":{"@id":"https:\/\/omnitextgroup.com\/pt-br\/nossos-servicos\/consultoria-linguistica\/#breadcrumb"},"inLanguage":"pt-BR","potentialAction":[{"@type":"ReadAction","target":["https:\/\/omnitextgroup.com\/pt-br\/nossos-servicos\/consultoria-linguistica\/"]}]},{"@type":"ImageObject","inLanguage":"pt-BR","@id":"https:\/\/omnitextgroup.com\/pt-br\/nossos-servicos\/consultoria-linguistica\/#primaryimage","url":"http:\/\/omnitextgroup.com\/wp-content\/uploads\/2021\/07\/language-consultancy-1.jpg","contentUrl":"http:\/\/omnitextgroup.com\/wp-content\/uploads\/2021\/07\/language-consultancy-1.jpg"},{"@type":"BreadcrumbList","@id":"https:\/\/omnitextgroup.com\/pt-br\/nossos-servicos\/consultoria-linguistica\/#breadcrumb","itemListElement":[{"@type":"ListItem","position":1,"name":"Home","item":"https:\/\/omnitextgroup.com\/pt-br\/"},{"@type":"ListItem","position":2,"name":"Nossos Servi\u00e7os","item":"https:\/\/omnitextgroup.com\/pt-br\/our-services\/"},{"@type":"ListItem","position":3,"name":"Consultoria Lingu\u00edstica"}]},{"@type":"WebSite","@id":"https:\/\/omnitextgroup.com\/pt-br\/#website","url":"https:\/\/omnitextgroup.com\/pt-br\/","name":"OmniText Translations","description":"Go glocal!","potentialAction":[{"@type":"SearchAction","target":{"@type":"EntryPoint","urlTemplate":"https:\/\/omnitextgroup.com\/pt-br\/?s={search_term_string}"},"query-input":{"@type":"PropertyValueSpecification","valueRequired":true,"valueName":"search_term_string"}}],"inLanguage":"pt-BR"}]}},"_links":{"self":[{"href":"https:\/\/omnitextgroup.com\/pt-br\/wp-json\/wp\/v2\/pages\/6228","targetHints":{"allow":["GET"]}}],"collection":[{"href":"https:\/\/omnitextgroup.com\/pt-br\/wp-json\/wp\/v2\/pages"}],"about":[{"href":"https:\/\/omnitextgroup.com\/pt-br\/wp-json\/wp\/v2\/types\/page"}],"author":[{"embeddable":true,"href":"https:\/\/omnitextgroup.com\/pt-br\/wp-json\/wp\/v2\/users\/2"}],"replies":[{"embeddable":true,"href":"https:\/\/omnitextgroup.com\/pt-br\/wp-json\/wp\/v2\/comments?post=6228"}],"version-history":[{"count":3,"href":"https:\/\/omnitextgroup.com\/pt-br\/wp-json\/wp\/v2\/pages\/6228\/revisions"}],"predecessor-version":[{"id":6231,"href":"https:\/\/omnitextgroup.com\/pt-br\/wp-json\/wp\/v2\/pages\/6228\/revisions\/6231"}],"up":[{"embeddable":true,"href":"https:\/\/omnitextgroup.com\/pt-br\/wp-json\/wp\/v2\/pages\/6253"}],"wp:attachment":[{"href":"https:\/\/omnitextgroup.com\/pt-br\/wp-json\/wp\/v2\/media?parent=6228"}],"curies":[{"name":"wp","href":"https:\/\/api.w.org\/{rel}","templated":true}]}}