{"id":6238,"date":"2021-10-19T21:21:55","date_gmt":"2021-10-19T21:21:55","guid":{"rendered":"http:\/\/omnitextgroup.com\/localizacao-de-aplicativos-e-sites\/"},"modified":"2021-10-19T21:21:55","modified_gmt":"2021-10-19T21:21:55","slug":"localizacao-de-aplicativos-e-sites","status":"publish","type":"page","link":"https:\/\/omnitextgroup.com\/pt-br\/nossos-servicos\/localizacao-de-aplicativos-e-sites\/","title":{"rendered":"Localiza\u00e7\u00e3o de Aplicativos e Sites"},"content":{"rendered":"\t\t<div data-elementor-type=\"wp-page\" data-elementor-id=\"6238\" class=\"elementor elementor-6238 elementor-1055\">\n\t\t\t\t\t\t<section class=\"ob-is-breaking-bad elementor-section elementor-top-section elementor-element elementor-element-13f359d elementor-section-height-min-height elementor-section-content-middle elementor-section-boxed elementor-section-height-default elementor-section-items-middle\" data-id=\"13f359d\" data-element_type=\"section\" data-e-type=\"section\" data-settings=\"{&quot;background_background&quot;:&quot;classic&quot;,&quot;_ob_bbad_use_it&quot;:&quot;yes&quot;,&quot;_ob_bbad_sssic_use&quot;:&quot;no&quot;,&quot;_ob_glider_is_slider&quot;:&quot;no&quot;}\">\n\t\t\t\t\t\t\t<div class=\"elementor-background-overlay\"><\/div>\n\t\t\t\t\t\t\t<div class=\"elementor-container elementor-column-gap-default\">\n\t\t\t\t\t<div class=\"elementor-column elementor-col-100 elementor-top-column elementor-element elementor-element-47d472c4\" data-id=\"47d472c4\" data-element_type=\"column\" data-e-type=\"column\" data-settings=\"{&quot;_ob_bbad_is_stalker&quot;:&quot;no&quot;,&quot;_ob_teleporter_use&quot;:false,&quot;_ob_column_hoveranimator&quot;:&quot;no&quot;,&quot;_ob_column_has_pseudo&quot;:&quot;no&quot;}\">\n\t\t\t<div class=\"elementor-widget-wrap elementor-element-populated\">\n\t\t\t\t\t\t<div class=\"elementor-element elementor-element-1e44e44f elementor-align-center ob-has-background-overlay elementor-widget elementor-widget-breadcrumbs\" data-id=\"1e44e44f\" data-element_type=\"widget\" data-e-type=\"widget\" data-settings=\"{&quot;_ob_perspektive_use&quot;:&quot;no&quot;,&quot;_ob_poopart_use&quot;:&quot;yes&quot;,&quot;_ob_shadough_use&quot;:&quot;no&quot;,&quot;_ob_allow_hoveranimator&quot;:&quot;no&quot;,&quot;_ob_widget_stalker_use&quot;:&quot;no&quot;}\" data-widget_type=\"breadcrumbs.default\">\n\t\t\t\t<div class=\"elementor-widget-container\">\n\t\t\t\t\t<nav id=\"breadcrumbs\"><span><span><a href=\"https:\/\/omnitextgroup.com\/pt-br\/\">Home<\/a><\/span><\/span><\/nav>\t\t\t\t<\/div>\n\t\t\t\t<\/div>\n\t\t\t\t\t<\/div>\n\t\t<\/div>\n\t\t\t\t\t<\/div>\n\t\t<\/section>\n\t\t\t\t<section class=\"ob-is-breaking-bad elementor-section elementor-top-section elementor-element elementor-element-51b58073 elementor-section-boxed elementor-section-height-default elementor-section-height-default\" data-id=\"51b58073\" data-element_type=\"section\" data-e-type=\"section\" data-settings=\"{&quot;background_background&quot;:&quot;classic&quot;,&quot;_ob_bbad_use_it&quot;:&quot;yes&quot;,&quot;_ob_bbad_sssic_use&quot;:&quot;no&quot;,&quot;_ob_glider_is_slider&quot;:&quot;no&quot;}\">\n\t\t\t\t\t\t<div class=\"elementor-container elementor-column-gap-default\">\n\t\t\t\t\t<div class=\"elementor-column elementor-col-100 elementor-top-column elementor-element elementor-element-2ec6163c\" data-id=\"2ec6163c\" data-element_type=\"column\" data-e-type=\"column\" data-settings=\"{&quot;_ob_bbad_is_stalker&quot;:&quot;no&quot;,&quot;_ob_teleporter_use&quot;:false,&quot;_ob_column_hoveranimator&quot;:&quot;no&quot;,&quot;_ob_column_has_pseudo&quot;:&quot;no&quot;}\">\n\t\t\t<div class=\"elementor-widget-wrap elementor-element-populated\">\n\t\t\t\t\t\t<div class=\"elementor-element elementor-element-6745d23d ob-harakiri-inherit ob-has-background-overlay elementor-widget elementor-widget-heading\" data-id=\"6745d23d\" data-element_type=\"widget\" data-e-type=\"widget\" data-settings=\"{&quot;_ob_use_harakiri&quot;:&quot;yes&quot;,&quot;_ob_harakiri_writing_mode&quot;:&quot;inherit&quot;,&quot;_ob_harakiri_text_clip&quot;:&quot;none&quot;,&quot;_ob_perspektive_use&quot;:&quot;no&quot;,&quot;_ob_poopart_use&quot;:&quot;yes&quot;,&quot;_ob_shadough_use&quot;:&quot;no&quot;,&quot;_ob_allow_hoveranimator&quot;:&quot;no&quot;,&quot;_ob_widget_stalker_use&quot;:&quot;no&quot;}\" data-widget_type=\"heading.default\">\n\t\t\t\t<div class=\"elementor-widget-container\">\n\t\t\t\t\t<h3 class=\"elementor-heading-title elementor-size-default\">Localiza\u00e7\u00e3o de Aplicativos e Sites<\/h3>\t\t\t\t<\/div>\n\t\t\t\t<\/div>\n\t\t\t\t<div class=\"elementor-element elementor-element-44bbbfc3 elementor-widget-divider--view-line ob-has-background-overlay elementor-widget elementor-widget-divider\" data-id=\"44bbbfc3\" data-element_type=\"widget\" data-e-type=\"widget\" data-settings=\"{&quot;_ob_perspektive_use&quot;:&quot;no&quot;,&quot;_ob_poopart_use&quot;:&quot;yes&quot;,&quot;_ob_shadough_use&quot;:&quot;no&quot;,&quot;_ob_allow_hoveranimator&quot;:&quot;no&quot;,&quot;_ob_widget_stalker_use&quot;:&quot;no&quot;}\" data-widget_type=\"divider.default\">\n\t\t\t\t<div class=\"elementor-widget-container\">\n\t\t\t\t\t\t\t<div class=\"elementor-divider\">\n\t\t\t<span class=\"elementor-divider-separator\">\n\t\t\t\t\t\t<\/span>\n\t\t<\/div>\n\t\t\t\t\t\t<\/div>\n\t\t\t\t<\/div>\n\t\t\t\t<div class=\"elementor-element elementor-element-3b286042 ob-has-background-overlay elementor-widget elementor-widget-image\" data-id=\"3b286042\" data-element_type=\"widget\" data-e-type=\"widget\" data-settings=\"{&quot;_ob_photomorph_use&quot;:&quot;no&quot;,&quot;_ob_perspektive_use&quot;:&quot;no&quot;,&quot;_ob_poopart_use&quot;:&quot;yes&quot;,&quot;_ob_shadough_use&quot;:&quot;no&quot;,&quot;_ob_allow_hoveranimator&quot;:&quot;no&quot;,&quot;_ob_widget_stalker_use&quot;:&quot;no&quot;}\" data-widget_type=\"image.default\">\n\t\t\t\t<div class=\"elementor-widget-container\">\n\t\t\t\t\t\t\t\t\t\t\t\t\t\t\t<img fetchpriority=\"high\" decoding=\"async\" width=\"800\" height=\"804\" src=\"https:\/\/omnitextgroup.com\/wp-content\/uploads\/2021\/07\/app-and-web-localization-1019x1024.jpg\" class=\"attachment-large size-large wp-image-5899\" alt=\"\" srcset=\"https:\/\/omnitextgroup.com\/wp-content\/uploads\/2021\/07\/app-and-web-localization-1019x1024.jpg 1019w, https:\/\/omnitextgroup.com\/wp-content\/uploads\/2021\/07\/app-and-web-localization-150x150.jpg 150w, https:\/\/omnitextgroup.com\/wp-content\/uploads\/2021\/07\/app-and-web-localization-768x772.jpg 768w, https:\/\/omnitextgroup.com\/wp-content\/uploads\/2021\/07\/app-and-web-localization-1529x1536.jpg 1529w, https:\/\/omnitextgroup.com\/wp-content\/uploads\/2021\/07\/app-and-web-localization.jpg 1663w\" sizes=\"(max-width: 800px) 100vw, 800px\" \/>\t\t\t\t\t\t\t\t\t\t\t\t\t\t\t<\/div>\n\t\t\t\t<\/div>\n\t\t\t\t<div class=\"elementor-element elementor-element-3cd78f8c ob-harakiri-inherit ob-has-background-overlay elementor-widget elementor-widget-text-editor\" data-id=\"3cd78f8c\" data-element_type=\"widget\" data-e-type=\"widget\" data-settings=\"{&quot;_ob_use_harakiri&quot;:&quot;yes&quot;,&quot;_ob_harakiri_writing_mode&quot;:&quot;inherit&quot;,&quot;_ob_postman_use&quot;:&quot;no&quot;,&quot;_ob_perspektive_use&quot;:&quot;no&quot;,&quot;_ob_poopart_use&quot;:&quot;yes&quot;,&quot;_ob_shadough_use&quot;:&quot;no&quot;,&quot;_ob_allow_hoveranimator&quot;:&quot;no&quot;,&quot;_ob_widget_stalker_use&quot;:&quot;no&quot;}\" data-widget_type=\"text-editor.default\">\n\t\t\t\t<div class=\"elementor-widget-container\">\n\t\t\t\t\t\t\t\t\t<p>As poderosas ferramentas de design e programa\u00e7\u00e3o da atualidade oferecem \u00e0s empresas habilidades extraordin\u00e1rias. Mas todas elas se perdem se seus usu\u00e1rios ficam confusos e frustrados por conta da l\u00edngua.<\/p>\n\t\t\t\t\t\t\t\t<\/div>\n\t\t\t\t<\/div>\n\t\t\t\t<div class=\"elementor-element elementor-element-3671a807 ob-harakiri-inherit ob-has-background-overlay elementor-widget elementor-widget-text-editor\" data-id=\"3671a807\" data-element_type=\"widget\" data-e-type=\"widget\" data-settings=\"{&quot;_ob_use_harakiri&quot;:&quot;yes&quot;,&quot;_ob_harakiri_writing_mode&quot;:&quot;inherit&quot;,&quot;_ob_postman_use&quot;:&quot;no&quot;,&quot;_ob_perspektive_use&quot;:&quot;no&quot;,&quot;_ob_poopart_use&quot;:&quot;yes&quot;,&quot;_ob_shadough_use&quot;:&quot;no&quot;,&quot;_ob_allow_hoveranimator&quot;:&quot;no&quot;,&quot;_ob_widget_stalker_use&quot;:&quot;no&quot;}\" data-widget_type=\"text-editor.default\">\n\t\t\t\t<div class=\"elementor-widget-container\">\n\t\t\t\t\t\t\t\t\t<p>Precisa adaptar um software baseado na nuvem ou local para que se adeque ao idioma, \u00e0 cultura e \u00e0 legisla\u00e7\u00e3o de um local espec\u00edfico? Quer localizar um aplicativo m\u00f3vel para introduzir sua empresa em novos mercados?<br \/>Gostaria que o seu site obtivesse o mesmo sucesso observado nacionalmente no exterior? Forne\u00e7a seu endere\u00e7o web (URL) e nossos especialistas oferecer\u00e3o um or\u00e7amento personalizado. Para sites din\u00e2micos ou gerados por dados, entre em contato conosco.\u00a0<\/p>\n\t\t\t\t\t\t\t\t<\/div>\n\t\t\t\t<\/div>\n\t\t\t\t<div class=\"elementor-element elementor-element-4ddfc826 ob-harakiri-inherit ob-has-background-overlay elementor-widget elementor-widget-text-editor\" data-id=\"4ddfc826\" data-element_type=\"widget\" data-e-type=\"widget\" data-settings=\"{&quot;_ob_use_harakiri&quot;:&quot;yes&quot;,&quot;_ob_harakiri_writing_mode&quot;:&quot;inherit&quot;,&quot;_ob_postman_use&quot;:&quot;no&quot;,&quot;_ob_perspektive_use&quot;:&quot;no&quot;,&quot;_ob_poopart_use&quot;:&quot;yes&quot;,&quot;_ob_shadough_use&quot;:&quot;no&quot;,&quot;_ob_allow_hoveranimator&quot;:&quot;no&quot;,&quot;_ob_widget_stalker_use&quot;:&quot;no&quot;}\" data-widget_type=\"text-editor.default\">\n\t\t\t\t<div class=\"elementor-widget-container\">\n\t\t\t\t\t\t\t\t\t<p>Nossos localizadores especializados trabalham com software e aplicativos para diferentes plataformas, incluindo plataformas desktop (Mac, Windows, Linux etc.), plataformas m\u00f3veis (Android, iOS, Blackberry etc.) e plataformas de internet \u2013 com t\u00e9cnicas avan\u00e7adas em HTML, PHP, XML, Flash, Java, JavaScript, React JS, CGI\/Perl, entre outros.<\/p>\n\t\t\t\t\t\t\t\t<\/div>\n\t\t\t\t<\/div>\n\t\t\t\t\t<\/div>\n\t\t<\/div>\n\t\t\t\t\t<\/div>\n\t\t<\/section>\n\t\t\t\t<\/div>\n\t\t","protected":false},"excerpt":{"rendered":"<p>Localiza\u00e7\u00e3o de Aplicativos e Sites As poderosas ferramentas de design e programa\u00e7\u00e3o da atualidade oferecem \u00e0s empresas habilidades extraordin\u00e1rias. Mas todas elas se perdem se seus usu\u00e1rios ficam confusos e frustrados por conta da l\u00edngua. Precisa adaptar um software baseado na nuvem ou local para que se adeque ao idioma, \u00e0 cultura e \u00e0 legisla\u00e7\u00e3o [&hellip;]<\/p>\n","protected":false},"author":2,"featured_media":0,"parent":6253,"menu_order":0,"comment_status":"closed","ping_status":"closed","template":"","meta":{"footnotes":""},"class_list":["post-6238","page","type-page","status-publish","hentry"],"yoast_head":"<!-- This site is optimized with the Yoast SEO plugin v26.8 - https:\/\/yoast.com\/product\/yoast-seo-wordpress\/ -->\n<title>Localiza\u00e7\u00e3o de Aplicativos e Sites - OmniText Translations<\/title>\n<meta name=\"robots\" content=\"index, follow, max-snippet:-1, max-image-preview:large, max-video-preview:-1\" \/>\n<link rel=\"canonical\" href=\"https:\/\/omnitextgroup.com\/pt-br\/nossos-servicos\/localizacao-de-aplicativos-e-sites\/\" \/>\n<meta property=\"og:locale\" content=\"pt_BR\" \/>\n<meta property=\"og:type\" content=\"article\" \/>\n<meta property=\"og:title\" content=\"Localiza\u00e7\u00e3o de Aplicativos e Sites - OmniText Translations\" \/>\n<meta property=\"og:description\" content=\"Localiza\u00e7\u00e3o de Aplicativos e Sites As poderosas ferramentas de design e programa\u00e7\u00e3o da atualidade oferecem \u00e0s empresas habilidades extraordin\u00e1rias. Mas todas elas se perdem se seus usu\u00e1rios ficam confusos e frustrados por conta da l\u00edngua. Precisa adaptar um software baseado na nuvem ou local para que se adeque ao idioma, \u00e0 cultura e \u00e0 legisla\u00e7\u00e3o [&hellip;]\" \/>\n<meta property=\"og:url\" content=\"https:\/\/omnitextgroup.com\/pt-br\/nossos-servicos\/localizacao-de-aplicativos-e-sites\/\" \/>\n<meta property=\"og:site_name\" content=\"OmniText Translations\" \/>\n<meta property=\"og:image\" content=\"http:\/\/omnitextgroup.com\/wp-content\/uploads\/2021\/07\/app-and-web-localization-1019x1024.jpg\" \/>\n<meta name=\"twitter:card\" content=\"summary_large_image\" \/>\n<meta name=\"twitter:label1\" content=\"Est. tempo de leitura\" \/>\n\t<meta name=\"twitter:data1\" content=\"1 minuto\" \/>\n<script type=\"application\/ld+json\" class=\"yoast-schema-graph\">{\"@context\":\"https:\/\/schema.org\",\"@graph\":[{\"@type\":\"WebPage\",\"@id\":\"https:\/\/omnitextgroup.com\/pt-br\/nossos-servicos\/localizacao-de-aplicativos-e-sites\/\",\"url\":\"https:\/\/omnitextgroup.com\/pt-br\/nossos-servicos\/localizacao-de-aplicativos-e-sites\/\",\"name\":\"Localiza\u00e7\u00e3o de Aplicativos e Sites - OmniText Translations\",\"isPartOf\":{\"@id\":\"https:\/\/omnitextgroup.com\/pt-br\/#website\"},\"primaryImageOfPage\":{\"@id\":\"https:\/\/omnitextgroup.com\/pt-br\/nossos-servicos\/localizacao-de-aplicativos-e-sites\/#primaryimage\"},\"image\":{\"@id\":\"https:\/\/omnitextgroup.com\/pt-br\/nossos-servicos\/localizacao-de-aplicativos-e-sites\/#primaryimage\"},\"thumbnailUrl\":\"http:\/\/omnitextgroup.com\/wp-content\/uploads\/2021\/07\/app-and-web-localization-1019x1024.jpg\",\"datePublished\":\"2021-10-19T21:21:55+00:00\",\"breadcrumb\":{\"@id\":\"https:\/\/omnitextgroup.com\/pt-br\/nossos-servicos\/localizacao-de-aplicativos-e-sites\/#breadcrumb\"},\"inLanguage\":\"pt-BR\",\"potentialAction\":[{\"@type\":\"ReadAction\",\"target\":[\"https:\/\/omnitextgroup.com\/pt-br\/nossos-servicos\/localizacao-de-aplicativos-e-sites\/\"]}]},{\"@type\":\"ImageObject\",\"inLanguage\":\"pt-BR\",\"@id\":\"https:\/\/omnitextgroup.com\/pt-br\/nossos-servicos\/localizacao-de-aplicativos-e-sites\/#primaryimage\",\"url\":\"http:\/\/omnitextgroup.com\/wp-content\/uploads\/2021\/07\/app-and-web-localization-1019x1024.jpg\",\"contentUrl\":\"http:\/\/omnitextgroup.com\/wp-content\/uploads\/2021\/07\/app-and-web-localization-1019x1024.jpg\"},{\"@type\":\"BreadcrumbList\",\"@id\":\"https:\/\/omnitextgroup.com\/pt-br\/nossos-servicos\/localizacao-de-aplicativos-e-sites\/#breadcrumb\",\"itemListElement\":[{\"@type\":\"ListItem\",\"position\":1,\"name\":\"Home\",\"item\":\"https:\/\/omnitextgroup.com\/pt-br\/\"},{\"@type\":\"ListItem\",\"position\":2,\"name\":\"Nossos Servi\u00e7os\",\"item\":\"https:\/\/omnitextgroup.com\/pt-br\/our-services\/\"},{\"@type\":\"ListItem\",\"position\":3,\"name\":\"Localiza\u00e7\u00e3o de Aplicativos e Sites\"}]},{\"@type\":\"WebSite\",\"@id\":\"https:\/\/omnitextgroup.com\/pt-br\/#website\",\"url\":\"https:\/\/omnitextgroup.com\/pt-br\/\",\"name\":\"OmniText Translations\",\"description\":\"Go glocal!\",\"potentialAction\":[{\"@type\":\"SearchAction\",\"target\":{\"@type\":\"EntryPoint\",\"urlTemplate\":\"https:\/\/omnitextgroup.com\/pt-br\/?s={search_term_string}\"},\"query-input\":{\"@type\":\"PropertyValueSpecification\",\"valueRequired\":true,\"valueName\":\"search_term_string\"}}],\"inLanguage\":\"pt-BR\"}]}<\/script>\n<!-- \/ Yoast SEO plugin. -->","yoast_head_json":{"title":"Localiza\u00e7\u00e3o de Aplicativos e Sites - OmniText Translations","robots":{"index":"index","follow":"follow","max-snippet":"max-snippet:-1","max-image-preview":"max-image-preview:large","max-video-preview":"max-video-preview:-1"},"canonical":"https:\/\/omnitextgroup.com\/pt-br\/nossos-servicos\/localizacao-de-aplicativos-e-sites\/","og_locale":"pt_BR","og_type":"article","og_title":"Localiza\u00e7\u00e3o de Aplicativos e Sites - OmniText Translations","og_description":"Localiza\u00e7\u00e3o de Aplicativos e Sites As poderosas ferramentas de design e programa\u00e7\u00e3o da atualidade oferecem \u00e0s empresas habilidades extraordin\u00e1rias. Mas todas elas se perdem se seus usu\u00e1rios ficam confusos e frustrados por conta da l\u00edngua. Precisa adaptar um software baseado na nuvem ou local para que se adeque ao idioma, \u00e0 cultura e \u00e0 legisla\u00e7\u00e3o [&hellip;]","og_url":"https:\/\/omnitextgroup.com\/pt-br\/nossos-servicos\/localizacao-de-aplicativos-e-sites\/","og_site_name":"OmniText Translations","og_image":[{"url":"http:\/\/omnitextgroup.com\/wp-content\/uploads\/2021\/07\/app-and-web-localization-1019x1024.jpg","type":"","width":"","height":""}],"twitter_card":"summary_large_image","twitter_misc":{"Est. tempo de leitura":"1 minuto"},"schema":{"@context":"https:\/\/schema.org","@graph":[{"@type":"WebPage","@id":"https:\/\/omnitextgroup.com\/pt-br\/nossos-servicos\/localizacao-de-aplicativos-e-sites\/","url":"https:\/\/omnitextgroup.com\/pt-br\/nossos-servicos\/localizacao-de-aplicativos-e-sites\/","name":"Localiza\u00e7\u00e3o de Aplicativos e Sites - OmniText Translations","isPartOf":{"@id":"https:\/\/omnitextgroup.com\/pt-br\/#website"},"primaryImageOfPage":{"@id":"https:\/\/omnitextgroup.com\/pt-br\/nossos-servicos\/localizacao-de-aplicativos-e-sites\/#primaryimage"},"image":{"@id":"https:\/\/omnitextgroup.com\/pt-br\/nossos-servicos\/localizacao-de-aplicativos-e-sites\/#primaryimage"},"thumbnailUrl":"http:\/\/omnitextgroup.com\/wp-content\/uploads\/2021\/07\/app-and-web-localization-1019x1024.jpg","datePublished":"2021-10-19T21:21:55+00:00","breadcrumb":{"@id":"https:\/\/omnitextgroup.com\/pt-br\/nossos-servicos\/localizacao-de-aplicativos-e-sites\/#breadcrumb"},"inLanguage":"pt-BR","potentialAction":[{"@type":"ReadAction","target":["https:\/\/omnitextgroup.com\/pt-br\/nossos-servicos\/localizacao-de-aplicativos-e-sites\/"]}]},{"@type":"ImageObject","inLanguage":"pt-BR","@id":"https:\/\/omnitextgroup.com\/pt-br\/nossos-servicos\/localizacao-de-aplicativos-e-sites\/#primaryimage","url":"http:\/\/omnitextgroup.com\/wp-content\/uploads\/2021\/07\/app-and-web-localization-1019x1024.jpg","contentUrl":"http:\/\/omnitextgroup.com\/wp-content\/uploads\/2021\/07\/app-and-web-localization-1019x1024.jpg"},{"@type":"BreadcrumbList","@id":"https:\/\/omnitextgroup.com\/pt-br\/nossos-servicos\/localizacao-de-aplicativos-e-sites\/#breadcrumb","itemListElement":[{"@type":"ListItem","position":1,"name":"Home","item":"https:\/\/omnitextgroup.com\/pt-br\/"},{"@type":"ListItem","position":2,"name":"Nossos Servi\u00e7os","item":"https:\/\/omnitextgroup.com\/pt-br\/our-services\/"},{"@type":"ListItem","position":3,"name":"Localiza\u00e7\u00e3o de Aplicativos e Sites"}]},{"@type":"WebSite","@id":"https:\/\/omnitextgroup.com\/pt-br\/#website","url":"https:\/\/omnitextgroup.com\/pt-br\/","name":"OmniText Translations","description":"Go glocal!","potentialAction":[{"@type":"SearchAction","target":{"@type":"EntryPoint","urlTemplate":"https:\/\/omnitextgroup.com\/pt-br\/?s={search_term_string}"},"query-input":{"@type":"PropertyValueSpecification","valueRequired":true,"valueName":"search_term_string"}}],"inLanguage":"pt-BR"}]}},"_links":{"self":[{"href":"https:\/\/omnitextgroup.com\/pt-br\/wp-json\/wp\/v2\/pages\/6238","targetHints":{"allow":["GET"]}}],"collection":[{"href":"https:\/\/omnitextgroup.com\/pt-br\/wp-json\/wp\/v2\/pages"}],"about":[{"href":"https:\/\/omnitextgroup.com\/pt-br\/wp-json\/wp\/v2\/types\/page"}],"author":[{"embeddable":true,"href":"https:\/\/omnitextgroup.com\/pt-br\/wp-json\/wp\/v2\/users\/2"}],"replies":[{"embeddable":true,"href":"https:\/\/omnitextgroup.com\/pt-br\/wp-json\/wp\/v2\/comments?post=6238"}],"version-history":[{"count":1,"href":"https:\/\/omnitextgroup.com\/pt-br\/wp-json\/wp\/v2\/pages\/6238\/revisions"}],"predecessor-version":[{"id":6239,"href":"https:\/\/omnitextgroup.com\/pt-br\/wp-json\/wp\/v2\/pages\/6238\/revisions\/6239"}],"up":[{"embeddable":true,"href":"https:\/\/omnitextgroup.com\/pt-br\/wp-json\/wp\/v2\/pages\/6253"}],"wp:attachment":[{"href":"https:\/\/omnitextgroup.com\/pt-br\/wp-json\/wp\/v2\/media?parent=6238"}],"curies":[{"name":"wp","href":"https:\/\/api.w.org\/{rel}","templated":true}]}}