{"id":6242,"date":"2021-10-19T21:22:26","date_gmt":"2021-10-19T21:22:26","guid":{"rendered":"http:\/\/omnitextgroup.com\/revisao-e-editoracao\/"},"modified":"2021-10-19T21:22:26","modified_gmt":"2021-10-19T21:22:26","slug":"revisao-e-editoracao","status":"publish","type":"page","link":"https:\/\/omnitextgroup.com\/pt-br\/nossos-servicos\/revisao-e-editoracao\/","title":{"rendered":"Revis\u00e3o e Editora\u00e7\u00e3o"},"content":{"rendered":"\t\t<div data-elementor-type=\"wp-page\" data-elementor-id=\"6242\" class=\"elementor elementor-6242 elementor-1018\">\n\t\t\t\t\t\t<section class=\"ob-is-breaking-bad elementor-section elementor-top-section elementor-element elementor-element-1a330df4 elementor-section-height-min-height elementor-section-content-middle elementor-section-boxed elementor-section-height-default elementor-section-items-middle\" data-id=\"1a330df4\" data-element_type=\"section\" data-e-type=\"section\" data-settings=\"{&quot;background_background&quot;:&quot;classic&quot;,&quot;_ob_bbad_use_it&quot;:&quot;yes&quot;,&quot;_ob_bbad_sssic_use&quot;:&quot;no&quot;,&quot;_ob_glider_is_slider&quot;:&quot;no&quot;}\">\n\t\t\t\t\t\t\t<div class=\"elementor-background-overlay\"><\/div>\n\t\t\t\t\t\t\t<div class=\"elementor-container elementor-column-gap-default\">\n\t\t\t\t\t<div class=\"elementor-column elementor-col-100 elementor-top-column elementor-element elementor-element-3de5bfee\" data-id=\"3de5bfee\" data-element_type=\"column\" data-e-type=\"column\" data-settings=\"{&quot;_ob_bbad_is_stalker&quot;:&quot;no&quot;,&quot;_ob_teleporter_use&quot;:false,&quot;_ob_column_hoveranimator&quot;:&quot;no&quot;,&quot;_ob_column_has_pseudo&quot;:&quot;no&quot;}\">\n\t\t\t<div class=\"elementor-widget-wrap elementor-element-populated\">\n\t\t\t\t\t\t<div class=\"elementor-element elementor-element-16d2b0ff elementor-align-center ob-has-background-overlay elementor-widget elementor-widget-breadcrumbs\" data-id=\"16d2b0ff\" data-element_type=\"widget\" data-e-type=\"widget\" data-settings=\"{&quot;_ob_perspektive_use&quot;:&quot;no&quot;,&quot;_ob_poopart_use&quot;:&quot;yes&quot;,&quot;_ob_shadough_use&quot;:&quot;no&quot;,&quot;_ob_allow_hoveranimator&quot;:&quot;no&quot;,&quot;_ob_widget_stalker_use&quot;:&quot;no&quot;}\" data-widget_type=\"breadcrumbs.default\">\n\t\t\t\t<div class=\"elementor-widget-container\">\n\t\t\t\t\t<nav id=\"breadcrumbs\"><span><span><a href=\"https:\/\/omnitextgroup.com\/pt-br\/\">Home<\/a><\/span><\/span><\/nav>\t\t\t\t<\/div>\n\t\t\t\t<\/div>\n\t\t\t\t\t<\/div>\n\t\t<\/div>\n\t\t\t\t\t<\/div>\n\t\t<\/section>\n\t\t\t\t<section class=\"ob-is-breaking-bad elementor-section elementor-top-section elementor-element elementor-element-31ef9b6b elementor-section-boxed elementor-section-height-default elementor-section-height-default\" data-id=\"31ef9b6b\" data-element_type=\"section\" data-e-type=\"section\" data-settings=\"{&quot;background_background&quot;:&quot;classic&quot;,&quot;_ob_bbad_use_it&quot;:&quot;yes&quot;,&quot;_ob_bbad_sssic_use&quot;:&quot;no&quot;,&quot;_ob_glider_is_slider&quot;:&quot;no&quot;}\">\n\t\t\t\t\t\t<div class=\"elementor-container elementor-column-gap-default\">\n\t\t\t\t\t<div class=\"elementor-column elementor-col-100 elementor-top-column elementor-element elementor-element-6341890a\" data-id=\"6341890a\" data-element_type=\"column\" data-e-type=\"column\" data-settings=\"{&quot;_ob_bbad_is_stalker&quot;:&quot;no&quot;,&quot;_ob_teleporter_use&quot;:false,&quot;_ob_column_hoveranimator&quot;:&quot;no&quot;,&quot;_ob_column_has_pseudo&quot;:&quot;no&quot;}\">\n\t\t\t<div class=\"elementor-widget-wrap elementor-element-populated\">\n\t\t\t\t\t\t<div class=\"elementor-element elementor-element-c602ab2 ob-harakiri-inherit ob-has-background-overlay elementor-widget elementor-widget-heading\" data-id=\"c602ab2\" data-element_type=\"widget\" data-e-type=\"widget\" data-settings=\"{&quot;_ob_use_harakiri&quot;:&quot;yes&quot;,&quot;_ob_harakiri_writing_mode&quot;:&quot;inherit&quot;,&quot;_ob_harakiri_text_clip&quot;:&quot;none&quot;,&quot;_ob_perspektive_use&quot;:&quot;no&quot;,&quot;_ob_poopart_use&quot;:&quot;yes&quot;,&quot;_ob_shadough_use&quot;:&quot;no&quot;,&quot;_ob_allow_hoveranimator&quot;:&quot;no&quot;,&quot;_ob_widget_stalker_use&quot;:&quot;no&quot;}\" data-widget_type=\"heading.default\">\n\t\t\t\t<div class=\"elementor-widget-container\">\n\t\t\t\t\t<h3 class=\"elementor-heading-title elementor-size-default\">Revis\u00e3o e Editora\u00e7\u00e3o<\/h3>\t\t\t\t<\/div>\n\t\t\t\t<\/div>\n\t\t\t\t<div class=\"elementor-element elementor-element-13aa0843 elementor-widget-divider--view-line ob-has-background-overlay elementor-widget elementor-widget-divider\" data-id=\"13aa0843\" data-element_type=\"widget\" data-e-type=\"widget\" data-settings=\"{&quot;_ob_perspektive_use&quot;:&quot;no&quot;,&quot;_ob_poopart_use&quot;:&quot;yes&quot;,&quot;_ob_shadough_use&quot;:&quot;no&quot;,&quot;_ob_allow_hoveranimator&quot;:&quot;no&quot;,&quot;_ob_widget_stalker_use&quot;:&quot;no&quot;}\" data-widget_type=\"divider.default\">\n\t\t\t\t<div class=\"elementor-widget-container\">\n\t\t\t\t\t\t\t<div class=\"elementor-divider\">\n\t\t\t<span class=\"elementor-divider-separator\">\n\t\t\t\t\t\t<\/span>\n\t\t<\/div>\n\t\t\t\t\t\t<\/div>\n\t\t\t\t<\/div>\n\t\t\t\t<div class=\"elementor-element elementor-element-5feac1b2 ob-has-background-overlay elementor-widget elementor-widget-image\" data-id=\"5feac1b2\" data-element_type=\"widget\" data-e-type=\"widget\" data-settings=\"{&quot;_ob_photomorph_use&quot;:&quot;no&quot;,&quot;_ob_perspektive_use&quot;:&quot;no&quot;,&quot;_ob_poopart_use&quot;:&quot;yes&quot;,&quot;_ob_shadough_use&quot;:&quot;no&quot;,&quot;_ob_allow_hoveranimator&quot;:&quot;no&quot;,&quot;_ob_widget_stalker_use&quot;:&quot;no&quot;}\" data-widget_type=\"image.default\">\n\t\t\t\t<div class=\"elementor-widget-container\">\n\t\t\t\t\t\t\t\t\t\t\t\t\t\t\t<img fetchpriority=\"high\" decoding=\"async\" width=\"800\" height=\"810\" src=\"https:\/\/omnitextgroup.com\/wp-content\/uploads\/2021\/07\/Screenshot_27.png\" class=\"attachment-large size-large wp-image-5859\" alt=\"\" srcset=\"https:\/\/omnitextgroup.com\/wp-content\/uploads\/2021\/07\/Screenshot_27.png 873w, https:\/\/omnitextgroup.com\/wp-content\/uploads\/2021\/07\/Screenshot_27-296x300.png 296w, https:\/\/omnitextgroup.com\/wp-content\/uploads\/2021\/07\/Screenshot_27-768x778.png 768w\" sizes=\"(max-width: 800px) 100vw, 800px\" \/>\t\t\t\t\t\t\t\t\t\t\t\t\t\t\t<\/div>\n\t\t\t\t<\/div>\n\t\t\t\t<div class=\"elementor-element elementor-element-30ce47a2 ob-harakiri-inherit ob-has-background-overlay elementor-widget elementor-widget-text-editor\" data-id=\"30ce47a2\" data-element_type=\"widget\" data-e-type=\"widget\" data-settings=\"{&quot;_ob_use_harakiri&quot;:&quot;yes&quot;,&quot;_ob_harakiri_writing_mode&quot;:&quot;inherit&quot;,&quot;_ob_postman_use&quot;:&quot;no&quot;,&quot;_ob_perspektive_use&quot;:&quot;no&quot;,&quot;_ob_poopart_use&quot;:&quot;yes&quot;,&quot;_ob_shadough_use&quot;:&quot;no&quot;,&quot;_ob_allow_hoveranimator&quot;:&quot;no&quot;,&quot;_ob_widget_stalker_use&quot;:&quot;no&quot;}\" data-widget_type=\"text-editor.default\">\n\t\t\t\t<div class=\"elementor-widget-container\">\n\t\t\t\t\t\t\t\t\t<p>Embora todas as nossas tradu\u00e7\u00f5es incluam revis\u00e3o, voc\u00ea tamb\u00e9m pode contratar nossos revisores e editores nativos como um servi\u00e7o separado (para documentos traduzidos ou n\u00e3o).<\/p>\n\t\t\t\t\t\t\t\t<\/div>\n\t\t\t\t<\/div>\n\t\t\t\t<div class=\"elementor-element elementor-element-4b654f9c ob-harakiri-inherit ob-has-background-overlay elementor-widget elementor-widget-text-editor\" data-id=\"4b654f9c\" data-element_type=\"widget\" data-e-type=\"widget\" data-settings=\"{&quot;_ob_use_harakiri&quot;:&quot;yes&quot;,&quot;_ob_harakiri_writing_mode&quot;:&quot;inherit&quot;,&quot;_ob_postman_use&quot;:&quot;no&quot;,&quot;_ob_perspektive_use&quot;:&quot;no&quot;,&quot;_ob_poopart_use&quot;:&quot;yes&quot;,&quot;_ob_shadough_use&quot;:&quot;no&quot;,&quot;_ob_allow_hoveranimator&quot;:&quot;no&quot;,&quot;_ob_widget_stalker_use&quot;:&quot;no&quot;}\" data-widget_type=\"text-editor.default\">\n\t\t\t\t<div class=\"elementor-widget-container\">\n\t\t\t\t\t\t\t\t\t<p>Mas voc\u00ea precisa de um revisor ou de um editor? Ambos, na verdade, diferem-se em dois diferentes n\u00edveis de verifica\u00e7\u00e3o de documentos.\u00a0<\/p>\n\t\t\t\t\t\t\t\t<\/div>\n\t\t\t\t<\/div>\n\t\t\t\t<div class=\"elementor-element elementor-element-3468abce ob-harakiri-inherit ob-has-background-overlay elementor-widget elementor-widget-text-editor\" data-id=\"3468abce\" data-element_type=\"widget\" data-e-type=\"widget\" data-settings=\"{&quot;_ob_use_harakiri&quot;:&quot;yes&quot;,&quot;_ob_harakiri_writing_mode&quot;:&quot;inherit&quot;,&quot;_ob_postman_use&quot;:&quot;no&quot;,&quot;_ob_perspektive_use&quot;:&quot;no&quot;,&quot;_ob_poopart_use&quot;:&quot;yes&quot;,&quot;_ob_shadough_use&quot;:&quot;no&quot;,&quot;_ob_allow_hoveranimator&quot;:&quot;no&quot;,&quot;_ob_widget_stalker_use&quot;:&quot;no&quot;}\" data-widget_type=\"text-editor.default\">\n\t\t\t\t<div class=\"elementor-widget-container\">\n\t\t\t\t\t\t\t\t\t<div>A revis\u00e3o \u00e9 uma verifica\u00e7\u00e3o a n\u00edvel superficial, a qual est\u00e1 voltada \u00e0 an\u00e1lise de documentos j\u00e1 finalizados, certificando-se, dessa forma, de que n\u00e3o haja qualquer erro ortogr\u00e1fico, de pontua\u00e7\u00e3o, gramatical ou de digita\u00e7\u00e3o. A editora\u00e7\u00e3o, por sua vez, define-se como uma revis\u00e3o aprofundada tanto do conte\u00fado traduzido quanto do documento original, comparando-os para encontrar quaisquer erros de tradu\u00e7\u00e3o, interpreta\u00e7\u00f5es imprecisas, inconsist\u00eancias terminol\u00f3gicas ou problemas de estilo. Melhoramos, ademais, a consist\u00eancia geral, a flu\u00eancia lingu\u00edstica e a qualidade da escrita.\u00a0<\/div>\n\t\t\t\t\t\t\t\t<\/div>\n\t\t\t\t<\/div>\n\t\t\t\t<div class=\"elementor-element elementor-element-52fefb90 ob-harakiri-inherit ob-has-background-overlay elementor-widget elementor-widget-text-editor\" data-id=\"52fefb90\" data-element_type=\"widget\" data-e-type=\"widget\" data-settings=\"{&quot;_ob_use_harakiri&quot;:&quot;yes&quot;,&quot;_ob_harakiri_writing_mode&quot;:&quot;inherit&quot;,&quot;_ob_postman_use&quot;:&quot;no&quot;,&quot;_ob_perspektive_use&quot;:&quot;no&quot;,&quot;_ob_poopart_use&quot;:&quot;yes&quot;,&quot;_ob_shadough_use&quot;:&quot;no&quot;,&quot;_ob_allow_hoveranimator&quot;:&quot;no&quot;,&quot;_ob_widget_stalker_use&quot;:&quot;no&quot;}\" data-widget_type=\"text-editor.default\">\n\t\t\t\t<div class=\"elementor-widget-container\">\n\t\t\t\t\t\t\t\t\t<p>Nosso principal objetivo \u00e9 preservar a sua voz enquanto transformamos suas ideias em conte\u00fado bem escrito. <\/p>\n\t\t\t\t\t\t\t\t<\/div>\n\t\t\t\t<\/div>\n\t\t\t\t<div class=\"elementor-element elementor-element-daa5a99 ob-harakiri-inherit ob-has-background-overlay elementor-widget elementor-widget-text-editor\" data-id=\"daa5a99\" data-element_type=\"widget\" data-e-type=\"widget\" data-settings=\"{&quot;_ob_use_harakiri&quot;:&quot;yes&quot;,&quot;_ob_harakiri_writing_mode&quot;:&quot;inherit&quot;,&quot;_ob_postman_use&quot;:&quot;no&quot;,&quot;_ob_perspektive_use&quot;:&quot;no&quot;,&quot;_ob_poopart_use&quot;:&quot;yes&quot;,&quot;_ob_shadough_use&quot;:&quot;no&quot;,&quot;_ob_allow_hoveranimator&quot;:&quot;no&quot;,&quot;_ob_widget_stalker_use&quot;:&quot;no&quot;}\" data-widget_type=\"text-editor.default\">\n\t\t\t\t<div class=\"elementor-widget-container\">\n\t\t\t\t\t\t\t\t\t<p>Toda revis\u00e3o e editora\u00e7\u00e3o s\u00e3o realizadas por um especialista na l\u00edngua nativa, garantindo, assim, que cada documento atenda, sempre, ao compromisso da OmniText Translations com a melhor qualidade.<\/p>\n\t\t\t\t\t\t\t\t<\/div>\n\t\t\t\t<\/div>\n\t\t\t\t\t<\/div>\n\t\t<\/div>\n\t\t\t\t\t<\/div>\n\t\t<\/section>\n\t\t\t\t<\/div>\n\t\t","protected":false},"excerpt":{"rendered":"<p>Revis\u00e3o e Editora\u00e7\u00e3o Embora todas as nossas tradu\u00e7\u00f5es incluam revis\u00e3o, voc\u00ea tamb\u00e9m pode contratar nossos revisores e editores nativos como um servi\u00e7o separado (para documentos traduzidos ou n\u00e3o). Mas voc\u00ea precisa de um revisor ou de um editor? Ambos, na verdade, diferem-se em dois diferentes n\u00edveis de verifica\u00e7\u00e3o de documentos.\u00a0 A revis\u00e3o \u00e9 uma verifica\u00e7\u00e3o [&hellip;]<\/p>\n","protected":false},"author":2,"featured_media":0,"parent":6253,"menu_order":0,"comment_status":"closed","ping_status":"closed","template":"elementor_header_footer","meta":{"footnotes":""},"class_list":["post-6242","page","type-page","status-publish","hentry"],"yoast_head":"<!-- This site is optimized with the Yoast SEO plugin v26.8 - https:\/\/yoast.com\/product\/yoast-seo-wordpress\/ -->\n<title>Revis\u00e3o e Editora\u00e7\u00e3o - OmniText Translations<\/title>\n<meta name=\"robots\" content=\"index, follow, max-snippet:-1, max-image-preview:large, max-video-preview:-1\" \/>\n<link rel=\"canonical\" href=\"https:\/\/omnitextgroup.com\/pt-br\/nossos-servicos\/revisao-e-editoracao\/\" \/>\n<meta property=\"og:locale\" content=\"pt_BR\" \/>\n<meta property=\"og:type\" content=\"article\" \/>\n<meta property=\"og:title\" content=\"Revis\u00e3o e Editora\u00e7\u00e3o - OmniText Translations\" \/>\n<meta property=\"og:description\" content=\"Revis\u00e3o e Editora\u00e7\u00e3o Embora todas as nossas tradu\u00e7\u00f5es incluam revis\u00e3o, voc\u00ea tamb\u00e9m pode contratar nossos revisores e editores nativos como um servi\u00e7o separado (para documentos traduzidos ou n\u00e3o). Mas voc\u00ea precisa de um revisor ou de um editor? Ambos, na verdade, diferem-se em dois diferentes n\u00edveis de verifica\u00e7\u00e3o de documentos.\u00a0 A revis\u00e3o \u00e9 uma verifica\u00e7\u00e3o [&hellip;]\" \/>\n<meta property=\"og:url\" content=\"https:\/\/omnitextgroup.com\/pt-br\/nossos-servicos\/revisao-e-editoracao\/\" \/>\n<meta property=\"og:site_name\" content=\"OmniText Translations\" \/>\n<meta property=\"og:image\" content=\"http:\/\/omnitextgroup.com\/wp-content\/uploads\/2021\/07\/Screenshot_27.png\" \/>\n<meta name=\"twitter:card\" content=\"summary_large_image\" \/>\n<meta name=\"twitter:label1\" content=\"Est. tempo de leitura\" \/>\n\t<meta name=\"twitter:data1\" content=\"1 minuto\" \/>\n<script type=\"application\/ld+json\" class=\"yoast-schema-graph\">{\"@context\":\"https:\/\/schema.org\",\"@graph\":[{\"@type\":\"WebPage\",\"@id\":\"https:\/\/omnitextgroup.com\/pt-br\/nossos-servicos\/revisao-e-editoracao\/\",\"url\":\"https:\/\/omnitextgroup.com\/pt-br\/nossos-servicos\/revisao-e-editoracao\/\",\"name\":\"Revis\u00e3o e Editora\u00e7\u00e3o - OmniText Translations\",\"isPartOf\":{\"@id\":\"https:\/\/omnitextgroup.com\/pt-br\/#website\"},\"primaryImageOfPage\":{\"@id\":\"https:\/\/omnitextgroup.com\/pt-br\/nossos-servicos\/revisao-e-editoracao\/#primaryimage\"},\"image\":{\"@id\":\"https:\/\/omnitextgroup.com\/pt-br\/nossos-servicos\/revisao-e-editoracao\/#primaryimage\"},\"thumbnailUrl\":\"http:\/\/omnitextgroup.com\/wp-content\/uploads\/2021\/07\/Screenshot_27.png\",\"datePublished\":\"2021-10-19T21:22:26+00:00\",\"breadcrumb\":{\"@id\":\"https:\/\/omnitextgroup.com\/pt-br\/nossos-servicos\/revisao-e-editoracao\/#breadcrumb\"},\"inLanguage\":\"pt-BR\",\"potentialAction\":[{\"@type\":\"ReadAction\",\"target\":[\"https:\/\/omnitextgroup.com\/pt-br\/nossos-servicos\/revisao-e-editoracao\/\"]}]},{\"@type\":\"ImageObject\",\"inLanguage\":\"pt-BR\",\"@id\":\"https:\/\/omnitextgroup.com\/pt-br\/nossos-servicos\/revisao-e-editoracao\/#primaryimage\",\"url\":\"http:\/\/omnitextgroup.com\/wp-content\/uploads\/2021\/07\/Screenshot_27.png\",\"contentUrl\":\"http:\/\/omnitextgroup.com\/wp-content\/uploads\/2021\/07\/Screenshot_27.png\"},{\"@type\":\"BreadcrumbList\",\"@id\":\"https:\/\/omnitextgroup.com\/pt-br\/nossos-servicos\/revisao-e-editoracao\/#breadcrumb\",\"itemListElement\":[{\"@type\":\"ListItem\",\"position\":1,\"name\":\"Home\",\"item\":\"https:\/\/omnitextgroup.com\/pt-br\/\"},{\"@type\":\"ListItem\",\"position\":2,\"name\":\"Nossos Servi\u00e7os\",\"item\":\"https:\/\/omnitextgroup.com\/pt-br\/our-services\/\"},{\"@type\":\"ListItem\",\"position\":3,\"name\":\"Revis\u00e3o e Editora\u00e7\u00e3o\"}]},{\"@type\":\"WebSite\",\"@id\":\"https:\/\/omnitextgroup.com\/pt-br\/#website\",\"url\":\"https:\/\/omnitextgroup.com\/pt-br\/\",\"name\":\"OmniText Translations\",\"description\":\"Go glocal!\",\"potentialAction\":[{\"@type\":\"SearchAction\",\"target\":{\"@type\":\"EntryPoint\",\"urlTemplate\":\"https:\/\/omnitextgroup.com\/pt-br\/?s={search_term_string}\"},\"query-input\":{\"@type\":\"PropertyValueSpecification\",\"valueRequired\":true,\"valueName\":\"search_term_string\"}}],\"inLanguage\":\"pt-BR\"}]}<\/script>\n<!-- \/ Yoast SEO plugin. -->","yoast_head_json":{"title":"Revis\u00e3o e Editora\u00e7\u00e3o - OmniText Translations","robots":{"index":"index","follow":"follow","max-snippet":"max-snippet:-1","max-image-preview":"max-image-preview:large","max-video-preview":"max-video-preview:-1"},"canonical":"https:\/\/omnitextgroup.com\/pt-br\/nossos-servicos\/revisao-e-editoracao\/","og_locale":"pt_BR","og_type":"article","og_title":"Revis\u00e3o e Editora\u00e7\u00e3o - OmniText Translations","og_description":"Revis\u00e3o e Editora\u00e7\u00e3o Embora todas as nossas tradu\u00e7\u00f5es incluam revis\u00e3o, voc\u00ea tamb\u00e9m pode contratar nossos revisores e editores nativos como um servi\u00e7o separado (para documentos traduzidos ou n\u00e3o). Mas voc\u00ea precisa de um revisor ou de um editor? Ambos, na verdade, diferem-se em dois diferentes n\u00edveis de verifica\u00e7\u00e3o de documentos.\u00a0 A revis\u00e3o \u00e9 uma verifica\u00e7\u00e3o [&hellip;]","og_url":"https:\/\/omnitextgroup.com\/pt-br\/nossos-servicos\/revisao-e-editoracao\/","og_site_name":"OmniText Translations","og_image":[{"url":"http:\/\/omnitextgroup.com\/wp-content\/uploads\/2021\/07\/Screenshot_27.png","type":"","width":"","height":""}],"twitter_card":"summary_large_image","twitter_misc":{"Est. tempo de leitura":"1 minuto"},"schema":{"@context":"https:\/\/schema.org","@graph":[{"@type":"WebPage","@id":"https:\/\/omnitextgroup.com\/pt-br\/nossos-servicos\/revisao-e-editoracao\/","url":"https:\/\/omnitextgroup.com\/pt-br\/nossos-servicos\/revisao-e-editoracao\/","name":"Revis\u00e3o e Editora\u00e7\u00e3o - OmniText Translations","isPartOf":{"@id":"https:\/\/omnitextgroup.com\/pt-br\/#website"},"primaryImageOfPage":{"@id":"https:\/\/omnitextgroup.com\/pt-br\/nossos-servicos\/revisao-e-editoracao\/#primaryimage"},"image":{"@id":"https:\/\/omnitextgroup.com\/pt-br\/nossos-servicos\/revisao-e-editoracao\/#primaryimage"},"thumbnailUrl":"http:\/\/omnitextgroup.com\/wp-content\/uploads\/2021\/07\/Screenshot_27.png","datePublished":"2021-10-19T21:22:26+00:00","breadcrumb":{"@id":"https:\/\/omnitextgroup.com\/pt-br\/nossos-servicos\/revisao-e-editoracao\/#breadcrumb"},"inLanguage":"pt-BR","potentialAction":[{"@type":"ReadAction","target":["https:\/\/omnitextgroup.com\/pt-br\/nossos-servicos\/revisao-e-editoracao\/"]}]},{"@type":"ImageObject","inLanguage":"pt-BR","@id":"https:\/\/omnitextgroup.com\/pt-br\/nossos-servicos\/revisao-e-editoracao\/#primaryimage","url":"http:\/\/omnitextgroup.com\/wp-content\/uploads\/2021\/07\/Screenshot_27.png","contentUrl":"http:\/\/omnitextgroup.com\/wp-content\/uploads\/2021\/07\/Screenshot_27.png"},{"@type":"BreadcrumbList","@id":"https:\/\/omnitextgroup.com\/pt-br\/nossos-servicos\/revisao-e-editoracao\/#breadcrumb","itemListElement":[{"@type":"ListItem","position":1,"name":"Home","item":"https:\/\/omnitextgroup.com\/pt-br\/"},{"@type":"ListItem","position":2,"name":"Nossos Servi\u00e7os","item":"https:\/\/omnitextgroup.com\/pt-br\/our-services\/"},{"@type":"ListItem","position":3,"name":"Revis\u00e3o e Editora\u00e7\u00e3o"}]},{"@type":"WebSite","@id":"https:\/\/omnitextgroup.com\/pt-br\/#website","url":"https:\/\/omnitextgroup.com\/pt-br\/","name":"OmniText Translations","description":"Go glocal!","potentialAction":[{"@type":"SearchAction","target":{"@type":"EntryPoint","urlTemplate":"https:\/\/omnitextgroup.com\/pt-br\/?s={search_term_string}"},"query-input":{"@type":"PropertyValueSpecification","valueRequired":true,"valueName":"search_term_string"}}],"inLanguage":"pt-BR"}]}},"_links":{"self":[{"href":"https:\/\/omnitextgroup.com\/pt-br\/wp-json\/wp\/v2\/pages\/6242","targetHints":{"allow":["GET"]}}],"collection":[{"href":"https:\/\/omnitextgroup.com\/pt-br\/wp-json\/wp\/v2\/pages"}],"about":[{"href":"https:\/\/omnitextgroup.com\/pt-br\/wp-json\/wp\/v2\/types\/page"}],"author":[{"embeddable":true,"href":"https:\/\/omnitextgroup.com\/pt-br\/wp-json\/wp\/v2\/users\/2"}],"replies":[{"embeddable":true,"href":"https:\/\/omnitextgroup.com\/pt-br\/wp-json\/wp\/v2\/comments?post=6242"}],"version-history":[{"count":1,"href":"https:\/\/omnitextgroup.com\/pt-br\/wp-json\/wp\/v2\/pages\/6242\/revisions"}],"predecessor-version":[{"id":6243,"href":"https:\/\/omnitextgroup.com\/pt-br\/wp-json\/wp\/v2\/pages\/6242\/revisions\/6243"}],"up":[{"embeddable":true,"href":"https:\/\/omnitextgroup.com\/pt-br\/wp-json\/wp\/v2\/pages\/6253"}],"wp:attachment":[{"href":"https:\/\/omnitextgroup.com\/pt-br\/wp-json\/wp\/v2\/media?parent=6242"}],"curies":[{"name":"wp","href":"https:\/\/api.w.org\/{rel}","templated":true}]}}